{"id":927,"date":"2024-03-19T11:29:10","date_gmt":"2024-03-19T14:29:10","guid":{"rendered":"https:\/\/fundacaofhc.org.br\/interage\/?page_id=927"},"modified":"2024-03-27T16:25:31","modified_gmt":"2024-03-27T19:25:31","slug":"nicaraguauna-dictadura-sin-fin","status":"publish","type":"page","link":"https:\/\/fundacaofhc.org.br\/interage\/lps\/nicaraguauna-dictadura-sin-fin\/","title":{"rendered":"Nicaragua:<br>\u00bfuna dictadura sin fin?"},"content":{"rendered":"<p class=\"blocoAzul\" style=\"font-family: Figtree, sans-serif; font-size: 15px; font-weight: 500; color: #ffffff; line-height: 24px; text-align: justify; margin-bottom:20px\">En 2024 se cumplen 45 a\u00f1os de la Revoluci\u00f3n Sandinista, que puso fin a una de las dictaduras latinoamericanas m\u00e1s longevas, ejercida desde 1936 por miembros de la misma familia, y que despert\u00f3 nuevamente las esperanzas en una revoluci\u00f3n popular y democr\u00e1tica en Am\u00e9rica Latina. Estas esperanzas terminaron frustr\u00e1ndose.\u00a0Nicaragua es hoy una dictadura dirigida por uno de los principales l\u00edderes de lo que fue el Frente Sandinista de Liberaci\u00f3n Nacional, Daniel Ortega. En t\u00e9rminos de supresi\u00f3n de las libertades democr\u00e1ticas y violaci\u00f3n de los derechos humanos, el r\u00e9gimen actual no le debe nada a la dictadura de la familia Somoza.<\/p>\n<p class=\"blocoAzul\" style=\"font-family: Figtree, sans-serif; font-size: 15px; font-weight: 500; color: #ffffff; line-height: 24px; text-align: justify; margin-bottom:20px\">\u00bfQu\u00e9 factores llevaron a\u00a0Nicaragua\u00a0nuevamente a la dictadura? \u00bfQu\u00e9 caminos se presentan hoy para que el pa\u00eds se libere de un r\u00e9gimen brutal de opresi\u00f3n? \u00bfCu\u00e1l es el papel de los dem\u00e1s pa\u00edses, en general, y de los latinoamericanos, en particular, en una eventual transici\u00f3n a la democracia?<\/p>\n<p class=\"blocoAzul\" style=\"font-family: Figtree, sans-serif; font-size: 15px; font-weight: 500; color: #ffffff; line-height: 24px; text-align: justify; margin-bottom:20px\">Para debatir estas cuestiones, la\u00a0<strong><em>Funda\u00e7\u00e3o Fernando Henrique Cardoso<\/em><\/strong>, el\u00a0<strong>Centro\u00a0para la<\/strong>\u00a0<strong>Apertura y el Desarrollo de Am\u00e9rica Latina<\/strong>\u00a0(<strong>CADAL<\/strong>) y la\u00a0<strong>Fundaci\u00f3n Puentes para el Desarrollo de Centroam\u00e9rica<\/strong>\u00a0invitaron a los exdiputados nicarag\u00fcenses\u00a0<strong>Enrique S\u00e1enz<\/strong>\u00a0y\u00a0<strong>M\u00f3nica Baltodano<\/strong>.<\/p>\n","protected":false},"excerpt":{"rendered":"<p>En 2024 se cumplen 45 a\u00f1os de la Revoluci\u00f3n Sandinista, que puso fin a una de las dictaduras latinoamericanas m\u00e1s longevas, ejercida desde 1936 por miembros de la misma familia, y que despert\u00f3 nuevamente las esperanzas en una revoluci\u00f3n popular y democr\u00e1tica en Am\u00e9rica Latina. Estas esperanzas terminaron frustr\u00e1ndose.\u00a0Nicaragua es hoy una dictadura dirigida por [&hellip;]<\/p>\n","protected":false},"author":3,"featured_media":960,"parent":211,"menu_order":0,"comment_status":"closed","ping_status":"closed","template":"template-landing-sem-logo.php","meta":{"inline_featured_image":false,"footnotes":""},"class_list":["post-927","page","type-page","status-publish","has-post-thumbnail","hentry"],"acf":[],"wps_subtitle":"ZOOM","_links":{"self":[{"href":"https:\/\/fundacaofhc.org.br\/interage\/wp-json\/wp\/v2\/pages\/927","targetHints":{"allow":["GET"]}}],"collection":[{"href":"https:\/\/fundacaofhc.org.br\/interage\/wp-json\/wp\/v2\/pages"}],"about":[{"href":"https:\/\/fundacaofhc.org.br\/interage\/wp-json\/wp\/v2\/types\/page"}],"author":[{"embeddable":true,"href":"https:\/\/fundacaofhc.org.br\/interage\/wp-json\/wp\/v2\/users\/3"}],"replies":[{"embeddable":true,"href":"https:\/\/fundacaofhc.org.br\/interage\/wp-json\/wp\/v2\/comments?post=927"}],"version-history":[{"count":8,"href":"https:\/\/fundacaofhc.org.br\/interage\/wp-json\/wp\/v2\/pages\/927\/revisions"}],"predecessor-version":[{"id":998,"href":"https:\/\/fundacaofhc.org.br\/interage\/wp-json\/wp\/v2\/pages\/927\/revisions\/998"}],"up":[{"embeddable":true,"href":"https:\/\/fundacaofhc.org.br\/interage\/wp-json\/wp\/v2\/pages\/211"}],"wp:featuredmedia":[{"embeddable":true,"href":"https:\/\/fundacaofhc.org.br\/interage\/wp-json\/wp\/v2\/media\/960"}],"wp:attachment":[{"href":"https:\/\/fundacaofhc.org.br\/interage\/wp-json\/wp\/v2\/media?parent=927"}],"curies":[{"name":"wp","href":"https:\/\/api.w.org\/{rel}","templated":true}]}}