{"id":839,"date":"2024-03-07T14:55:43","date_gmt":"2024-03-07T17:55:43","guid":{"rendered":"https:\/\/fundacaofhc.org.br\/interage\/?page_id=839"},"modified":"2024-03-28T09:46:38","modified_gmt":"2024-03-28T12:46:38","slug":"a-ascensao-da-extrema-direita-na-europa-e-a-resposta-socialdemocrata-com-manuel-castells-2","status":"publish","type":"page","link":"https:\/\/fundacaofhc.org.br\/interage\/lps\/a-ascensao-da-extrema-direita-na-europa-e-a-resposta-socialdemocrata-com-manuel-castells-2\/","title":{"rendered":"A ascens\u00e3o da extrema direita na Europa e a resposta socialdemocrata, com Manuel Castells"},"content":{"rendered":"<p class=\"blocoAzul\" style=\"font-family: Figtree, sans-serif; font-size: 15px; font-weight: 500; color: #ffffff; line-height: 24px; text-align: justify; margin-bottom:20px\">Poucos cientistas sociais contempor\u00e2neos produziram, dentro e fora da academia, um impacto t\u00e3o duradouro quanto o que <strong>Manuel\u00a0Castells<\/strong>\u00a0provocou com sua extensa obra e intensa participa\u00e7\u00e3o no debate p\u00fablico. A \u2018Era da Informa\u00e7\u00e3o: Economia, Sociedade e Cultura\u2019 \u00e9 uma contribui\u00e7\u00e3o decisiva para a compreens\u00e3o das transforma\u00e7\u00f5es nas estruturas de poder e nas identidades pol\u00edticas em meio \u00e0 forma\u00e7\u00e3o de sociedades em rede, em escala global. Nessa trilogia de livros publicada em meados da d\u00e9cada de 90, ele antecipou\u00a0tend\u00eancias que iriam se acentuar nas d\u00e9cadas seguintes.<\/p>\n<p class=\"blocoAzul\" style=\"font-family: Figtree, sans-serif; font-size: 15px; font-weight: 500; color: #ffffff; line-height: 24px; text-align: justify; margin-bottom:20px\">Amigo de longa data do presidente Fernando Henrique, de quem foi aluno, e de Ruth Cardoso, n\u00e3o poderia haver melhor convidado para abrir a s\u00e9rie de eventos em comemora\u00e7\u00e3o aos <strong>20 anos de exist\u00eancia da Funda\u00e7\u00e3o FHC<\/strong>.<\/p>\n<p class=\"blocoAzul\" style=\"font-family: Figtree, sans-serif; font-size: 15px; font-weight: 500; color: #ffffff; line-height: 24px; text-align: justify; margin-bottom:20px\">Assim, \u00e9 com alegria que anunciamos a realiza\u00e7\u00e3o deste semin\u00e1rio, no qual Castells tratar\u00e1 do tema \u2018<em>El ascenso de la extrema derecha en Europa y la respuesta socialdemocrata<\/em>\u2019.<\/p>\n","protected":false},"excerpt":{"rendered":"<p>Poucos cientistas sociais contempor\u00e2neos produziram, dentro e fora da academia, um impacto t\u00e3o duradouro quanto o que Manuel\u00a0Castells\u00a0provocou com sua extensa obra e intensa participa\u00e7\u00e3o no debate p\u00fablico. A \u2018Era da Informa\u00e7\u00e3o: Economia, Sociedade e Cultura\u2019 \u00e9 uma contribui\u00e7\u00e3o decisiva para a compreens\u00e3o das transforma\u00e7\u00f5es nas estruturas de poder e nas identidades pol\u00edticas em meio [&hellip;]<\/p>\n","protected":false},"author":3,"featured_media":807,"parent":211,"menu_order":0,"comment_status":"closed","ping_status":"closed","template":"template-landing-2024.php","meta":{"inline_featured_image":false,"footnotes":""},"class_list":["post-839","page","type-page","status-publish","has-post-thumbnail","hentry"],"acf":[],"wps_subtitle":"ZOOM","_links":{"self":[{"href":"https:\/\/fundacaofhc.org.br\/interage\/wp-json\/wp\/v2\/pages\/839","targetHints":{"allow":["GET"]}}],"collection":[{"href":"https:\/\/fundacaofhc.org.br\/interage\/wp-json\/wp\/v2\/pages"}],"about":[{"href":"https:\/\/fundacaofhc.org.br\/interage\/wp-json\/wp\/v2\/types\/page"}],"author":[{"embeddable":true,"href":"https:\/\/fundacaofhc.org.br\/interage\/wp-json\/wp\/v2\/users\/3"}],"replies":[{"embeddable":true,"href":"https:\/\/fundacaofhc.org.br\/interage\/wp-json\/wp\/v2\/comments?post=839"}],"version-history":[{"count":4,"href":"https:\/\/fundacaofhc.org.br\/interage\/wp-json\/wp\/v2\/pages\/839\/revisions"}],"predecessor-version":[{"id":1006,"href":"https:\/\/fundacaofhc.org.br\/interage\/wp-json\/wp\/v2\/pages\/839\/revisions\/1006"}],"up":[{"embeddable":true,"href":"https:\/\/fundacaofhc.org.br\/interage\/wp-json\/wp\/v2\/pages\/211"}],"wp:featuredmedia":[{"embeddable":true,"href":"https:\/\/fundacaofhc.org.br\/interage\/wp-json\/wp\/v2\/media\/807"}],"wp:attachment":[{"href":"https:\/\/fundacaofhc.org.br\/interage\/wp-json\/wp\/v2\/media?parent=839"}],"curies":[{"name":"wp","href":"https:\/\/api.w.org\/{rel}","templated":true}]}}