{"id":750,"date":"2024-02-21T15:10:00","date_gmt":"2024-02-21T18:10:00","guid":{"rendered":"https:\/\/fundacaofhc.org.br\/interage\/?page_id=750"},"modified":"2024-03-06T11:30:33","modified_gmt":"2024-03-06T14:30:33","slug":"contestacoes-ao-script-liberal-na-america-latina","status":"publish","type":"page","link":"https:\/\/fundacaofhc.org.br\/interage\/lps\/contestacoes-ao-script-liberal-na-america-latina\/","title":{"rendered":"Contesta\u00e7\u00f5es ao <i> Script <\/i> Liberal na Am\u00e9rica Latina"},"content":{"rendered":"<p class=\"blocoAzul\" style=\"font-family: Figtree, sans-serif; font-size: 15px; font-weight: 500; color: #ffffff; line-height: 24px; text-align: justify; margin-bottom:20px\">A Am\u00e9rica Latina \u00e9 a terceira regi\u00e3o mais democr\u00e1tica do mundo, ap\u00f3s a Europa Ocidental e a Am\u00e9rica do Norte, segundo o <em>Democracy Index<\/em> 2023 da <em>Economist Intelligence Unit<\/em>.\u00a0 Por outro lado, a onda de retrocessos na qualidade das institui\u00e7\u00f5es e da cultura democr\u00e1tica tamb\u00e9m alcan\u00e7ou a Am\u00e9rica Latina \u2013 do M\u00e9xico \u00e0 Argentina, incluindo o Brasil sob Bolsonaro. Isso coincide com o aprofundamento de processos de contesta\u00e7\u00e3o do <em>script<\/em> liberal que tiveram in\u00edcio na d\u00e9cada de 2010.<\/p>\n<p class=\"blocoAzul\" style=\"font-family: Figtree, sans-serif; font-size: 15px; font-weight: 500; color: #ffffff; line-height: 24px; text-align: justify; margin-bottom:20px\">Este semin\u00e1rio discutir\u00e1 as principais causas da polariza\u00e7\u00e3o e dos processos de \u2018<em>democratic backsliding<\/em>\u2019 na regi\u00e3o, em uma perspectiva comparativa. Buscar\u00e1 responder \u00e0 quest\u00e3o: em que medida esses processos se assemelham ou diferem nos v\u00e1rios pa\u00edses da Am\u00e9rica Latina e em compara\u00e7\u00e3o com a Europa Ocidental e os Estados Unidos?<\/p>\n","protected":false},"excerpt":{"rendered":"<p>A Am\u00e9rica Latina \u00e9 a terceira regi\u00e3o mais democr\u00e1tica do mundo, ap\u00f3s a Europa Ocidental e a Am\u00e9rica do Norte, segundo o Democracy Index 2023 da Economist Intelligence Unit.\u00a0 Por outro lado, a onda de retrocessos na qualidade das institui\u00e7\u00f5es e da cultura democr\u00e1tica tamb\u00e9m alcan\u00e7ou a Am\u00e9rica Latina \u2013 do M\u00e9xico \u00e0 Argentina, incluindo [&hellip;]<\/p>\n","protected":false},"author":1,"featured_media":746,"parent":211,"menu_order":0,"comment_status":"closed","ping_status":"closed","template":"template-landing-sem-logo.php","meta":{"inline_featured_image":false,"footnotes":""},"class_list":["post-750","page","type-page","status-publish","has-post-thumbnail","hentry"],"acf":[],"wps_subtitle":"DEBATE","_links":{"self":[{"href":"https:\/\/fundacaofhc.org.br\/interage\/wp-json\/wp\/v2\/pages\/750","targetHints":{"allow":["GET"]}}],"collection":[{"href":"https:\/\/fundacaofhc.org.br\/interage\/wp-json\/wp\/v2\/pages"}],"about":[{"href":"https:\/\/fundacaofhc.org.br\/interage\/wp-json\/wp\/v2\/types\/page"}],"author":[{"embeddable":true,"href":"https:\/\/fundacaofhc.org.br\/interage\/wp-json\/wp\/v2\/users\/1"}],"replies":[{"embeddable":true,"href":"https:\/\/fundacaofhc.org.br\/interage\/wp-json\/wp\/v2\/comments?post=750"}],"version-history":[{"count":13,"href":"https:\/\/fundacaofhc.org.br\/interage\/wp-json\/wp\/v2\/pages\/750\/revisions"}],"predecessor-version":[{"id":836,"href":"https:\/\/fundacaofhc.org.br\/interage\/wp-json\/wp\/v2\/pages\/750\/revisions\/836"}],"up":[{"embeddable":true,"href":"https:\/\/fundacaofhc.org.br\/interage\/wp-json\/wp\/v2\/pages\/211"}],"wp:featuredmedia":[{"embeddable":true,"href":"https:\/\/fundacaofhc.org.br\/interage\/wp-json\/wp\/v2\/media\/746"}],"wp:attachment":[{"href":"https:\/\/fundacaofhc.org.br\/interage\/wp-json\/wp\/v2\/media?parent=750"}],"curies":[{"name":"wp","href":"https:\/\/api.w.org\/{rel}","templated":true}]}}