{"id":728,"date":"2024-02-07T14:41:32","date_gmt":"2024-02-07T17:41:32","guid":{"rendered":"https:\/\/fundacaofhc.org.br\/interage\/?page_id=728"},"modified":"2024-02-28T11:29:23","modified_gmt":"2024-02-28T14:29:23","slug":"ciclo-de-seminarios-o-brasil-na-visao-das-liderancas-publicas-com-eduardo-leite-2","status":"publish","type":"page","link":"https:\/\/fundacaofhc.org.br\/interage\/lps\/ciclo-de-seminarios-o-brasil-na-visao-das-liderancas-publicas-com-eduardo-leite-2\/","title":{"rendered":"Ciclo de Debates &#8220;O Brasil na vis\u00e3o das lideran\u00e7as <br> p\u00fablicas&#8221;, com Eduardo Leite"},"content":{"rendered":"<p class=\"blocoAzul\" style=\"font-family: Figtree, sans-serif; font-size: 15px; font-weight: 500; color: #ffffff; line-height: 24px; text-align: justify; margin-bottom:20px\"><span style=\"font-weight: 400;\">Temas de interesse da popula\u00e7\u00e3o sobre o futuro do Brasil, em \u00e1reas como seguran\u00e7a p\u00fablica, sa\u00fade e economia, come\u00e7ar\u00e3o a ser discutidos em maior profundidade j\u00e1 neste ano, \u00e0 medida que se aproximam as elei\u00e7\u00f5es municipais. Embora tenha car\u00e1ter local, esse pleito indicar\u00e1 tend\u00eancias do eleitorado para 2026 \u2013 ano das pr\u00f3ximas elei\u00e7\u00f5es para a Presid\u00eancia e o Congresso Nacional.\u00a0<\/span><\/p>\n<p class=\"blocoAzul\" style=\"font-family: Figtree, sans-serif; font-size: 15px; font-weight: 500; color: #ffffff; line-height: 24px; text-align: justify; margin-bottom:20px\"><span style=\"font-weight: 400;\">Neste cen\u00e1rio, a <\/span><b>Funda\u00e7\u00e3o Fernando Henrique Cardoso<\/b><span style=\"font-weight: 400;\"> convidou o governador do Rio Grande do Sul, <\/span><b>Eduardo Leite<\/b><span style=\"font-weight: 400;\">, para compartilhar sua vis\u00e3o sobre os desafios do seu estado e do Brasil.<\/span><\/p>\n<p class=\"blocoAzul\" style=\"font-family: Figtree, sans-serif; font-size: 15px; font-weight: 500; color: #ffffff; line-height: 24px; text-align: justify; margin-bottom:20px\"><span style=\"font-weight: 400;\">O evento, que acontecer\u00e1 em <\/span><b>26 de fevereiro<\/b><span style=\"font-weight: 400;\">, \u00e0s <\/span><b>10h30<\/b><span style=\"font-weight: 400;\">, com transmiss\u00e3o on-line, \u00e9 parte de um ciclo de semin\u00e1rios com lideran\u00e7as p\u00fablicas brasileiras em comemora\u00e7\u00e3o aos <\/span><b>20 anos da Funda\u00e7\u00e3o FHC<\/b><span style=\"font-weight: 400;\">.<\/span><\/p>\n","protected":false},"excerpt":{"rendered":"<p>Temas de interesse da popula\u00e7\u00e3o sobre o futuro do Brasil, em \u00e1reas como seguran\u00e7a p\u00fablica, sa\u00fade e economia, come\u00e7ar\u00e3o a ser discutidos em maior profundidade j\u00e1 neste ano, \u00e0 medida que se aproximam as elei\u00e7\u00f5es municipais. Embora tenha car\u00e1ter local, esse pleito indicar\u00e1 tend\u00eancias do eleitorado para 2026 \u2013 ano das pr\u00f3ximas elei\u00e7\u00f5es para a [&hellip;]<\/p>\n","protected":false},"author":3,"featured_media":682,"parent":211,"menu_order":0,"comment_status":"closed","ping_status":"closed","template":"template-landing-2024.php","meta":{"inline_featured_image":false,"footnotes":""},"class_list":["post-728","page","type-page","status-publish","has-post-thumbnail","hentry"],"acf":[],"wps_subtitle":"ZOOM","_links":{"self":[{"href":"https:\/\/fundacaofhc.org.br\/interage\/wp-json\/wp\/v2\/pages\/728","targetHints":{"allow":["GET"]}}],"collection":[{"href":"https:\/\/fundacaofhc.org.br\/interage\/wp-json\/wp\/v2\/pages"}],"about":[{"href":"https:\/\/fundacaofhc.org.br\/interage\/wp-json\/wp\/v2\/types\/page"}],"author":[{"embeddable":true,"href":"https:\/\/fundacaofhc.org.br\/interage\/wp-json\/wp\/v2\/users\/3"}],"replies":[{"embeddable":true,"href":"https:\/\/fundacaofhc.org.br\/interage\/wp-json\/wp\/v2\/comments?post=728"}],"version-history":[{"count":4,"href":"https:\/\/fundacaofhc.org.br\/interage\/wp-json\/wp\/v2\/pages\/728\/revisions"}],"predecessor-version":[{"id":781,"href":"https:\/\/fundacaofhc.org.br\/interage\/wp-json\/wp\/v2\/pages\/728\/revisions\/781"}],"up":[{"embeddable":true,"href":"https:\/\/fundacaofhc.org.br\/interage\/wp-json\/wp\/v2\/pages\/211"}],"wp:featuredmedia":[{"embeddable":true,"href":"https:\/\/fundacaofhc.org.br\/interage\/wp-json\/wp\/v2\/media\/682"}],"wp:attachment":[{"href":"https:\/\/fundacaofhc.org.br\/interage\/wp-json\/wp\/v2\/media?parent=728"}],"curies":[{"name":"wp","href":"https:\/\/api.w.org\/{rel}","templated":true}]}}