{"id":709,"date":"2024-02-05T15:43:46","date_gmt":"2024-02-05T18:43:46","guid":{"rendered":"https:\/\/fundacaofhc.org.br\/interage\/?page_id=709"},"modified":"2024-02-28T11:30:40","modified_gmt":"2024-02-28T14:30:40","slug":"regulacao-da-inteligencia-artificial-como-equilibrar-inovacao-e-riscos","status":"publish","type":"page","link":"https:\/\/fundacaofhc.org.br\/interage\/lps\/regulacao-da-inteligencia-artificial-como-equilibrar-inovacao-e-riscos\/","title":{"rendered":"Regula\u00e7\u00e3o da Intelig\u00eancia Artificial: como equilibrar <br> inova\u00e7\u00e3o e riscos?"},"content":{"rendered":"<p class=\"blocoAzul\" style=\"font-family: Figtree, sans-serif; font-size: 15px; font-weight: 500; color: #ffffff; line-height: 24px; text-align: justify; margin-bottom:20px\">O ritmo acelerado de progresso da Intelig\u00eancia Artificial (IA) tem causado perplexidade pelas possibilidades que cria e pelos riscos que acarreta, entre eles, aumento da desinforma\u00e7\u00e3o, introdu\u00e7\u00e3o de vieses de g\u00eanero e ra\u00e7a em processos decis\u00f3rios e desafios na detec\u00e7\u00e3o de pl\u00e1gio. De moderados a muito graves, os riscos permeiam diversas esferas da vida social.<\/p>\n<p class=\"blocoAzul\" style=\"font-family: Figtree, sans-serif; font-size: 15px; font-weight: 500; color: #ffffff; line-height: 24px; text-align: justify; margin-bottom:20px\">A necessidade urgente de regula\u00e7\u00e3o da IA no Brasil est\u00e1 sendo discutida no Projeto de Lei n\u00ba 2.338\/2023, apresentado pelo presidente do Senado, Rodrigo Pacheco. O PL est\u00e1 agora sob an\u00e1lise de uma comiss\u00e3o especificamente constitu\u00edda na Casa.<\/p>\n<p class=\"blocoAzul\" style=\"font-family: Figtree, sans-serif; font-size: 15px; font-weight: 500; color: #ffffff; line-height: 24px; text-align: justify; margin-bottom:20px\">Como equilibrar a liberdade de cria\u00e7\u00e3o das tecnologias com a mitiga\u00e7\u00e3o dos riscos? A regula\u00e7\u00e3o deveria considerar os diferentes n\u00edveis de risco das aplica\u00e7\u00f5es de IA? Como regular uma tecnologia em constante transforma\u00e7\u00e3o?<\/p>\n<p class=\"blocoAzul\" style=\"font-family: Figtree, sans-serif; font-size: 15px; font-weight: 500; color: #ffffff; line-height: 24px; text-align: justify; margin-bottom:20px\"><span style=\"font-weight: 400;\">Para debater essas quest\u00f5es, a Funda\u00e7\u00e3o FHC convidou o relator da Comiss\u00e3o Tempor\u00e1ria de Intelig\u00eancia Artificial,<\/span> senador <strong>Eduardo Gomes<\/strong>; o diretor jur\u00eddico do Google,\u00a0<strong>Daniel Arbix<\/strong>; e a pesquisadora em intelig\u00eancia artificial,\u00a0<strong>Dora Kaufman<\/strong>.<\/p>\n","protected":false},"excerpt":{"rendered":"<p>O ritmo acelerado de progresso da Intelig\u00eancia Artificial (IA) tem causado perplexidade pelas possibilidades que cria e pelos riscos que acarreta, entre eles, aumento da desinforma\u00e7\u00e3o, introdu\u00e7\u00e3o de vieses de g\u00eanero e ra\u00e7a em processos decis\u00f3rios e desafios na detec\u00e7\u00e3o de pl\u00e1gio. De moderados a muito graves, os riscos permeiam diversas esferas da vida social. [&hellip;]<\/p>\n","protected":false},"author":3,"featured_media":699,"parent":211,"menu_order":0,"comment_status":"closed","ping_status":"closed","template":"template-landing-2024.php","meta":{"inline_featured_image":false,"footnotes":""},"class_list":["post-709","page","type-page","status-publish","has-post-thumbnail","hentry"],"acf":[],"wps_subtitle":"ZOOM","_links":{"self":[{"href":"https:\/\/fundacaofhc.org.br\/interage\/wp-json\/wp\/v2\/pages\/709","targetHints":{"allow":["GET"]}}],"collection":[{"href":"https:\/\/fundacaofhc.org.br\/interage\/wp-json\/wp\/v2\/pages"}],"about":[{"href":"https:\/\/fundacaofhc.org.br\/interage\/wp-json\/wp\/v2\/types\/page"}],"author":[{"embeddable":true,"href":"https:\/\/fundacaofhc.org.br\/interage\/wp-json\/wp\/v2\/users\/3"}],"replies":[{"embeddable":true,"href":"https:\/\/fundacaofhc.org.br\/interage\/wp-json\/wp\/v2\/comments?post=709"}],"version-history":[{"count":6,"href":"https:\/\/fundacaofhc.org.br\/interage\/wp-json\/wp\/v2\/pages\/709\/revisions"}],"predecessor-version":[{"id":783,"href":"https:\/\/fundacaofhc.org.br\/interage\/wp-json\/wp\/v2\/pages\/709\/revisions\/783"}],"up":[{"embeddable":true,"href":"https:\/\/fundacaofhc.org.br\/interage\/wp-json\/wp\/v2\/pages\/211"}],"wp:featuredmedia":[{"embeddable":true,"href":"https:\/\/fundacaofhc.org.br\/interage\/wp-json\/wp\/v2\/media\/699"}],"wp:attachment":[{"href":"https:\/\/fundacaofhc.org.br\/interage\/wp-json\/wp\/v2\/media?parent=709"}],"curies":[{"name":"wp","href":"https:\/\/api.w.org\/{rel}","templated":true}]}}