{"id":675,"date":"2024-01-30T09:39:25","date_gmt":"2024-01-30T12:39:25","guid":{"rendered":"https:\/\/fundacaofhc.org.br\/interage\/?page_id=675"},"modified":"2024-01-30T12:34:11","modified_gmt":"2024-01-30T15:34:11","slug":"ciclo-de-seminarios-o-brasil-na-visao-das-liderancas-publicas-com-eduardo-leite","status":"publish","type":"page","link":"https:\/\/fundacaofhc.org.br\/interage\/lps\/ciclo-de-seminarios-o-brasil-na-visao-das-liderancas-publicas-com-eduardo-leite\/","title":{"rendered":"Ciclo de Debates <br> &#8220;O Brasil na vis\u00e3o das lideran\u00e7as p\u00fablicas&#8221;, <br>com Eduardo Leite"},"content":{"rendered":"<p class=\"blocoAzul\" style=\"font-family: Figtree, sans-serif; font-size: 15px; font-weight: 500; color: #ffffff; line-height: 24px; text-align: justify; margin-bottom:20px\">A <strong>Funda\u00e7\u00e3o Fernando Henrique Cardoso<\/strong> convida para um encontro em sua sede, em S\u00e3o Paulo, com o governador do Rio Grande do Sul, em 26 de fevereiro, \u00e0s 10h30.<\/p>\n<p class=\"blocoAzul\" style=\"font-family: Figtree, sans-serif; font-size: 15px; font-weight: 500; color: #ffffff; line-height: 24px; text-align: justify; margin-bottom:20px\"><strong>Eduardo Leite<\/strong> compartilhar\u00e1 sua vis\u00e3o sobre os desafios do seu Estado e do Brasil hoje e para os pr\u00f3ximos anos. Em seguida, responder\u00e1 a perguntas de <strong>Ana Carla Abr\u00e3o<\/strong>, ex-secret\u00e1ria de Fazenda de Goi\u00e1s e atual vice-presidente para Novos Neg\u00f3cios da B3, e de <strong>Sergio Fausto<\/strong>, diretor executivo da Funda\u00e7\u00e3o FHC. A plateia tamb\u00e9m poder\u00e1 encaminhar perguntas por WhatsApp.<\/p>\n<p class=\"blocoAzul\" style=\"font-family: Figtree, sans-serif; font-size: 15px; font-weight: 500; color: #ffffff; line-height: 24px; text-align: justify; margin-bottom:20px\">Este evento faz parte de um ciclo de semin\u00e1rios com lideran\u00e7as p\u00fablicas brasileiras e integra as atividades que celebram os <strong>20 anos da Funda\u00e7\u00e3o FHC.<\/strong><\/p>\n","protected":false},"excerpt":{"rendered":"<p>A Funda\u00e7\u00e3o Fernando Henrique Cardoso convida para um encontro em sua sede, em S\u00e3o Paulo, com o governador do Rio Grande do Sul, em 26 de fevereiro, \u00e0s 10h30. Eduardo Leite compartilhar\u00e1 sua vis\u00e3o sobre os desafios do seu Estado e do Brasil hoje e para os pr\u00f3ximos anos. Em seguida, responder\u00e1 a perguntas de [&hellip;]<\/p>\n","protected":false},"author":3,"featured_media":682,"parent":211,"menu_order":0,"comment_status":"closed","ping_status":"closed","template":"template-landing-2024.php","meta":{"inline_featured_image":false,"footnotes":""},"class_list":["post-675","page","type-page","status-publish","has-post-thumbnail","hentry"],"acf":[],"wps_subtitle":"ENCONTRO PRESENCIAL","_links":{"self":[{"href":"https:\/\/fundacaofhc.org.br\/interage\/wp-json\/wp\/v2\/pages\/675","targetHints":{"allow":["GET"]}}],"collection":[{"href":"https:\/\/fundacaofhc.org.br\/interage\/wp-json\/wp\/v2\/pages"}],"about":[{"href":"https:\/\/fundacaofhc.org.br\/interage\/wp-json\/wp\/v2\/types\/page"}],"author":[{"embeddable":true,"href":"https:\/\/fundacaofhc.org.br\/interage\/wp-json\/wp\/v2\/users\/3"}],"replies":[{"embeddable":true,"href":"https:\/\/fundacaofhc.org.br\/interage\/wp-json\/wp\/v2\/comments?post=675"}],"version-history":[{"count":10,"href":"https:\/\/fundacaofhc.org.br\/interage\/wp-json\/wp\/v2\/pages\/675\/revisions"}],"predecessor-version":[{"id":694,"href":"https:\/\/fundacaofhc.org.br\/interage\/wp-json\/wp\/v2\/pages\/675\/revisions\/694"}],"up":[{"embeddable":true,"href":"https:\/\/fundacaofhc.org.br\/interage\/wp-json\/wp\/v2\/pages\/211"}],"wp:featuredmedia":[{"embeddable":true,"href":"https:\/\/fundacaofhc.org.br\/interage\/wp-json\/wp\/v2\/media\/682"}],"wp:attachment":[{"href":"https:\/\/fundacaofhc.org.br\/interage\/wp-json\/wp\/v2\/media?parent=675"}],"curies":[{"name":"wp","href":"https:\/\/api.w.org\/{rel}","templated":true}]}}