{"id":612,"date":"2023-12-08T15:18:32","date_gmt":"2023-12-08T18:18:32","guid":{"rendered":"https:\/\/fundacaofhc.org.br\/interage\/?page_id=612"},"modified":"2023-12-13T10:06:02","modified_gmt":"2023-12-13T13:06:02","slug":"israel-e-palestina-a-paz-possivel","status":"publish","type":"page","link":"https:\/\/fundacaofhc.org.br\/interage\/lps\/israel-e-palestina-a-paz-possivel\/","title":{"rendered":"Israel e Palestina: <br> a paz poss\u00edvel"},"content":{"rendered":"<p class=\"blocoAzul\" style=\"font-family: Figtree, sans-serif; font-size: 15px; font-weight: 500; color: #ffffff; line-height: 24px; text-align: justify; margin-bottom:20px\">Em meio a uma guerra que acumula um grande n\u00famero de v\u00edtimas civis, \u00e9 dif\u00edcil pensar sobre o melhor caminho para a paz. A negocia\u00e7\u00e3o para uma solu\u00e7\u00e3o pac\u00edfica pressup\u00f5e a necessidade de di\u00e1logo e entendimento.<\/p>\n<p class=\"blocoAzul\" style=\"font-family: Figtree, sans-serif; font-size: 15px; font-weight: 500; color: #ffffff; line-height: 24px; text-align: justify; margin-bottom:20px\">Na trajet\u00f3ria de Gershon Baskin, s\u00e3o d\u00e9cadas de experi\u00eancia com negocia\u00e7\u00f5es \u2013 entre elas a que trouxe o soldado Gilad Shalit de volta para casa depois de 5 anos. Agora, com muitos ref\u00e9ns nas m\u00e3os do Hamas e um n\u00famero crescente de v\u00edtimas civis em Gaza, Israel precisa de um plano de a\u00e7\u00e3o n\u00e3o s\u00f3 para libert\u00e1-los e desmantelar a estrutura militar do grupo terrorista, mas tamb\u00e9m para conseguir chegar \u00e0 paz com os vizinhos palestinos, afastando-se do radicalismo. \u00c9 poss\u00edvel?<\/p>\n<p class=\"blocoAzul\" style=\"font-family: Figtree, sans-serif; font-size: 15px; font-weight: 500; color: #ffffff; line-height: 24px; text-align: justify; margin-bottom:20px\">Neste webinar, com media\u00e7\u00e3o de <strong>Karina Calandrin<\/strong> e <strong>Roberto Simon<\/strong>,<strong> Gershon Baskin<\/strong> \u2013 ativista pela paz e intelectual p\u00fablico de Israel, assessor de diversos primeiros-ministros de seu pa\u00eds e interlocutor reconhecido de l\u00edderes palestinos \u2013 analisa a experi\u00eancia adquirida no passado como ponto de partida para projetar caminhos poss\u00edveis para que israelenses e palestinos possam conviver na regi\u00e3o de forma pac\u00edfica.<\/p>\n","protected":false},"excerpt":{"rendered":"<p>Em meio a uma guerra que acumula um grande n\u00famero de v\u00edtimas civis, \u00e9 dif\u00edcil pensar sobre o melhor caminho para a paz. A negocia\u00e7\u00e3o para uma solu\u00e7\u00e3o pac\u00edfica pressup\u00f5e a necessidade de di\u00e1logo e entendimento. Na trajet\u00f3ria de Gershon Baskin, s\u00e3o d\u00e9cadas de experi\u00eancia com negocia\u00e7\u00f5es \u2013 entre elas a que trouxe o soldado [&hellip;]<\/p>\n","protected":false},"author":3,"featured_media":661,"parent":211,"menu_order":0,"comment_status":"closed","ping_status":"closed","template":"template-landing.php","meta":{"inline_featured_image":false,"footnotes":""},"class_list":["post-612","page","type-page","status-publish","has-post-thumbnail","hentry"],"acf":[],"wps_subtitle":"ZOOM","_links":{"self":[{"href":"https:\/\/fundacaofhc.org.br\/interage\/wp-json\/wp\/v2\/pages\/612","targetHints":{"allow":["GET"]}}],"collection":[{"href":"https:\/\/fundacaofhc.org.br\/interage\/wp-json\/wp\/v2\/pages"}],"about":[{"href":"https:\/\/fundacaofhc.org.br\/interage\/wp-json\/wp\/v2\/types\/page"}],"author":[{"embeddable":true,"href":"https:\/\/fundacaofhc.org.br\/interage\/wp-json\/wp\/v2\/users\/3"}],"replies":[{"embeddable":true,"href":"https:\/\/fundacaofhc.org.br\/interage\/wp-json\/wp\/v2\/comments?post=612"}],"version-history":[{"count":15,"href":"https:\/\/fundacaofhc.org.br\/interage\/wp-json\/wp\/v2\/pages\/612\/revisions"}],"predecessor-version":[{"id":662,"href":"https:\/\/fundacaofhc.org.br\/interage\/wp-json\/wp\/v2\/pages\/612\/revisions\/662"}],"up":[{"embeddable":true,"href":"https:\/\/fundacaofhc.org.br\/interage\/wp-json\/wp\/v2\/pages\/211"}],"wp:featuredmedia":[{"embeddable":true,"href":"https:\/\/fundacaofhc.org.br\/interage\/wp-json\/wp\/v2\/media\/661"}],"wp:attachment":[{"href":"https:\/\/fundacaofhc.org.br\/interage\/wp-json\/wp\/v2\/media?parent=612"}],"curies":[{"name":"wp","href":"https:\/\/api.w.org\/{rel}","templated":true}]}}