{"id":585,"date":"2023-11-29T09:05:54","date_gmt":"2023-11-29T12:05:54","guid":{"rendered":"https:\/\/fundacaofhc.org.br\/interage\/?page_id=585"},"modified":"2023-11-29T17:32:32","modified_gmt":"2023-11-29T20:32:32","slug":"o-impasse-politico-no-chile-sinal-de-forca-ou-fraqueza-da-democracia","status":"publish","type":"page","link":"https:\/\/fundacaofhc.org.br\/interage\/lps\/o-impasse-politico-no-chile-sinal-de-forca-ou-fraqueza-da-democracia\/","title":{"rendered":"O impasse pol\u00edtico no Chile:  <br> sinal de for\u00e7a ou fraqueza <br> da democracia?"},"content":{"rendered":"<p class=\"blocoAzul\" style=\"font-family: Figtree, sans-serif; font-size: 15px; font-weight: 500; color: #ffffff; line-height: 24px; text-align: justify; margin-bottom:20px\">No pr\u00f3ximo 17 de dezembro, os chilenos ir\u00e3o \u00e0s urnas para votar num plebiscito pela segunda vez em pouco mais de um ano. Em setembro de 2022, uma nova Constitui\u00e7\u00e3o, elaborada por uma assembleia constituinte com uma maioria de esquerda, foi rejeitada por mais de 60% dos votos. Agora, conforme indicam as pesquisas, uma\u00a0nova proposta, produzida por uma conven\u00e7\u00e3o constitucional com uma maioria de direita, ser\u00e1 novamente rejeitada.<\/p>\n<p class=\"blocoAzul\" style=\"font-family: Figtree, sans-serif; font-size: 15px; font-weight: 500; color: #ffffff; line-height: 24px; text-align: justify; margin-bottom:20px\">Desde o chamado\u00a0<em>estallido social<\/em>, em novembro de 2019, o Chile parece viver um impasse pol\u00edtico. Quais as suas causas e as raz\u00f5es? Ele \u00e9 grave o suficiente para comprometer o futuro da democracia chilena? Quais os caminhos poss\u00edveis para super\u00e1-lo?<\/p>\n<p class=\"blocoAzul\" style=\"font-family: Figtree, sans-serif; font-size: 15px; font-weight: 500; color: #ffffff; line-height: 24px; text-align: justify; margin-bottom:20px\">Para responder a essas perguntas, a Funda\u00e7\u00e3o FHC convidou a advogada\u00a0<strong>Ver\u00f3nica Undurraga<\/strong>,\u00a0doutora em Direito pela\u00a0<em>Universidad de Chile<\/em>\u00a0e\u00a0presidente da comiss\u00e3o que preparou o anteprojeto da Constitui\u00e7\u00e3o que ir\u00e1 a plebiscito, e\u00a0<strong>Katya Araujo<\/strong>, soci\u00f3loga, pesquisadora do\u00a0<em>Instituto de Estudios Avanzados\u00a0<\/em>(IDEA)\u00a0da<em>\u00a0Universidad de Santiago<\/em>\u00a0e diretora do\u00a0<em>N\u00facleo Interuniversitario Multidisciplinar Individuos, Lazo Social y Asimetr\u00edas de Poder<\/em>\u00a0da mesma institui\u00e7\u00e3o.<\/p>\n","protected":false},"excerpt":{"rendered":"<p>No pr\u00f3ximo 17 de dezembro, os chilenos ir\u00e3o \u00e0s urnas para votar num plebiscito pela segunda vez em pouco mais de um ano. Em setembro de 2022, uma nova Constitui\u00e7\u00e3o, elaborada por uma assembleia constituinte com uma maioria de esquerda, foi rejeitada por mais de 60% dos votos. Agora, conforme indicam as pesquisas, uma\u00a0nova proposta, [&hellip;]<\/p>\n","protected":false},"author":3,"featured_media":588,"parent":211,"menu_order":0,"comment_status":"closed","ping_status":"closed","template":"template-landing.php","meta":{"inline_featured_image":false,"footnotes":""},"class_list":["post-585","page","type-page","status-publish","has-post-thumbnail","hentry"],"acf":[],"wps_subtitle":"ZOOM","_links":{"self":[{"href":"https:\/\/fundacaofhc.org.br\/interage\/wp-json\/wp\/v2\/pages\/585","targetHints":{"allow":["GET"]}}],"collection":[{"href":"https:\/\/fundacaofhc.org.br\/interage\/wp-json\/wp\/v2\/pages"}],"about":[{"href":"https:\/\/fundacaofhc.org.br\/interage\/wp-json\/wp\/v2\/types\/page"}],"author":[{"embeddable":true,"href":"https:\/\/fundacaofhc.org.br\/interage\/wp-json\/wp\/v2\/users\/3"}],"replies":[{"embeddable":true,"href":"https:\/\/fundacaofhc.org.br\/interage\/wp-json\/wp\/v2\/comments?post=585"}],"version-history":[{"count":7,"href":"https:\/\/fundacaofhc.org.br\/interage\/wp-json\/wp\/v2\/pages\/585\/revisions"}],"predecessor-version":[{"id":609,"href":"https:\/\/fundacaofhc.org.br\/interage\/wp-json\/wp\/v2\/pages\/585\/revisions\/609"}],"up":[{"embeddable":true,"href":"https:\/\/fundacaofhc.org.br\/interage\/wp-json\/wp\/v2\/pages\/211"}],"wp:featuredmedia":[{"embeddable":true,"href":"https:\/\/fundacaofhc.org.br\/interage\/wp-json\/wp\/v2\/media\/588"}],"wp:attachment":[{"href":"https:\/\/fundacaofhc.org.br\/interage\/wp-json\/wp\/v2\/media?parent=585"}],"curies":[{"name":"wp","href":"https:\/\/api.w.org\/{rel}","templated":true}]}}