{"id":576,"date":"2023-11-18T08:09:16","date_gmt":"2023-11-18T11:09:16","guid":{"rendered":"https:\/\/fundacaofhc.org.br\/interage\/?page_id=576"},"modified":"2023-11-18T08:10:15","modified_gmt":"2023-11-18T11:10:15","slug":"argentina-despues-de-la-eleccion-presidencial-perspectivas-perspectivas-economicas-y-politicas","status":"publish","type":"page","link":"https:\/\/fundacaofhc.org.br\/interage\/lps\/argentina-despues-de-la-eleccion-presidencial-perspectivas-perspectivas-economicas-y-politicas\/","title":{"rendered":"Argentina despu\u00e9s de la elecci\u00f3n <br> presidencial: perspectivas <br> perspectivas econ\u00f3micas y pol\u00edticas"},"content":{"rendered":"<p class=\"blocoAzul\" style=\"font-family: Figtree, sans-serif; font-size: 15px; font-weight: 500; color: #ffffff; line-height: 24px; text-align: justify; margin-bottom:20px\">El pr\u00f3ximo 19 de noviembre se llevar\u00e1 a cabo la segunda vuelta de las elecciones presidenciales en\u00a0<span class=\"il\">Argentina<\/span>: por un lado, Javier Milei, un\u00a0<em>outsider<\/em>\u00a0que ha surgido en la ola antipol\u00edtica; por otro lado, Sergio Massa, un peronista bien aceptado por el establishment. Nunca antes, desde el regreso a la democracia hace cuarenta a\u00f1os, candidatos tan antag\u00f3nicos se han enfrentado en una disputa por el \u2018sill\u00f3n de Rivadavia\u2019, como los argentinos se refieren a la silla presidencial (Bernardino Rivadavia fue el primer presidente de la Rep\u00fablica\u00a0<span class=\"il\">Argentina<\/span>).<\/p>\n<p class=\"blocoAzul\" style=\"font-family: Figtree, sans-serif; font-size: 15px; font-weight: 500; color: #ffffff; line-height: 24px; text-align: justify; margin-bottom:20px\">Una vez contados los votos y conocido el ganador, ser\u00e1 el momento de hacer una primera evaluaci\u00f3n de las perspectivas del pa\u00eds vecino. \u00bfTendr\u00e1 el nuevo presidente las condiciones necesarias para sacar a\u00a0<span class=\"il\">Argentina<\/span>\u00a0del borde del precipicio y llevarla de nuevo por un camino de estabilidad y crecimiento perdido desde hace mucho?<\/p>\n<p class=\"blocoAzul\" style=\"font-family: Figtree, sans-serif; font-size: 15px; font-weight: 500; color: #ffffff; line-height: 24px; text-align: justify; margin-bottom:20px\">Para abordar esta pregunta, que interesa mucho a Brasil, la Fundaci\u00f3n FHC ha invitado al periodista e historiador\u00a0<strong>Carlos Pagni<\/strong>, columnista del diario La Naci\u00f3n, y al exministro de Econom\u00eda y economista\u00a0<strong>Alfonso Prat-Gay<\/strong>\u00a0a un seminario web la semana siguiente a las elecciones presidenciales en el pa\u00eds vecino. En la moderaci\u00f3n estar\u00e1n\u00a0<strong>Sylvia Colombo<\/strong>, columnista de Folha de S. Paulo y\u00a0<em>Canal MyNews<\/em>, residente en Buenos Aires, y\u00a0<strong>Sergio Fausto<\/strong>, director general de la Fundaci\u00f3n FHC.<\/p>\n","protected":false},"excerpt":{"rendered":"<p>El pr\u00f3ximo 19 de noviembre se llevar\u00e1 a cabo la segunda vuelta de las elecciones presidenciales en\u00a0Argentina: por un lado, Javier Milei, un\u00a0outsider\u00a0que ha surgido en la ola antipol\u00edtica; por otro lado, Sergio Massa, un peronista bien aceptado por el establishment. Nunca antes, desde el regreso a la democracia hace cuarenta a\u00f1os, candidatos tan antag\u00f3nicos [&hellip;]<\/p>\n","protected":false},"author":4,"featured_media":552,"parent":211,"menu_order":0,"comment_status":"closed","ping_status":"closed","template":"template-landing.php","meta":{"inline_featured_image":false,"footnotes":""},"class_list":["post-576","page","type-page","status-publish","has-post-thumbnail","hentry"],"acf":[],"wps_subtitle":"YOUTUBE","_links":{"self":[{"href":"https:\/\/fundacaofhc.org.br\/interage\/wp-json\/wp\/v2\/pages\/576","targetHints":{"allow":["GET"]}}],"collection":[{"href":"https:\/\/fundacaofhc.org.br\/interage\/wp-json\/wp\/v2\/pages"}],"about":[{"href":"https:\/\/fundacaofhc.org.br\/interage\/wp-json\/wp\/v2\/types\/page"}],"author":[{"embeddable":true,"href":"https:\/\/fundacaofhc.org.br\/interage\/wp-json\/wp\/v2\/users\/4"}],"replies":[{"embeddable":true,"href":"https:\/\/fundacaofhc.org.br\/interage\/wp-json\/wp\/v2\/comments?post=576"}],"version-history":[{"count":2,"href":"https:\/\/fundacaofhc.org.br\/interage\/wp-json\/wp\/v2\/pages\/576\/revisions"}],"predecessor-version":[{"id":579,"href":"https:\/\/fundacaofhc.org.br\/interage\/wp-json\/wp\/v2\/pages\/576\/revisions\/579"}],"up":[{"embeddable":true,"href":"https:\/\/fundacaofhc.org.br\/interage\/wp-json\/wp\/v2\/pages\/211"}],"wp:featuredmedia":[{"embeddable":true,"href":"https:\/\/fundacaofhc.org.br\/interage\/wp-json\/wp\/v2\/media\/552"}],"wp:attachment":[{"href":"https:\/\/fundacaofhc.org.br\/interage\/wp-json\/wp\/v2\/media?parent=576"}],"curies":[{"name":"wp","href":"https:\/\/api.w.org\/{rel}","templated":true}]}}