{"id":538,"date":"2023-11-07T11:14:51","date_gmt":"2023-11-07T14:14:51","guid":{"rendered":"https:\/\/fundacaofhc.org.br\/interage\/?page_id=538"},"modified":"2023-11-21T09:54:56","modified_gmt":"2023-11-21T12:54:56","slug":"a-argentina-apos-a-eleicao-presidencial-perspectivas-economicas-e-politicas","status":"publish","type":"page","link":"https:\/\/fundacaofhc.org.br\/interage\/lps\/a-argentina-apos-a-eleicao-presidencial-perspectivas-economicas-e-politicas\/","title":{"rendered":"A Argentina ap\u00f3s a elei\u00e7\u00e3o <br> presidencial: perspectivas <br> econ\u00f4micas e pol\u00edticas"},"content":{"rendered":"<p class=\"blocoAzul\" style=\"font-family: Figtree, sans-serif; font-size: 15px; font-weight: 500; color: #ffffff; line-height: 24px; text-align: justify; margin-bottom:20px\">Neste final de semana aconteceu o segundo turno da elei\u00e7\u00e3o presidencial na Argentina, que culminou com a elei\u00e7\u00e3o do ultraliberal Javier Milei, do partido &#8220;A Liberdade Avan\u00e7a&#8221;. Nunca antes desde o retorno \u00e0 democracia, quarenta anos atr\u00e1s, se viu uma elei\u00e7\u00e3o t\u00e3o polarizada no pa\u00eds vizinho.<\/p>\n<p class=\"blocoAzul\" style=\"font-family: Figtree, sans-serif; font-size: 15px; font-weight: 500; color: #ffffff; line-height: 24px; text-align: justify; margin-bottom:20px\">Conhecido o vencedor, chegou o momento de fazer uma primeira avalia\u00e7\u00e3o das perspectivas da Argentina. Ter\u00e1 o novo presidente condi\u00e7\u00f5es de tir\u00e1-la da beira do precip\u00edcio e faz\u00ea-la reencontrar um caminho de estabilidade e crescimento h\u00e1 muito perdido?<\/p>\n<p class=\"blocoAzul\" style=\"font-family: Figtree, sans-serif; font-size: 15px; font-weight: 500; color: #ffffff; line-height: 24px; text-align: justify; margin-bottom:20px\">Para tratar de responder a essa pergunta, que interessa muito ao Brasil, a Funda\u00e7\u00e3o FHC convidou o jornalista e historiador\u00a0<strong>Carlos Pagni<\/strong>, colunista do jornal\u00a0<em>La Naci\u00f3n<\/em>, e o ex-ministro da Fazenda e economista\u00a0<strong>Alfonso Prat-Gay<\/strong>\u00a0para um webinar na semana seguinte \u00e0s elei\u00e7\u00f5es presidenciais no pa\u00eds vizinho. Na modera\u00e7\u00e3o,\u00a0<strong>Sylvia Colombo<\/strong>, colunista da Folha de S. Paulo e do Canal MyNews, residente em Buenos Aires, e\u00a0<strong>Sergio Fausto<\/strong>, diretor geral da Funda\u00e7\u00e3o.<\/p>\n","protected":false},"excerpt":{"rendered":"<p>Neste final de semana aconteceu o segundo turno da elei\u00e7\u00e3o presidencial na Argentina, que culminou com a elei\u00e7\u00e3o do ultraliberal Javier Milei, do partido &#8220;A Liberdade Avan\u00e7a&#8221;. Nunca antes desde o retorno \u00e0 democracia, quarenta anos atr\u00e1s, se viu uma elei\u00e7\u00e3o t\u00e3o polarizada no pa\u00eds vizinho. Conhecido o vencedor, chegou o momento de fazer uma [&hellip;]<\/p>\n","protected":false},"author":3,"featured_media":552,"parent":211,"menu_order":0,"comment_status":"closed","ping_status":"closed","template":"template-landing.php","meta":{"inline_featured_image":false,"footnotes":""},"class_list":["post-538","page","type-page","status-publish","has-post-thumbnail","hentry"],"acf":[],"wps_subtitle":"ZOOM","_links":{"self":[{"href":"https:\/\/fundacaofhc.org.br\/interage\/wp-json\/wp\/v2\/pages\/538","targetHints":{"allow":["GET"]}}],"collection":[{"href":"https:\/\/fundacaofhc.org.br\/interage\/wp-json\/wp\/v2\/pages"}],"about":[{"href":"https:\/\/fundacaofhc.org.br\/interage\/wp-json\/wp\/v2\/types\/page"}],"author":[{"embeddable":true,"href":"https:\/\/fundacaofhc.org.br\/interage\/wp-json\/wp\/v2\/users\/3"}],"replies":[{"embeddable":true,"href":"https:\/\/fundacaofhc.org.br\/interage\/wp-json\/wp\/v2\/comments?post=538"}],"version-history":[{"count":9,"href":"https:\/\/fundacaofhc.org.br\/interage\/wp-json\/wp\/v2\/pages\/538\/revisions"}],"predecessor-version":[{"id":581,"href":"https:\/\/fundacaofhc.org.br\/interage\/wp-json\/wp\/v2\/pages\/538\/revisions\/581"}],"up":[{"embeddable":true,"href":"https:\/\/fundacaofhc.org.br\/interage\/wp-json\/wp\/v2\/pages\/211"}],"wp:featuredmedia":[{"embeddable":true,"href":"https:\/\/fundacaofhc.org.br\/interage\/wp-json\/wp\/v2\/media\/552"}],"wp:attachment":[{"href":"https:\/\/fundacaofhc.org.br\/interage\/wp-json\/wp\/v2\/media?parent=538"}],"curies":[{"name":"wp","href":"https:\/\/api.w.org\/{rel}","templated":true}]}}