{"id":486,"date":"2023-10-23T09:55:30","date_gmt":"2023-10-23T12:55:30","guid":{"rendered":"https:\/\/fundacaofhc.org.br\/interage\/?page_id=486"},"modified":"2023-10-23T16:11:56","modified_gmt":"2023-10-23T19:11:56","slug":"as-telecomunicacoes-25-anos-depois-da-privatizacaocomo-dar-um-novo-salto","status":"publish","type":"page","link":"https:\/\/fundacaofhc.org.br\/interage\/lps\/as-telecomunicacoes-25-anos-depois-da-privatizacaocomo-dar-um-novo-salto\/","title":{"rendered":"As telecomunica\u00e7\u00f5es <br>25 anos depois da privatiza\u00e7\u00e3o:<br>Como dar um novo salto?"},"content":{"rendered":"<p class=\"blocoAzul\" style=\"font-family: Figtree, sans-serif; font-size: 15px; font-weight: 500; color: #ffffff; line-height: 24px; text-align: justify; margin-bottom:20px\">Em julho passado, completaram-se 25 anos da privatiza\u00e7\u00e3o da Telebr\u00e1s. Do final dos anos 90 aos dias de hoje, os avan\u00e7os foram inequ\u00edvocos. Mais do que do passado, por\u00e9m, este semin\u00e1rio tratar\u00e1 do futuro. As transforma\u00e7\u00f5es tecnol\u00f3gicas se aceleraram nesse per\u00edodo e n\u00e3o podemos deixar de aproveit\u00e1-las.<\/p>\n<p class=\"blocoAzul\" style=\"font-family: Figtree, sans-serif; font-size: 15px; font-weight: 500; color: #ffffff; line-height: 24px; text-align: justify; margin-bottom:20px\">S\u00e3o grandes os desafios que se colocam para a amplia\u00e7\u00e3o do acesso aos diversos servi\u00e7os de telecomunica\u00e7\u00f5es no Brasil, em meio \u00e0 crescente digitaliza\u00e7\u00e3o e interconex\u00e3o da economia, da sociedade e do Estado, aqui e no mundo.<\/p>\n<p class=\"blocoAzul\" style=\"font-family: Figtree, sans-serif; font-size: 15px; font-weight: 500; color: #ffffff; line-height: 24px; text-align: justify; margin-bottom:20px\">Quais s\u00e3o os gargalos f\u00edsicos, as quest\u00f5es regulat\u00f3rias, os fatores econ\u00f4micos e pol\u00edticos que devem ser enfrentados para que o Brasil se aproxime o mais r\u00e1pido poss\u00edvel\u00a0dos pa\u00edses mais avan\u00e7ados no uso e desenvolvimento de aplica\u00e7\u00f5es associadas \u00e0 digitaliza\u00e7\u00e3o? Como os atores econ\u00f4micos privados e a Anatel, a ag\u00eancia reguladora do setor, veem esses desafios e pretendem super\u00e1-los? Qual o papel dos governos?<\/p>\n<p class=\"blocoAzul\" style=\"font-family: Figtree, sans-serif; font-size: 15px; font-weight: 500; color: #ffffff; line-height: 24px; text-align: justify; margin-bottom:20px\">Para discutir estas quest\u00f5es, a Funda\u00e7\u00e3o FHC re\u00fane neste semin\u00e1rio os presidentes da Anatel e da Conexis, associa\u00e7\u00e3o que representa as principais operadoras de telefonia do pa\u00eds, e uma respeitada advogada especializada no setor.<\/p>\n","protected":false},"excerpt":{"rendered":"<p>Em julho passado, completaram-se 25 anos da privatiza\u00e7\u00e3o da Telebr\u00e1s. Do final dos anos 90 aos dias de hoje, os avan\u00e7os foram inequ\u00edvocos. Mais do que do passado, por\u00e9m, este semin\u00e1rio tratar\u00e1 do futuro. As transforma\u00e7\u00f5es tecnol\u00f3gicas se aceleraram nesse per\u00edodo e n\u00e3o podemos deixar de aproveit\u00e1-las. S\u00e3o grandes os desafios que se colocam para [&hellip;]<\/p>\n","protected":false},"author":4,"featured_media":392,"parent":211,"menu_order":0,"comment_status":"closed","ping_status":"closed","template":"template-landing.php","meta":{"inline_featured_image":false,"footnotes":""},"class_list":["post-486","page","type-page","status-publish","has-post-thumbnail","hentry"],"acf":[],"wps_subtitle":"ZOOM","_links":{"self":[{"href":"https:\/\/fundacaofhc.org.br\/interage\/wp-json\/wp\/v2\/pages\/486","targetHints":{"allow":["GET"]}}],"collection":[{"href":"https:\/\/fundacaofhc.org.br\/interage\/wp-json\/wp\/v2\/pages"}],"about":[{"href":"https:\/\/fundacaofhc.org.br\/interage\/wp-json\/wp\/v2\/types\/page"}],"author":[{"embeddable":true,"href":"https:\/\/fundacaofhc.org.br\/interage\/wp-json\/wp\/v2\/users\/4"}],"replies":[{"embeddable":true,"href":"https:\/\/fundacaofhc.org.br\/interage\/wp-json\/wp\/v2\/comments?post=486"}],"version-history":[{"count":5,"href":"https:\/\/fundacaofhc.org.br\/interage\/wp-json\/wp\/v2\/pages\/486\/revisions"}],"predecessor-version":[{"id":502,"href":"https:\/\/fundacaofhc.org.br\/interage\/wp-json\/wp\/v2\/pages\/486\/revisions\/502"}],"up":[{"embeddable":true,"href":"https:\/\/fundacaofhc.org.br\/interage\/wp-json\/wp\/v2\/pages\/211"}],"wp:featuredmedia":[{"embeddable":true,"href":"https:\/\/fundacaofhc.org.br\/interage\/wp-json\/wp\/v2\/media\/392"}],"wp:attachment":[{"href":"https:\/\/fundacaofhc.org.br\/interage\/wp-json\/wp\/v2\/media?parent=486"}],"curies":[{"name":"wp","href":"https:\/\/api.w.org\/{rel}","templated":true}]}}