{"id":325,"date":"2023-09-13T11:50:39","date_gmt":"2023-09-13T14:50:39","guid":{"rendered":"https:\/\/fundacaofhc.org.br\/interage\/?page_id=325"},"modified":"2023-09-28T06:42:36","modified_gmt":"2023-09-28T09:42:36","slug":"os-desafios-de-uma-politica-para-o-complexo-industrial-da-saude","status":"publish","type":"page","link":"https:\/\/fundacaofhc.org.br\/interage\/lps\/os-desafios-de-uma-politica-para-o-complexo-industrial-da-saude\/","title":{"rendered":"Os desafios de uma pol\u00edtica para o Complexo Industrial da Sa\u00fade"},"content":{"rendered":"<p class=\"blocoAzul\" style=\"font-family: Figtree, sans-serif; font-size: 15px; font-weight: 500; color: #ffffff; line-height: 24px; text-align: justify; margin-bottom:20px\">A pandemia da Covid-19 demonstrou o risco da depend\u00eancia excessiva de importa\u00e7\u00f5es de insumos m\u00e9dicos. Em resposta, v\u00e1rios pa\u00edses t\u00eam procurado fortalecer a capacidade dom\u00e9stica de produ\u00e7\u00e3o de f\u00e1rmacos e vacinas. N\u00e3o se trata de um giro de 180 graus, mas da busca de um novo equil\u00edbrio entre importa\u00e7\u00f5es e produ\u00e7\u00e3o local.<\/p>\n<p class=\"blocoAzul\" style=\"font-family: Figtree, sans-serif; font-size: 15px; font-weight: 500; color: #ffffff; line-height: 24px; text-align: justify; margin-bottom:20px\">N\u00e3o s\u00e3o muitos os pa\u00edses que disp\u00f5em de condi\u00e7\u00f5es para ter um complexo industrial de sa\u00fade relevante. O Brasil tem base cient\u00edfica, empresarial e institucional (leia-se, o SUS) para ter essa ambi\u00e7\u00e3o.<\/p>\n<p class=\"blocoAzul\" style=\"font-family: Figtree, sans-serif; font-size: 15px; font-weight: 500; color: #ffffff; line-height: 24px; text-align: justify; margin-bottom:20px\">Em abril, o governo federal criou o Grupo Executivo do Complexo Econ\u00f4mico-Industrial da Sa\u00fade (GECEIS), integrado por 20 \u00f3rg\u00e3os p\u00fablicos, sob a coordena\u00e7\u00e3o do Minist\u00e9rio da Sa\u00fade.\u00a0Participam tamb\u00e9m, sem poder decis\u00f3rio, associa\u00e7\u00f5es da sociedade civil. Adicionalmente, em 26 de setembro, foi lan\u00e7ada pelo governo federal a Estrat\u00e9gia Nacional para o Complexo Econ\u00f4mico-Industrial da Sa\u00fade \u2013 um plano de a\u00e7\u00f5es que visa incentivar o desenvolvimento do setor no pa\u00eds com uma previs\u00e3o de investimentos de R$ 42 bilh\u00f5es.<\/p>\n<p class=\"blocoAzul\" style=\"font-family: Figtree, sans-serif; font-size: 15px; font-weight: 500; color: #ffffff; line-height: 24px; text-align: justify; margin-bottom:20px\">Figura central do GECEIS, o Secret\u00e1rio de Ci\u00eancia, Tecnologia, Inova\u00e7\u00e3o e Complexo Industrial da Sa\u00fade, do Minist\u00e9rio da Sa\u00fade, <strong>Carlos Gadelha<\/strong>, vir\u00e1 \u00e0 Funda\u00e7\u00e3o FHC para apresentar os objetivos e desafios dessa iniciativa.<\/p>\n<p class=\"blocoAzul\" style=\"font-family: Figtree, sans-serif; font-size: 15px; font-weight: 500; color: #ffffff; line-height: 24px; text-align: justify; margin-bottom:20px\">Sua interven\u00e7\u00e3o ser\u00e1 comentada por <strong>Fernanda de Negri<\/strong>, diretora de Estudos Setoriais do IPEA, e <strong>Maur\u00edcio Mendon\u00e7a<\/strong>, diretor de rela\u00e7\u00f5es institucionais da Sanofi.<\/p>\n","protected":false},"excerpt":{"rendered":"<p>A pandemia da Covid-19 demonstrou o risco da depend\u00eancia excessiva de importa\u00e7\u00f5es de insumos m\u00e9dicos. Em resposta, v\u00e1rios pa\u00edses t\u00eam procurado fortalecer a capacidade dom\u00e9stica de produ\u00e7\u00e3o de f\u00e1rmacos e vacinas. N\u00e3o se trata de um giro de 180 graus, mas da busca de um novo equil\u00edbrio entre importa\u00e7\u00f5es e produ\u00e7\u00e3o local. N\u00e3o s\u00e3o muitos [&hellip;]<\/p>\n","protected":false},"author":3,"featured_media":329,"parent":211,"menu_order":0,"comment_status":"closed","ping_status":"closed","template":"template-landing.php","meta":{"inline_featured_image":false,"footnotes":""},"class_list":["post-325","page","type-page","status-publish","has-post-thumbnail","hentry"],"acf":[],"wps_subtitle":"ENCONTRO PRESENCIAL","_links":{"self":[{"href":"https:\/\/fundacaofhc.org.br\/interage\/wp-json\/wp\/v2\/pages\/325","targetHints":{"allow":["GET"]}}],"collection":[{"href":"https:\/\/fundacaofhc.org.br\/interage\/wp-json\/wp\/v2\/pages"}],"about":[{"href":"https:\/\/fundacaofhc.org.br\/interage\/wp-json\/wp\/v2\/types\/page"}],"author":[{"embeddable":true,"href":"https:\/\/fundacaofhc.org.br\/interage\/wp-json\/wp\/v2\/users\/3"}],"replies":[{"embeddable":true,"href":"https:\/\/fundacaofhc.org.br\/interage\/wp-json\/wp\/v2\/comments?post=325"}],"version-history":[{"count":10,"href":"https:\/\/fundacaofhc.org.br\/interage\/wp-json\/wp\/v2\/pages\/325\/revisions"}],"predecessor-version":[{"id":366,"href":"https:\/\/fundacaofhc.org.br\/interage\/wp-json\/wp\/v2\/pages\/325\/revisions\/366"}],"up":[{"embeddable":true,"href":"https:\/\/fundacaofhc.org.br\/interage\/wp-json\/wp\/v2\/pages\/211"}],"wp:featuredmedia":[{"embeddable":true,"href":"https:\/\/fundacaofhc.org.br\/interage\/wp-json\/wp\/v2\/media\/329"}],"wp:attachment":[{"href":"https:\/\/fundacaofhc.org.br\/interage\/wp-json\/wp\/v2\/media?parent=325"}],"curies":[{"name":"wp","href":"https:\/\/api.w.org\/{rel}","templated":true}]}}