{"id":311,"date":"2023-09-12T11:02:24","date_gmt":"2023-09-12T14:02:24","guid":{"rendered":"https:\/\/fundacaofhc.org.br\/interage\/?page_id=311"},"modified":"2023-09-12T14:14:07","modified_gmt":"2023-09-12T17:14:07","slug":"perspectivas-para-a-industria-brasileira-frente-aos-desafios-globais-3","status":"publish","type":"page","link":"https:\/\/fundacaofhc.org.br\/interage\/lps\/perspectivas-para-a-industria-brasileira-frente-aos-desafios-globais-3\/","title":{"rendered":"Perspectivas para a <br>ind\u00fastria brasileira <br>frente aos desafios globais"},"content":{"rendered":"<p class=\"blocoAzul\" style=\"font-family: Figtree, sans-serif; font-size: 15px; font-weight: 500; color: #ffffff; line-height: 24px; text-align: justify; margin-bottom:20px\">A ind\u00fastria brasileira est\u00e1 diante de um novo conjunto de desafios e oportunidades, colocados por mudan\u00e7as globais complexas e interligadas. Acelera-se a transforma\u00e7\u00e3o tecnol\u00f3gica, de um lado; encurta-se o tempo para evitar uma cat\u00e1strofe clim\u00e1tica, de outro; no mesmo momento em que se agravam as tens\u00f5es entre os pa\u00edses como n\u00e3o se via desde o fim da Guerra Fria. Este quadro traz reflexos para os fluxos de investimento e com\u00e9rcio e uma preocupa\u00e7\u00e3o crescente sobre seguran\u00e7a \u2013 n\u00e3o s\u00f3 devido \u00e0s preocupa\u00e7\u00f5es geopol\u00edticas, mas tamb\u00e9m em decorr\u00eancia das li\u00e7\u00f5es aprendidas com a maior pandemia dos \u00faltimos cem anos.<\/p>\n<p class=\"blocoAzul\" style=\"font-family: Figtree, sans-serif; font-size: 15px; font-weight: 500; color: #ffffff; line-height: 24px; text-align: justify; margin-bottom:20px\">Formar uma vis\u00e3o clara sobre esses desafios e oportunidades e definir objetivos nacionais em fun\u00e7\u00e3o das possibilidades e necessidades de desenvolvimento do pa\u00eds n\u00e3o s\u00e3o tarefa exclusiva do governo ou do setor privado. \u00c9 uma constru\u00e7\u00e3o na qual ambos precisam estar engajados, e tamb\u00e9m a sociedade (universidades, centros de pesquisa, sistemas de ensino, sindicatos).<\/p>\n<p class=\"blocoAzul\" style=\"font-family: Figtree, sans-serif; font-size: 15px; font-weight: 500; color: #ffffff; line-height: 24px; text-align: justify; margin-bottom:20px\">Com o objetivo de contribuir para esse prop\u00f3sito, a Funda\u00e7\u00e3o FHC tem a honra de receber neste evento o presidente da Federa\u00e7\u00e3o das Ind\u00fastrias do Estado de S\u00e3o Paulo (Fiesp), <strong>Josu\u00e9 Gomes<\/strong>, e a Secret\u00e1ria de Com\u00e9rcio Exterior do Minist\u00e9rio do Desenvolvimento, Ind\u00fastria, Com\u00e9rcio e Servi\u00e7os (MDIC), <strong>Tatiana Prazeres<\/strong>.<\/p>\n","protected":false},"excerpt":{"rendered":"<p>A ind\u00fastria brasileira est\u00e1 diante de um novo conjunto de desafios e oportunidades, colocados por mudan\u00e7as globais complexas e interligadas. Acelera-se a transforma\u00e7\u00e3o tecnol\u00f3gica, de um lado; encurta-se o tempo para evitar uma cat\u00e1strofe clim\u00e1tica, de outro; no mesmo momento em que se agravam as tens\u00f5es entre os pa\u00edses como n\u00e3o se via desde o [&hellip;]<\/p>\n","protected":false},"author":1,"featured_media":287,"parent":211,"menu_order":0,"comment_status":"closed","ping_status":"closed","template":"template-landing.php","meta":{"inline_featured_image":false,"footnotes":""},"class_list":["post-311","page","type-page","status-publish","has-post-thumbnail","hentry"],"acf":[],"wps_subtitle":"Youtube","_links":{"self":[{"href":"https:\/\/fundacaofhc.org.br\/interage\/wp-json\/wp\/v2\/pages\/311","targetHints":{"allow":["GET"]}}],"collection":[{"href":"https:\/\/fundacaofhc.org.br\/interage\/wp-json\/wp\/v2\/pages"}],"about":[{"href":"https:\/\/fundacaofhc.org.br\/interage\/wp-json\/wp\/v2\/types\/page"}],"author":[{"embeddable":true,"href":"https:\/\/fundacaofhc.org.br\/interage\/wp-json\/wp\/v2\/users\/1"}],"replies":[{"embeddable":true,"href":"https:\/\/fundacaofhc.org.br\/interage\/wp-json\/wp\/v2\/comments?post=311"}],"version-history":[{"count":2,"href":"https:\/\/fundacaofhc.org.br\/interage\/wp-json\/wp\/v2\/pages\/311\/revisions"}],"predecessor-version":[{"id":323,"href":"https:\/\/fundacaofhc.org.br\/interage\/wp-json\/wp\/v2\/pages\/311\/revisions\/323"}],"up":[{"embeddable":true,"href":"https:\/\/fundacaofhc.org.br\/interage\/wp-json\/wp\/v2\/pages\/211"}],"wp:featuredmedia":[{"embeddable":true,"href":"https:\/\/fundacaofhc.org.br\/interage\/wp-json\/wp\/v2\/media\/287"}],"wp:attachment":[{"href":"https:\/\/fundacaofhc.org.br\/interage\/wp-json\/wp\/v2\/media?parent=311"}],"curies":[{"name":"wp","href":"https:\/\/api.w.org\/{rel}","templated":true}]}}