{"id":2119,"date":"2024-11-14T09:46:01","date_gmt":"2024-11-14T12:46:01","guid":{"rendered":"https:\/\/fundacaofhc.org.br\/interage\/?page_id=2119"},"modified":"2024-11-21T14:47:45","modified_gmt":"2024-11-21T17:47:45","slug":"oficina-do-acervo","status":"publish","type":"page","link":"https:\/\/fundacaofhc.org.br\/interage\/lps\/oficina-do-acervo\/","title":{"rendered":"A arquitetura da base de dados e o projeto descritivo nos acervos"},"content":{"rendered":"<p class=\"blocoAzul\" style=\"font-family: Figtree, sans-serif; font-size: 15px; font-weight: 500; color: #ffffff; line-height: 24px; text-align: justify; margin-bottom:20px\">A oficina tem como objetivo principal p\u00f4r em debate o que se entende como requisitos essenciais de um programa descritivo capaz de atender, de modo unificado, \u00e0s demandas de consulta de acervos h\u00edbridos, formados por documentos de diversas linguagens (textual, sonora, audiovisual, iconogr\u00e1fica). A palestra se deter\u00e1 na metodologia de tratamento documental aplicada aos arquivos da Funda\u00e7\u00e3o FHC e que \u00e9 espelhada em sua base de dados. As v\u00e1rias modalidades de busca e relat\u00f3rios condicionam a facilidade de pesquisa e as possibilidades de atender, na configura\u00e7\u00e3o de uma base de dados, \u00e0s diferentes demandas de informa\u00e7\u00e3o de seus usu\u00e1rios.<\/p>\n","protected":false},"excerpt":{"rendered":"<p>A oficina tem como objetivo principal p\u00f4r em debate o que se entende como requisitos essenciais de um programa descritivo capaz de atender, de modo unificado, \u00e0s demandas de consulta de acervos h\u00edbridos, formados por documentos de diversas linguagens (textual, sonora, audiovisual, iconogr\u00e1fica). A palestra se deter\u00e1 na metodologia de tratamento documental aplicada aos arquivos [&hellip;]<\/p>\n","protected":false},"author":1,"featured_media":2162,"parent":211,"menu_order":0,"comment_status":"closed","ping_status":"closed","template":"template-landing-oficinas.php","meta":{"inline_featured_image":false,"footnotes":""},"class_list":["post-2119","page","type-page","status-publish","has-post-thumbnail","hentry"],"acf":[],"wps_subtitle":"","_links":{"self":[{"href":"https:\/\/fundacaofhc.org.br\/interage\/wp-json\/wp\/v2\/pages\/2119","targetHints":{"allow":["GET"]}}],"collection":[{"href":"https:\/\/fundacaofhc.org.br\/interage\/wp-json\/wp\/v2\/pages"}],"about":[{"href":"https:\/\/fundacaofhc.org.br\/interage\/wp-json\/wp\/v2\/types\/page"}],"author":[{"embeddable":true,"href":"https:\/\/fundacaofhc.org.br\/interage\/wp-json\/wp\/v2\/users\/1"}],"replies":[{"embeddable":true,"href":"https:\/\/fundacaofhc.org.br\/interage\/wp-json\/wp\/v2\/comments?post=2119"}],"version-history":[{"count":21,"href":"https:\/\/fundacaofhc.org.br\/interage\/wp-json\/wp\/v2\/pages\/2119\/revisions"}],"predecessor-version":[{"id":2171,"href":"https:\/\/fundacaofhc.org.br\/interage\/wp-json\/wp\/v2\/pages\/2119\/revisions\/2171"}],"up":[{"embeddable":true,"href":"https:\/\/fundacaofhc.org.br\/interage\/wp-json\/wp\/v2\/pages\/211"}],"wp:featuredmedia":[{"embeddable":true,"href":"https:\/\/fundacaofhc.org.br\/interage\/wp-json\/wp\/v2\/media\/2162"}],"wp:attachment":[{"href":"https:\/\/fundacaofhc.org.br\/interage\/wp-json\/wp\/v2\/media?parent=2119"}],"curies":[{"name":"wp","href":"https:\/\/api.w.org\/{rel}","templated":true}]}}