{"id":2080,"date":"2024-11-06T14:55:26","date_gmt":"2024-11-06T17:55:26","guid":{"rendered":"https:\/\/fundacaofhc.org.br\/interage\/?page_id=2080"},"modified":"2024-11-19T15:22:56","modified_gmt":"2024-11-19T18:22:56","slug":"eleicoes-direito-de-voto-e-democracia-estados-unidos-e-brasil-em-perspectiva-comparada-2","status":"publish","type":"page","link":"https:\/\/fundacaofhc.org.br\/interage\/lps\/eleicoes-direito-de-voto-e-democracia-estados-unidos-e-brasil-em-perspectiva-comparada-2\/","title":{"rendered":"Elei\u00e7\u00f5es, Direito de Voto e Democracia: Estados Unidos e Brasil em Perspectiva Comparada"},"content":{"rendered":"<p class=\"blocoAzul\" style=\"font-family: Figtree, sans-serif; font-size: 15px; font-weight: 500; color: #ffffff; line-height: 24px; text-align: justify; margin-bottom:20px\">Garantir que as elei\u00e7\u00f5es transcorram de modo pac\u00edfico, assegurando o direito ao voto, a competi\u00e7\u00e3o leal entre partidos e candidatos e a apura\u00e7\u00e3o fidedigna da vontade popular s\u00e3o os objetivos principais do direito eleitoral e das institui\u00e7\u00f5es respons\u00e1veis por aplic\u00e1-lo.<\/p>\n<p class=\"blocoAzul\" style=\"font-family: Figtree, sans-serif; font-size: 15px; font-weight: 500; color: #ffffff; line-height: 24px; text-align: justify; margin-bottom:20px\">No Brasil, a Justi\u00e7a Eleitoral \u2014 um ramo especializado do Judici\u00e1rio \u2014 tem alcance nacional. Nos Estados Unidos, a autonomia estadual \u00e9 maior na organiza\u00e7\u00e3o e gest\u00e3o dos processos eleitorais. A extens\u00e3o dessa autonomia provoca controv\u00e9rsia de crescente voltagem pol\u00edtica, que decis\u00f5es recentes da Suprema Corte n\u00e3o t\u00eam dirimido. O exerc\u00edcio do direito ao voto e os pr\u00f3prios processos eleitorais se tornaram objeto da disputa pol\u00edtica, em meio a teorias conspirat\u00f3rias sobre fraudes eleitorais. No Brasil, teorias igualmente infundadas tamb\u00e9m existem, mas a contesta\u00e7\u00e3o \u00e0 legitimidade das elei\u00e7\u00f5es tem se mostrado mais limitada no tempo e no espa\u00e7o.<\/p>\n<p class=\"blocoAzul\" style=\"font-family: Figtree, sans-serif; font-size: 15px; font-weight: 500; color: #ffffff; line-height: 24px; text-align: justify; margin-bottom:20px\">Para discutir a import\u00e2ncia que as institui\u00e7\u00f5es e as legisla\u00e7\u00f5es eleitorais t\u00eam na sustenta\u00e7\u00e3o da democracia e as diferen\u00e7as recentemente observadas no Brasil e nos Estados Unidos, a Funda\u00e7\u00e3o FHC promove este debate internacional, tendo como\u00a0<em>keynote speaker<\/em>\u00a0Joshua A. Douglas, professor de direito constitucional, legisla\u00e7\u00e3o eleitoral e direito de voto da\u00a0<em>University of Kentucky<\/em>, autor dos livros &#8220;Vote for US: How to Take Back Our Elections and Change the Future of Voting&#8221; (Prometheus Books 2019) e &#8220;The Court v. The Voters: The Troubling Story of How the Supreme Court Has Undermined Voting Rights&#8221; (Beacon Press 2024).<\/p>\n","protected":false},"excerpt":{"rendered":"<p>Garantir que as elei\u00e7\u00f5es transcorram de modo pac\u00edfico, assegurando o direito ao voto, a competi\u00e7\u00e3o leal entre partidos e candidatos e a apura\u00e7\u00e3o fidedigna da vontade popular s\u00e3o os objetivos principais do direito eleitoral e das institui\u00e7\u00f5es respons\u00e1veis por aplic\u00e1-lo. No Brasil, a Justi\u00e7a Eleitoral \u2014 um ramo especializado do Judici\u00e1rio \u2014 tem alcance nacional. [&hellip;]<\/p>\n","protected":false},"author":3,"featured_media":2060,"parent":211,"menu_order":0,"comment_status":"closed","ping_status":"closed","template":"template-landing-2024.php","meta":{"inline_featured_image":false,"footnotes":""},"class_list":["post-2080","page","type-page","status-publish","has-post-thumbnail","hentry"],"acf":[],"wps_subtitle":"YOUTUBE","_links":{"self":[{"href":"https:\/\/fundacaofhc.org.br\/interage\/wp-json\/wp\/v2\/pages\/2080","targetHints":{"allow":["GET"]}}],"collection":[{"href":"https:\/\/fundacaofhc.org.br\/interage\/wp-json\/wp\/v2\/pages"}],"about":[{"href":"https:\/\/fundacaofhc.org.br\/interage\/wp-json\/wp\/v2\/types\/page"}],"author":[{"embeddable":true,"href":"https:\/\/fundacaofhc.org.br\/interage\/wp-json\/wp\/v2\/users\/3"}],"replies":[{"embeddable":true,"href":"https:\/\/fundacaofhc.org.br\/interage\/wp-json\/wp\/v2\/comments?post=2080"}],"version-history":[{"count":3,"href":"https:\/\/fundacaofhc.org.br\/interage\/wp-json\/wp\/v2\/pages\/2080\/revisions"}],"predecessor-version":[{"id":2168,"href":"https:\/\/fundacaofhc.org.br\/interage\/wp-json\/wp\/v2\/pages\/2080\/revisions\/2168"}],"up":[{"embeddable":true,"href":"https:\/\/fundacaofhc.org.br\/interage\/wp-json\/wp\/v2\/pages\/211"}],"wp:featuredmedia":[{"embeddable":true,"href":"https:\/\/fundacaofhc.org.br\/interage\/wp-json\/wp\/v2\/media\/2060"}],"wp:attachment":[{"href":"https:\/\/fundacaofhc.org.br\/interage\/wp-json\/wp\/v2\/media?parent=2080"}],"curies":[{"name":"wp","href":"https:\/\/api.w.org\/{rel}","templated":true}]}}