{"id":1920,"date":"2024-10-02T15:04:41","date_gmt":"2024-10-02T18:04:41","guid":{"rendered":"https:\/\/fundacaofhc.org.br\/interage\/?page_id=1920"},"modified":"2024-12-02T16:28:32","modified_gmt":"2024-12-02T19:28:32","slug":"ciclo-de-debates-o-brasil-na-visao-das-liderancas-publicas-governador-ronaldo-caiado","status":"publish","type":"page","link":"https:\/\/fundacaofhc.org.br\/interage\/lps\/ciclo-de-debates-o-brasil-na-visao-das-liderancas-publicas-governador-ronaldo-caiado\/","title":{"rendered":"Ciclo de Debates \u201cO Brasil na Vis\u00e3o das Lideran\u00e7as P\u00fablicas\u201d, com o governador Ronaldo Caiado"},"content":{"rendered":"<p class=\"blocoAzul\" style=\"font-family: Figtree, sans-serif; font-size: 15px; font-weight: 500; color: #ffffff; line-height: 24px; text-align: justify; margin-bottom:20px\">Candidato \u00e0 Presid\u00eancia da Rep\u00fablica na primeira elei\u00e7\u00e3o direta depois do retorno \u00e0 democracia em 1989, <strong>Ronaldo Caiado<\/strong> \u2013 deputado federal por quatro legislaturas consecutivas, entre 1990 e 2014, senador da Rep\u00fablica, entre 2014 e 2018, governador eleito, em 2018, e reeleito em 2022 \u2013 tem uma longa e destacada trajet\u00f3ria pol\u00edtica n\u00e3o s\u00f3 em seu estado, Goi\u00e1s, mas em \u00e2mbito nacional. \u00c9 hoje um dos postulantes \u00e0 Presid\u00eancia da Rep\u00fablica nas elei\u00e7\u00f5es de outubro de 2026.<\/p>\n<p class=\"blocoAzul\" style=\"font-family: Figtree, sans-serif; font-size: 15px; font-weight: 500; color: #ffffff; line-height: 24px; text-align: justify; margin-bottom:20px\">Dando sequ\u00eancia ao ciclo de debates &#8220;O Brasil na vis\u00e3o das lideran\u00e7as p\u00fablicas&#8221;, o governador Caiado vir\u00e1 \u00e0 Funda\u00e7\u00e3o FHC para expor sua vis\u00e3o a respeito do seu estado e do Brasil. Sua apresenta\u00e7\u00e3o ser\u00e1 comentada pela professora em\u00e9rita de Ci\u00eancia Pol\u00edtica da USP <strong>Maria Herm\u00ednia Tavares de Almeida<\/strong>.<\/p>\n","protected":false},"excerpt":{"rendered":"<p>Candidato \u00e0 Presid\u00eancia da Rep\u00fablica na primeira elei\u00e7\u00e3o direta depois do retorno \u00e0 democracia em 1989, Ronaldo Caiado \u2013 deputado federal por quatro legislaturas consecutivas, entre 1990 e 2014, senador da Rep\u00fablica, entre 2014 e 2018, governador eleito, em 2018, e reeleito em 2022 \u2013 tem uma longa e destacada trajet\u00f3ria pol\u00edtica n\u00e3o s\u00f3 em [&hellip;]<\/p>\n","protected":false},"author":3,"featured_media":1926,"parent":211,"menu_order":0,"comment_status":"closed","ping_status":"closed","template":"template-landing-2024.php","meta":{"inline_featured_image":false,"footnotes":""},"class_list":["post-1920","page","type-page","status-publish","has-post-thumbnail","hentry"],"acf":[],"wps_subtitle":"EVENTO PRESENCIAL","_links":{"self":[{"href":"https:\/\/fundacaofhc.org.br\/interage\/wp-json\/wp\/v2\/pages\/1920","targetHints":{"allow":["GET"]}}],"collection":[{"href":"https:\/\/fundacaofhc.org.br\/interage\/wp-json\/wp\/v2\/pages"}],"about":[{"href":"https:\/\/fundacaofhc.org.br\/interage\/wp-json\/wp\/v2\/types\/page"}],"author":[{"embeddable":true,"href":"https:\/\/fundacaofhc.org.br\/interage\/wp-json\/wp\/v2\/users\/3"}],"replies":[{"embeddable":true,"href":"https:\/\/fundacaofhc.org.br\/interage\/wp-json\/wp\/v2\/comments?post=1920"}],"version-history":[{"count":11,"href":"https:\/\/fundacaofhc.org.br\/interage\/wp-json\/wp\/v2\/pages\/1920\/revisions"}],"predecessor-version":[{"id":2185,"href":"https:\/\/fundacaofhc.org.br\/interage\/wp-json\/wp\/v2\/pages\/1920\/revisions\/2185"}],"up":[{"embeddable":true,"href":"https:\/\/fundacaofhc.org.br\/interage\/wp-json\/wp\/v2\/pages\/211"}],"wp:featuredmedia":[{"embeddable":true,"href":"https:\/\/fundacaofhc.org.br\/interage\/wp-json\/wp\/v2\/media\/1926"}],"wp:attachment":[{"href":"https:\/\/fundacaofhc.org.br\/interage\/wp-json\/wp\/v2\/media?parent=1920"}],"curies":[{"name":"wp","href":"https:\/\/api.w.org\/{rel}","templated":true}]}}