{"id":1859,"date":"2024-09-25T14:37:05","date_gmt":"2024-09-25T17:37:05","guid":{"rendered":"https:\/\/fundacaofhc.org.br\/interage\/?page_id=1859"},"modified":"2024-10-21T09:33:54","modified_gmt":"2024-10-21T12:33:54","slug":"descarbonizacao-desafios-e-oportunidades-para-a-industria","status":"publish","type":"page","link":"https:\/\/fundacaofhc.org.br\/interage\/lps\/descarbonizacao-desafios-e-oportunidades-para-a-industria\/","title":{"rendered":"Descarboniza\u00e7\u00e3o: desafios <br> e oportunidades para a ind\u00fastria"},"content":{"rendered":"<p class=\"blocoAzul\" style=\"font-family: Figtree, sans-serif; font-size: 15px; font-weight: 500; color: #ffffff; line-height: 24px; text-align: justify; margin-bottom:20px\">A necess\u00e1ria descarboniza\u00e7\u00e3o da economia global oferece oportunidades para que a ind\u00fastria brasileira escape do decl\u00ednio que tem sofrido nas \u00faltimas d\u00e9cadas. Para ir al\u00e9m dessa constata\u00e7\u00e3o trivial, a Funda\u00e7\u00e3o Fernando Henrique Cardoso e o Centro de Estudos sobre Desenvolvimento e Integra\u00e7\u00e3o (CINDES) produziram uma s\u00e9rie de tr\u00eas\u00a0<em>papers<\/em>\u00a0sobre pol\u00edticas industriais verdes. Os estudos contaram com apoio da Federa\u00e7\u00e3o das Ind\u00fastrias do Estado de S\u00e3o Paulo (FIESP), mas seu conte\u00fado \u00e9 de responsabilidade exclusiva das duas institui\u00e7\u00f5es que os produziram.<\/p>\n<p class=\"blocoAzul\" style=\"font-family: Figtree, sans-serif; font-size: 15px; font-weight: 500; color: #ffffff; line-height: 24px; text-align: justify; margin-bottom:20px\">Nos\u00a0<em>papers<\/em>, s\u00e3o abordadas duas quest\u00f5es principais: o que os pa\u00edses mais desenvolvidos v\u00eam realizando para fazer da descarboniza\u00e7\u00e3o uma alavanca para as suas ind\u00fastrias e o que o Brasil pode fazer com o mesmo objetivo?<\/p>\n<p class=\"blocoAzul\" style=\"font-family: Figtree, sans-serif; font-size: 15px; font-weight: 500; color: #ffffff; line-height: 24px; text-align: justify; margin-bottom:20px\">Neste webinar, ser\u00e3o apresentadas as principais conclus\u00f5es dos estudos e discutidas as op\u00e7\u00f5es de pol\u00edtica que o Brasil tem \u00e0 disposi\u00e7\u00e3o, com seus desafios, custos e benef\u00edcios, para fazer da descarboniza\u00e7\u00e3o uma oportunidade para sua ind\u00fastria.<\/p>\n<p class=\"blocoAzul\" style=\"font-family: Figtree, sans-serif; font-size: 15px; font-weight: 500; color: #ffffff; line-height: 24px; text-align: justify; margin-bottom:20px\"><span style=\"color: #ffffff;\"><strong><a style=\"color: #ffffff;\" href=\"https:\/\/fundacaofhc.org.br\/publicacao\/descarbonizacao-desafios-e-oportunidades-para-a-industria-brasileira-diagnostico-e-propostas\/\">Clique aqui para acessar os papers sobre descarboniza\u00e7\u00e3o<\/a>.<\/strong><\/span><\/p>\n","protected":false},"excerpt":{"rendered":"<p>A necess\u00e1ria descarboniza\u00e7\u00e3o da economia global oferece oportunidades para que a ind\u00fastria brasileira escape do decl\u00ednio que tem sofrido nas \u00faltimas d\u00e9cadas. Para ir al\u00e9m dessa constata\u00e7\u00e3o trivial, a Funda\u00e7\u00e3o Fernando Henrique Cardoso e o Centro de Estudos sobre Desenvolvimento e Integra\u00e7\u00e3o (CINDES) produziram uma s\u00e9rie de tr\u00eas\u00a0papers\u00a0sobre pol\u00edticas industriais verdes. Os estudos contaram com [&hellip;]<\/p>\n","protected":false},"author":3,"featured_media":1899,"parent":211,"menu_order":0,"comment_status":"closed","ping_status":"closed","template":"template-landing-2024.php","meta":{"inline_featured_image":false,"footnotes":""},"class_list":["post-1859","page","type-page","status-publish","has-post-thumbnail","hentry"],"acf":[],"wps_subtitle":"ZOOM","_links":{"self":[{"href":"https:\/\/fundacaofhc.org.br\/interage\/wp-json\/wp\/v2\/pages\/1859","targetHints":{"allow":["GET"]}}],"collection":[{"href":"https:\/\/fundacaofhc.org.br\/interage\/wp-json\/wp\/v2\/pages"}],"about":[{"href":"https:\/\/fundacaofhc.org.br\/interage\/wp-json\/wp\/v2\/types\/page"}],"author":[{"embeddable":true,"href":"https:\/\/fundacaofhc.org.br\/interage\/wp-json\/wp\/v2\/users\/3"}],"replies":[{"embeddable":true,"href":"https:\/\/fundacaofhc.org.br\/interage\/wp-json\/wp\/v2\/comments?post=1859"}],"version-history":[{"count":26,"href":"https:\/\/fundacaofhc.org.br\/interage\/wp-json\/wp\/v2\/pages\/1859\/revisions"}],"predecessor-version":[{"id":1994,"href":"https:\/\/fundacaofhc.org.br\/interage\/wp-json\/wp\/v2\/pages\/1859\/revisions\/1994"}],"up":[{"embeddable":true,"href":"https:\/\/fundacaofhc.org.br\/interage\/wp-json\/wp\/v2\/pages\/211"}],"wp:featuredmedia":[{"embeddable":true,"href":"https:\/\/fundacaofhc.org.br\/interage\/wp-json\/wp\/v2\/media\/1899"}],"wp:attachment":[{"href":"https:\/\/fundacaofhc.org.br\/interage\/wp-json\/wp\/v2\/media?parent=1859"}],"curies":[{"name":"wp","href":"https:\/\/api.w.org\/{rel}","templated":true}]}}