{"id":1810,"date":"2024-09-16T10:34:02","date_gmt":"2024-09-16T13:34:02","guid":{"rendered":"https:\/\/fundacaofhc.org.br\/interage\/?page_id=1810"},"modified":"2024-09-17T15:50:24","modified_gmt":"2024-09-17T18:50:24","slug":"lancamento-do-livro-geopolitica-e-historia-do-povo-judeu","status":"publish","type":"page","link":"https:\/\/fundacaofhc.org.br\/interage\/lps\/lancamento-do-livro-geopolitica-e-historia-do-povo-judeu\/","title":{"rendered":"Lan\u00e7amento do livro <br>&#8220;Geopol\u00edtica e Hist\u00f3ria do Povo Judeu&#8221;"},"content":{"rendered":"<p class=\"blocoAzul\" style=\"font-family: Figtree, sans-serif; font-size: 15px; font-weight: 500; color: #ffffff; line-height: 24px; text-align: justify; margin-bottom:20px\">Convidamos <strong>Celso Lafer<\/strong> e <strong>Rubens Ricupero<\/strong> para conversar com <strong>Bernardo Sorj<\/strong>\u00a0no evento de lan\u00e7amento de seu novo livro \u201c<strong>Geopol\u00edtica e Hist\u00f3ria do Povo Judeu<\/strong>\u201d.\u00a0\u00a0Nele, o autor analisa um percurso de tr\u00eas mil anos que mostra como os contextos hist\u00f3rico e geopol\u00edtico foram fundamentais na forma\u00e7\u00e3o da cultura e do imagin\u00e1rio judeu.<\/p>\n<p class=\"blocoAzul\" style=\"font-family: Figtree, sans-serif; font-size: 15px; font-weight: 500; color: #ffffff; line-height: 24px; text-align: justify; margin-bottom:20px\"><img loading=\"lazy\" decoding=\"async\" class=\"alignnone wp-image-1757 \" style=\"float: left; padding-right: 20px;\" src=\"https:\/\/fundacaofhc.org.br\/interage\/wp-content\/uploads\/2024\/09\/Capa_Geopolitica-003-395x600.jpg\" alt=\"\" width=\"231\" height=\"319\" \/>Como um povo pequeno, conquistado por v\u00e1rios imp\u00e9rios e, durante a maior parte de sua hist\u00f3ria, uma minoria dispersa e perseguida conseguiu sobreviver? Que rela\u00e7\u00f5es manteve com as outras religi\u00f5es monote\u00edstas?\u00a0 Que desafios enfrenta na modernidade e nos tempos atuais?<\/p>\n<p class=\"blocoAzul\" style=\"font-family: Figtree, sans-serif; font-size: 15px; font-weight: 500; color: #ffffff; line-height: 24px; text-align: justify; margin-bottom:20px\">O evento em parceria com o Instituto Brasil-Israel contar\u00e1 com a media\u00e7\u00e3o de <strong>Ruth Goldberg<\/strong>, diretora de Rela\u00e7\u00f5es Institucionais da Funda\u00e7\u00e3o FHC, e <strong>Manoela Miklos<\/strong>, diretora-executiva do IBI.<\/p>\n<div class=\"gmail_default\"><\/div>\n","protected":false},"excerpt":{"rendered":"<p>Convidamos Celso Lafer e Rubens Ricupero para conversar com Bernardo Sorj\u00a0no evento de lan\u00e7amento de seu novo livro \u201cGeopol\u00edtica e Hist\u00f3ria do Povo Judeu\u201d.\u00a0\u00a0Nele, o autor analisa um percurso de tr\u00eas mil anos que mostra como os contextos hist\u00f3rico e geopol\u00edtico foram fundamentais na forma\u00e7\u00e3o da cultura e do imagin\u00e1rio judeu. Como um povo pequeno, [&hellip;]<\/p>\n","protected":false},"author":3,"featured_media":1797,"parent":211,"menu_order":0,"comment_status":"closed","ping_status":"closed","template":"template-landing-2024-v2.php","meta":{"inline_featured_image":false,"footnotes":""},"class_list":["post-1810","page","type-page","status-publish","has-post-thumbnail","hentry"],"acf":[],"wps_subtitle":"DEBATE","_links":{"self":[{"href":"https:\/\/fundacaofhc.org.br\/interage\/wp-json\/wp\/v2\/pages\/1810","targetHints":{"allow":["GET"]}}],"collection":[{"href":"https:\/\/fundacaofhc.org.br\/interage\/wp-json\/wp\/v2\/pages"}],"about":[{"href":"https:\/\/fundacaofhc.org.br\/interage\/wp-json\/wp\/v2\/types\/page"}],"author":[{"embeddable":true,"href":"https:\/\/fundacaofhc.org.br\/interage\/wp-json\/wp\/v2\/users\/3"}],"replies":[{"embeddable":true,"href":"https:\/\/fundacaofhc.org.br\/interage\/wp-json\/wp\/v2\/comments?post=1810"}],"version-history":[{"count":21,"href":"https:\/\/fundacaofhc.org.br\/interage\/wp-json\/wp\/v2\/pages\/1810\/revisions"}],"predecessor-version":[{"id":1837,"href":"https:\/\/fundacaofhc.org.br\/interage\/wp-json\/wp\/v2\/pages\/1810\/revisions\/1837"}],"up":[{"embeddable":true,"href":"https:\/\/fundacaofhc.org.br\/interage\/wp-json\/wp\/v2\/pages\/211"}],"wp:featuredmedia":[{"embeddable":true,"href":"https:\/\/fundacaofhc.org.br\/interage\/wp-json\/wp\/v2\/media\/1797"}],"wp:attachment":[{"href":"https:\/\/fundacaofhc.org.br\/interage\/wp-json\/wp\/v2\/media?parent=1810"}],"curies":[{"name":"wp","href":"https:\/\/api.w.org\/{rel}","templated":true}]}}