{"id":1754,"date":"2024-09-11T15:08:40","date_gmt":"2024-09-11T18:08:40","guid":{"rendered":"https:\/\/fundacaofhc.org.br\/interage\/?page_id=1754"},"modified":"2024-09-18T16:06:42","modified_gmt":"2024-09-18T19:06:42","slug":"mexico-sera-claudia-sheinbaum-uma-extensao-de-andres-manuel-lopez-obrador-2","status":"publish","type":"page","link":"https:\/\/fundacaofhc.org.br\/interage\/lps\/mexico-sera-claudia-sheinbaum-uma-extensao-de-andres-manuel-lopez-obrador-2\/","title":{"rendered":"M\u00e9xico: ser\u00e1 Claudia Sheinbaum uma extens\u00e3o <br> de Andr\u00e9s Manuel L\u00f3pez Obrador?"},"content":{"rendered":"<p class=\"blocoAzul\" style=\"font-family: Figtree, sans-serif; font-size: 15px; font-weight: 500; color: #ffffff; line-height: 24px; text-align: justify; margin-bottom:20px\">A posse de Claudia\u00a0Sheinbaum \u00e9 hist\u00f3rica em si mesma. Trata-se da primeira mulher a assumir a presid\u00eancia do M\u00e9xico. Como se fosse pouco, Sheinbaum, al\u00e9m de l\u00edder pol\u00edtica, tem uma destacada trajet\u00f3ria acad\u00eamica, como f\u00edsica e especialista em mudan\u00e7as clim\u00e1ticas.<\/p>\n<p class=\"blocoAzul\" style=\"font-family: Figtree, sans-serif; font-size: 15px; font-weight: 500; color: #ffffff; line-height: 24px; text-align: justify; margin-bottom:20px\">Seu brilho pessoal n\u00e3o apaga o fato, por\u00e9m, de que ela deve a sua elei\u00e7\u00e3o a Andr\u00e9s Manuel L\u00f3pez Obrador, um presidente que concentrou o poder e adotou pol\u00edticas iliberais e arcaicamente desenvolvimentistas como nenhum outro desde o fim da longa hegemonia do PRI.<\/p>\n<p class=\"blocoAzul\" style=\"font-family: Figtree, sans-serif; font-size: 15px; font-weight: 500; color: #ffffff; line-height: 24px; text-align: justify; margin-bottom:20px\">Nesse cen\u00e1rio, se coloca uma pergunta-chave: Sheinbaum ser\u00e1 uma mera seguidora de AMLO ou buscar\u00e1 imprimir uma marca pessoal ao seu mandato? A resposta a essa pergunta ter\u00e1 consequ\u00eancias importantes para a democracia, para a pol\u00edtica ambiental, para a &#8220;guerra \u00e0s drogas&#8221;, para a pol\u00edtica externa do segundo mais importante pa\u00eds da Am\u00e9rica Latina, com relevantes efeitos para toda a regi\u00e3o.<\/p>\n<p class=\"blocoAzul\" style=\"font-family: Figtree, sans-serif; font-size: 15px; font-weight: 500; color: #ffffff; line-height: 24px; text-align: justify; margin-bottom:20px\">Para discutir essas quest\u00f5es, a Funda\u00e7\u00e3o FHC convidou novamente dois grandes intelectuais p\u00fablicos do M\u00e9xico, um economista e uma cientista pol\u00edtica que j\u00e1 estiveram conosco em outras oportunidades.<\/p>\n","protected":false},"excerpt":{"rendered":"<p>A posse de Claudia\u00a0Sheinbaum \u00e9 hist\u00f3rica em si mesma. Trata-se da primeira mulher a assumir a presid\u00eancia do M\u00e9xico. Como se fosse pouco, Sheinbaum, al\u00e9m de l\u00edder pol\u00edtica, tem uma destacada trajet\u00f3ria acad\u00eamica, como f\u00edsica e especialista em mudan\u00e7as clim\u00e1ticas. Seu brilho pessoal n\u00e3o apaga o fato, por\u00e9m, de que ela deve a sua elei\u00e7\u00e3o [&hellip;]<\/p>\n","protected":false},"author":3,"featured_media":1750,"parent":211,"menu_order":0,"comment_status":"closed","ping_status":"closed","template":"template-landing-2024.php","meta":{"inline_featured_image":false,"footnotes":""},"class_list":["post-1754","page","type-page","status-publish","has-post-thumbnail","hentry"],"acf":[],"wps_subtitle":"YOUTUBE","_links":{"self":[{"href":"https:\/\/fundacaofhc.org.br\/interage\/wp-json\/wp\/v2\/pages\/1754","targetHints":{"allow":["GET"]}}],"collection":[{"href":"https:\/\/fundacaofhc.org.br\/interage\/wp-json\/wp\/v2\/pages"}],"about":[{"href":"https:\/\/fundacaofhc.org.br\/interage\/wp-json\/wp\/v2\/types\/page"}],"author":[{"embeddable":true,"href":"https:\/\/fundacaofhc.org.br\/interage\/wp-json\/wp\/v2\/users\/3"}],"replies":[{"embeddable":true,"href":"https:\/\/fundacaofhc.org.br\/interage\/wp-json\/wp\/v2\/comments?post=1754"}],"version-history":[{"count":4,"href":"https:\/\/fundacaofhc.org.br\/interage\/wp-json\/wp\/v2\/pages\/1754\/revisions"}],"predecessor-version":[{"id":1845,"href":"https:\/\/fundacaofhc.org.br\/interage\/wp-json\/wp\/v2\/pages\/1754\/revisions\/1845"}],"up":[{"embeddable":true,"href":"https:\/\/fundacaofhc.org.br\/interage\/wp-json\/wp\/v2\/pages\/211"}],"wp:featuredmedia":[{"embeddable":true,"href":"https:\/\/fundacaofhc.org.br\/interage\/wp-json\/wp\/v2\/media\/1750"}],"wp:attachment":[{"href":"https:\/\/fundacaofhc.org.br\/interage\/wp-json\/wp\/v2\/media?parent=1754"}],"curies":[{"name":"wp","href":"https:\/\/api.w.org\/{rel}","templated":true}]}}