{"id":1709,"date":"2024-08-28T11:20:30","date_gmt":"2024-08-28T14:20:30","guid":{"rendered":"https:\/\/fundacaofhc.org.br\/interage\/?page_id=1709"},"modified":"2024-08-29T12:42:04","modified_gmt":"2024-08-29T15:42:04","slug":"a-posicao-do-japao-em-um-mundo-cada-vez-mais-incerto-2","status":"publish","type":"page","link":"https:\/\/fundacaofhc.org.br\/interage\/lps\/a-posicao-do-japao-em-um-mundo-cada-vez-mais-incerto-2\/","title":{"rendered":"A posi\u00e7\u00e3o do Jap\u00e3o em um mundo <br> cada vez mais incerto"},"content":{"rendered":"<p class=\"blocoAzul\" style=\"font-family: Figtree, sans-serif; font-size: 15px; font-weight: 500; color: #ffffff; line-height: 24px; text-align: justify; margin-bottom:20px\"><span style=\"font-weight: 400;\">S\u00f3lido aliado dos Estados Unidos h\u00e1 quase 80 anos e uma das maiores economias mundiais, o Jap\u00e3o enfrenta desafios m\u00faltiplos em um mundo multipolar, no qual a \u00c1sia ter\u00e1 papel cada vez mais relevante. China, R\u00fassia e Coreia do Norte, seus tr\u00eas principais vizinhos, t\u00eam objetivos geopol\u00edticos diferentes, mas buscam uma aproxima\u00e7\u00e3o entre eles. Como lidar com esse novo cen\u00e1rio? O que mudou na nova Estrat\u00e9gia de Seguran\u00e7a Nacional do Jap\u00e3o, divulgada em dezembro de 2022? O que esperar das rela\u00e7\u00f5es com o futuro governo em Washington?\u00a0<\/span><\/p>\n<p class=\"blocoAzul\" style=\"font-family: Figtree, sans-serif; font-size: 15px; font-weight: 500; color: #ffffff; line-height: 24px; text-align: justify; margin-bottom:20px\"><span style=\"font-weight: 400;\">Para discutir essas quest\u00f5es, a <strong>Funda\u00e7\u00e3o FHC<\/strong> e a <strong>Japan House S\u00e3o Paulo<\/strong> convidam uma das maiores especialistas japonesas em seguran\u00e7a, defesa e rela\u00e7\u00f5es internacionais, baseada em Washington DC.<\/span><\/p>\n","protected":false},"excerpt":{"rendered":"<p>S\u00f3lido aliado dos Estados Unidos h\u00e1 quase 80 anos e uma das maiores economias mundiais, o Jap\u00e3o enfrenta desafios m\u00faltiplos em um mundo multipolar, no qual a \u00c1sia ter\u00e1 papel cada vez mais relevante. China, R\u00fassia e Coreia do Norte, seus tr\u00eas principais vizinhos, t\u00eam objetivos geopol\u00edticos diferentes, mas buscam uma aproxima\u00e7\u00e3o entre eles. Como [&hellip;]<\/p>\n","protected":false},"author":3,"featured_media":1695,"parent":211,"menu_order":0,"comment_status":"closed","ping_status":"closed","template":"template-landing-2024-v2.php","meta":{"inline_featured_image":false,"footnotes":""},"class_list":["post-1709","page","type-page","status-publish","has-post-thumbnail","hentry"],"acf":[],"wps_subtitle":"YOUTUBE","_links":{"self":[{"href":"https:\/\/fundacaofhc.org.br\/interage\/wp-json\/wp\/v2\/pages\/1709","targetHints":{"allow":["GET"]}}],"collection":[{"href":"https:\/\/fundacaofhc.org.br\/interage\/wp-json\/wp\/v2\/pages"}],"about":[{"href":"https:\/\/fundacaofhc.org.br\/interage\/wp-json\/wp\/v2\/types\/page"}],"author":[{"embeddable":true,"href":"https:\/\/fundacaofhc.org.br\/interage\/wp-json\/wp\/v2\/users\/3"}],"replies":[{"embeddable":true,"href":"https:\/\/fundacaofhc.org.br\/interage\/wp-json\/wp\/v2\/comments?post=1709"}],"version-history":[{"count":8,"href":"https:\/\/fundacaofhc.org.br\/interage\/wp-json\/wp\/v2\/pages\/1709\/revisions"}],"predecessor-version":[{"id":1727,"href":"https:\/\/fundacaofhc.org.br\/interage\/wp-json\/wp\/v2\/pages\/1709\/revisions\/1727"}],"up":[{"embeddable":true,"href":"https:\/\/fundacaofhc.org.br\/interage\/wp-json\/wp\/v2\/pages\/211"}],"wp:featuredmedia":[{"embeddable":true,"href":"https:\/\/fundacaofhc.org.br\/interage\/wp-json\/wp\/v2\/media\/1695"}],"wp:attachment":[{"href":"https:\/\/fundacaofhc.org.br\/interage\/wp-json\/wp\/v2\/media?parent=1709"}],"curies":[{"name":"wp","href":"https:\/\/api.w.org\/{rel}","templated":true}]}}