{"id":1580,"date":"2024-08-08T19:21:27","date_gmt":"2024-08-08T22:21:27","guid":{"rendered":"https:\/\/fundacaofhc.org.br\/interage\/?page_id=1580"},"modified":"2024-08-09T09:52:31","modified_gmt":"2024-08-09T12:52:31","slug":"a-situacao-politica-na-venezuela-ha-luz-no-fim-do-tunel-2","status":"publish","type":"page","link":"https:\/\/fundacaofhc.org.br\/interage\/lps\/a-situacao-politica-na-venezuela-ha-luz-no-fim-do-tunel-2\/","title":{"rendered":"A situa\u00e7\u00e3o pol\u00edtica na Venezuela: <br>h\u00e1 luz no fim do t\u00fanel?"},"content":{"rendered":"<p style=\"font-weight: 400;\" class=\"blocoAzul\" style=\"font-family: Figtree, sans-serif; font-size: 15px; font-weight: 500; color: #ffffff; line-height: 24px; text-align: justify; margin-bottom:20px\">A fraude eleitoral no pa\u00eds vizinho desencadeou press\u00f5es internacionais contra o regime chavista.\u00a0Nicol\u00e1s Maduro responde a essas press\u00f5es com mais repress\u00e3o \u00e0 oposi\u00e7\u00e3o. A Venezuela parece estar a caminho de uma ditadura ao estilo da Nicar\u00e1gua. Que for\u00e7as e fatores podem impedir esse desenlace? Quais as implica\u00e7\u00f5es geopol\u00edticas da situa\u00e7\u00e3o venezuelana, em especial para a Am\u00e9rica do Sul? Que papel pode e deve jogar o Brasil para encontrar uma sa\u00edda\u00a0ao agravamento da crise?<\/p>\n<p style=\"font-weight: 400;\" class=\"blocoAzul\" style=\"font-family: Figtree, sans-serif; font-size: 15px; font-weight: 500; color: #ffffff; line-height: 24px; text-align: justify; margin-bottom:20px\">Para discutir essas quest\u00f5es, a Funda\u00e7\u00e3o FHC convidou a soci\u00f3loga Margarita L\u00f3pez Maya, importante intelectual p\u00fablica venezuelana, e o cientista pol\u00edtico Andr\u00e9s Serbin, ex-professor da\u00a0<em>Universidad Central de Venezuela<\/em>\u00a0e\u00a0<em>chair<\/em>\u00a0do conselho acad\u00eamico da <em>Coordinadora Regional de Investigaciones Econ\u00f3micas y Sociales<\/em> (CRIES), com sede em Buenos Aires.<\/p>\n","protected":false},"excerpt":{"rendered":"<p>A fraude eleitoral no pa\u00eds vizinho desencadeou press\u00f5es internacionais contra o regime chavista.\u00a0Nicol\u00e1s Maduro responde a essas press\u00f5es com mais repress\u00e3o \u00e0 oposi\u00e7\u00e3o. A Venezuela parece estar a caminho de uma ditadura ao estilo da Nicar\u00e1gua. Que for\u00e7as e fatores podem impedir esse desenlace? Quais as implica\u00e7\u00f5es geopol\u00edticas da situa\u00e7\u00e3o venezuelana, em especial para a [&hellip;]<\/p>\n","protected":false},"author":3,"featured_media":1591,"parent":211,"menu_order":0,"comment_status":"closed","ping_status":"closed","template":"template-landing-2024.php","meta":{"inline_featured_image":false,"footnotes":""},"class_list":["post-1580","page","type-page","status-publish","has-post-thumbnail","hentry"],"acf":[],"wps_subtitle":"YOUTUBE","_links":{"self":[{"href":"https:\/\/fundacaofhc.org.br\/interage\/wp-json\/wp\/v2\/pages\/1580","targetHints":{"allow":["GET"]}}],"collection":[{"href":"https:\/\/fundacaofhc.org.br\/interage\/wp-json\/wp\/v2\/pages"}],"about":[{"href":"https:\/\/fundacaofhc.org.br\/interage\/wp-json\/wp\/v2\/types\/page"}],"author":[{"embeddable":true,"href":"https:\/\/fundacaofhc.org.br\/interage\/wp-json\/wp\/v2\/users\/3"}],"replies":[{"embeddable":true,"href":"https:\/\/fundacaofhc.org.br\/interage\/wp-json\/wp\/v2\/comments?post=1580"}],"version-history":[{"count":5,"href":"https:\/\/fundacaofhc.org.br\/interage\/wp-json\/wp\/v2\/pages\/1580\/revisions"}],"predecessor-version":[{"id":1595,"href":"https:\/\/fundacaofhc.org.br\/interage\/wp-json\/wp\/v2\/pages\/1580\/revisions\/1595"}],"up":[{"embeddable":true,"href":"https:\/\/fundacaofhc.org.br\/interage\/wp-json\/wp\/v2\/pages\/211"}],"wp:featuredmedia":[{"embeddable":true,"href":"https:\/\/fundacaofhc.org.br\/interage\/wp-json\/wp\/v2\/media\/1591"}],"wp:attachment":[{"href":"https:\/\/fundacaofhc.org.br\/interage\/wp-json\/wp\/v2\/media?parent=1580"}],"curies":[{"name":"wp","href":"https:\/\/api.w.org\/{rel}","templated":true}]}}