{"id":1549,"date":"2024-08-08T15:56:29","date_gmt":"2024-08-08T18:56:29","guid":{"rendered":"https:\/\/fundacaofhc.org.br\/interage\/?page_id=1549"},"modified":"2024-08-26T15:38:04","modified_gmt":"2024-08-26T18:38:04","slug":"universalismo-eurocentrico-x-identitarismo-decolonial-existem-alternativas-para-a-compreensao-do-mundo","status":"publish","type":"page","link":"https:\/\/fundacaofhc.org.br\/interage\/lps\/universalismo-eurocentrico-x-identitarismo-decolonial-existem-alternativas-para-a-compreensao-do-mundo\/","title":{"rendered":"Universalismo euroc\u00eantrico x identitarismo decolonial: existem alternativas para <br> a compreens\u00e3o do mundo"},"content":{"rendered":"<p class=\"blocoAzul\" style=\"font-family: Figtree, sans-serif; font-size: 15px; font-weight: 500; color: #ffffff; line-height: 24px; text-align: justify; margin-bottom:20px\">O debate contempor\u00e2neo nas ci\u00eancias sociais tem sido marcado por duas posi\u00e7\u00f5es polares: uma delas pretensamente universalista e n\u00e3o raro euroc\u00eantrica; outra dita identit\u00e1ria e decolonial. Afastando-se de ambas, sem desconhecer suas contribui\u00e7\u00f5es, o soci\u00f3logo Danilo Martuccelli analisa a g\u00eanese e as transforma\u00e7\u00f5es do mundo contempor\u00e2neo a partir da import\u00e2ncia dos processos geopol\u00edticos e culturais de longa dura\u00e7\u00e3o.<\/p>\n<p class=\"blocoAzul\" style=\"font-family: Figtree, sans-serif; font-size: 15px; font-weight: 500; color: #ffffff; line-height: 24px; text-align: justify; margin-bottom:20px\">Neste webinar, discutiremos os desafios que enfrenta a teoria social para compreender o mundo e as possibilidades de constru\u00e7\u00e3o de vis\u00f5es alternativas da hist\u00f3ria e da sociedade.<\/p>\n<p class=\"blocoAzul\" style=\"font-family: Figtree, sans-serif; font-size: 15px; font-weight: 500; color: #ffffff; line-height: 24px; text-align: justify; margin-bottom:20px\"><a href=\"https:\/\/fundacaofhc.org.br\/publicacao\/uma-cartografia-social-do-mundo-contemporaneo\/\"><img loading=\"lazy\" decoding=\"async\" class=\"alignnone wp-image-1642\" style=\"float: left; padding-right: 20px;\" src=\"https:\/\/fundacaofhc.org.br\/interage\/wp-content\/uploads\/2024\/08\/Captura-de-Tela-2024-08-26-a\u0300s-10.04.16-417x600.png\" alt=\"\" width=\"147\" height=\"196\" \/><\/a><br \/>\n<span style=\"color: #ffffff;\">Convidamos o autor e especialistas para discutir essas quest\u00f5es neste webin\u00e1rio de lan\u00e7amento do livro <strong>\u2018Uma cartografia social do mundo contempor\u00e2neo\u2019<\/strong>, publicado em portugu\u00eas pela Plataforma Democr\u00e1tica (Funda\u00e7\u00e3o FHC e Centro Edelstein de Pesquisas Sociais), <a style=\"color: #ffffff;\" href=\"https:\/\/fundacaofhc.org.br\/publicacao\/uma-cartografia-social-do-mundo-contemporaneo\/\">dispon\u00edvel para acesso gratuito<\/a>.<\/span><\/p>\n","protected":false},"excerpt":{"rendered":"<p>O debate contempor\u00e2neo nas ci\u00eancias sociais tem sido marcado por duas posi\u00e7\u00f5es polares: uma delas pretensamente universalista e n\u00e3o raro euroc\u00eantrica; outra dita identit\u00e1ria e decolonial. Afastando-se de ambas, sem desconhecer suas contribui\u00e7\u00f5es, o soci\u00f3logo Danilo Martuccelli analisa a g\u00eanese e as transforma\u00e7\u00f5es do mundo contempor\u00e2neo a partir da import\u00e2ncia dos processos geopol\u00edticos e culturais [&hellip;]<\/p>\n","protected":false},"author":3,"featured_media":1601,"parent":211,"menu_order":0,"comment_status":"closed","ping_status":"closed","template":"template-landing-2024.php","meta":{"inline_featured_image":false,"footnotes":""},"class_list":["post-1549","page","type-page","status-publish","has-post-thumbnail","hentry"],"acf":[],"wps_subtitle":"ZOOM","_links":{"self":[{"href":"https:\/\/fundacaofhc.org.br\/interage\/wp-json\/wp\/v2\/pages\/1549","targetHints":{"allow":["GET"]}}],"collection":[{"href":"https:\/\/fundacaofhc.org.br\/interage\/wp-json\/wp\/v2\/pages"}],"about":[{"href":"https:\/\/fundacaofhc.org.br\/interage\/wp-json\/wp\/v2\/types\/page"}],"author":[{"embeddable":true,"href":"https:\/\/fundacaofhc.org.br\/interage\/wp-json\/wp\/v2\/users\/3"}],"replies":[{"embeddable":true,"href":"https:\/\/fundacaofhc.org.br\/interage\/wp-json\/wp\/v2\/comments?post=1549"}],"version-history":[{"count":14,"href":"https:\/\/fundacaofhc.org.br\/interage\/wp-json\/wp\/v2\/pages\/1549\/revisions"}],"predecessor-version":[{"id":1679,"href":"https:\/\/fundacaofhc.org.br\/interage\/wp-json\/wp\/v2\/pages\/1549\/revisions\/1679"}],"up":[{"embeddable":true,"href":"https:\/\/fundacaofhc.org.br\/interage\/wp-json\/wp\/v2\/pages\/211"}],"wp:featuredmedia":[{"embeddable":true,"href":"https:\/\/fundacaofhc.org.br\/interage\/wp-json\/wp\/v2\/media\/1601"}],"wp:attachment":[{"href":"https:\/\/fundacaofhc.org.br\/interage\/wp-json\/wp\/v2\/media?parent=1549"}],"curies":[{"name":"wp","href":"https:\/\/api.w.org\/{rel}","templated":true}]}}