{"id":1530,"date":"2024-08-07T10:33:44","date_gmt":"2024-08-07T13:33:44","guid":{"rendered":"https:\/\/fundacaofhc.org.br\/interage\/?page_id=1530"},"modified":"2024-08-14T12:11:19","modified_gmt":"2024-08-14T15:11:19","slug":"ciclo-de-debatesmeio-ambiente-e-desenvolvimentoas-oportunidades-da-descarbonizacao-e-como-aproveita-las","status":"publish","type":"page","link":"https:\/\/fundacaofhc.org.br\/interage\/lps\/ciclo-de-debatesmeio-ambiente-e-desenvolvimentoas-oportunidades-da-descarbonizacao-e-como-aproveita-las\/","title":{"rendered":"Meio Ambiente e Desenvolvimento:<br>as oportunidades da descarboniza\u00e7\u00e3o e como aproveit\u00e1-las"},"content":{"rendered":"<p class=\"blocoAzul\" style=\"font-family: Figtree, sans-serif; font-size: 15px; font-weight: 500; color: #ffffff; line-height: 24px; text-align: justify; margin-bottom:20px\">Que o Brasil tem oportunidades em um mundo que precisa se descarbonizar com urg\u00eancia \u00e9 uma constata\u00e7\u00e3o verdadeira. De t\u00e3o repetida, vem se tornando trivial. O desafio est\u00e1 em dar forma concreta \u00e0s oportunidades. Isso requer definir prioridades, identificar obst\u00e1culos, estabelecer pol\u00edticas sustent\u00e1veis de longo prazo, mobilizar recursos humanos, t\u00e9cnicos e financeiros, e coordenar esfor\u00e7os entre diferentes n\u00edveis de governo, bem como entre os setores p\u00fablico e privado.<\/p>\n<p class=\"blocoAzul\" style=\"font-family: Figtree, sans-serif; font-size: 15px; font-weight: 500; color: #ffffff; line-height: 24px; text-align: justify; margin-bottom:20px\">As oportunidades e desafios associados \u00e0 mudan\u00e7a clim\u00e1tica ser\u00e3o determinantes para\u00a0a trajet\u00f3ria do pa\u00eds ao longo do s\u00e9culo 21. Em raras ocasi\u00f5es hist\u00f3ricas, os interesses maiores do Brasil estiveram em jogo de maneira t\u00e3o cr\u00edtica.<\/p>\n<p class=\"blocoAzul\" style=\"font-family: Figtree, sans-serif; font-size: 15px; font-weight: 500; color: #ffffff; line-height: 24px; text-align: justify; margin-bottom:20px\">Para avan\u00e7ar na discuss\u00e3o sobre como aproveitar esse momento \u00fanico, a Funda\u00e7\u00e3o FHC d\u00e1 in\u00edcio, com este evento, ao\u00a0ciclo de debates \u201cMeio Ambiente e Desenvolvimento\u201d, que se desdobrar\u00e1 no bi\u00eanio 2024-2025.\u00a0Neste, como nos demais, contaremos com a participa\u00e7\u00e3o de lideran\u00e7as pol\u00edticas, empresariais e cient\u00edficas do pa\u00eds.<\/p>\n","protected":false},"excerpt":{"rendered":"<p>Que o Brasil tem oportunidades em um mundo que precisa se descarbonizar com urg\u00eancia \u00e9 uma constata\u00e7\u00e3o verdadeira. De t\u00e3o repetida, vem se tornando trivial. O desafio est\u00e1 em dar forma concreta \u00e0s oportunidades. Isso requer definir prioridades, identificar obst\u00e1culos, estabelecer pol\u00edticas sustent\u00e1veis de longo prazo, mobilizar recursos humanos, t\u00e9cnicos e financeiros, e coordenar esfor\u00e7os [&hellip;]<\/p>\n","protected":false},"author":3,"featured_media":1531,"parent":211,"menu_order":0,"comment_status":"closed","ping_status":"closed","template":"template-landing-2024-sem-cobre.php","meta":{"inline_featured_image":false,"footnotes":""},"class_list":["post-1530","page","type-page","status-publish","has-post-thumbnail","hentry"],"acf":[],"wps_subtitle":"CONVITE","_links":{"self":[{"href":"https:\/\/fundacaofhc.org.br\/interage\/wp-json\/wp\/v2\/pages\/1530","targetHints":{"allow":["GET"]}}],"collection":[{"href":"https:\/\/fundacaofhc.org.br\/interage\/wp-json\/wp\/v2\/pages"}],"about":[{"href":"https:\/\/fundacaofhc.org.br\/interage\/wp-json\/wp\/v2\/types\/page"}],"author":[{"embeddable":true,"href":"https:\/\/fundacaofhc.org.br\/interage\/wp-json\/wp\/v2\/users\/3"}],"replies":[{"embeddable":true,"href":"https:\/\/fundacaofhc.org.br\/interage\/wp-json\/wp\/v2\/comments?post=1530"}],"version-history":[{"count":9,"href":"https:\/\/fundacaofhc.org.br\/interage\/wp-json\/wp\/v2\/pages\/1530\/revisions"}],"predecessor-version":[{"id":1597,"href":"https:\/\/fundacaofhc.org.br\/interage\/wp-json\/wp\/v2\/pages\/1530\/revisions\/1597"}],"up":[{"embeddable":true,"href":"https:\/\/fundacaofhc.org.br\/interage\/wp-json\/wp\/v2\/pages\/211"}],"wp:featuredmedia":[{"embeddable":true,"href":"https:\/\/fundacaofhc.org.br\/interage\/wp-json\/wp\/v2\/media\/1531"}],"wp:attachment":[{"href":"https:\/\/fundacaofhc.org.br\/interage\/wp-json\/wp\/v2\/media?parent=1530"}],"curies":[{"name":"wp","href":"https:\/\/api.w.org\/{rel}","templated":true}]}}