{"id":1450,"date":"2024-07-24T15:04:32","date_gmt":"2024-07-24T18:04:32","guid":{"rendered":"https:\/\/fundacaofhc.org.br\/interage\/?page_id=1450"},"modified":"2024-07-24T15:04:55","modified_gmt":"2024-07-24T18:04:55","slug":"fundacao-fhc-comemora-20-anos-com-palestra-de-steven-levitsky-4","status":"publish","type":"page","link":"https:\/\/fundacaofhc.org.br\/interage\/lps\/fundacao-fhc-comemora-20-anos-com-palestra-de-steven-levitsky-4\/","title":{"rendered":"Funda\u00e7\u00e3o FHC comemora 20 anos com palestra de Steven Levitsky"},"content":{"rendered":"<p class=\"blocoAzul\" style=\"font-family: Figtree, sans-serif; font-size: 15px; font-weight: 500; color: #ffffff; line-height: 24px; text-align: justify; margin-bottom:20px\">\u00c0s v\u00e9speras da Conven\u00e7\u00e3o Nacional Democrata (19 a 22.ago) e a menos de tr\u00eas meses das elei\u00e7\u00f5es norte-americanas (5.nov), o cientista pol\u00edtico <strong>Steven Levitsky<\/strong> (Harvard University) vem \u00e0 Funda\u00e7\u00e3o FHC para falar sobre seu \u00faltimo livro <em>&#8216;Tyranny of the Minority: Why American Democracy Reached the Breaking Point&#8217;<\/em>, publicado no Brasil com o t\u00edtulo &#8216;Como salvar a democracia&#8217; (Companhia das Letras).<\/p>\n<p class=\"blocoAzul\" style=\"font-family: Figtree, sans-serif; font-size: 15px; font-weight: 500; color: #ffffff; line-height: 24px; text-align: justify; margin-bottom:20px\">No livro, em coautoria com Daniel Ziblatt, Levitsky alerta sobre os esfor\u00e7os da extrema direita para minar os alicerces do sistema pol\u00edtico americano e impedir que os EUA se transformem em uma democracia multirracial vibrante. Os autores lan\u00e7am um apelo urgente para que seja feita uma reforma da pol\u00edtica \u201cantes que seja tarde demais\u201d.<\/p>\n<p class=\"blocoAzul\" style=\"font-family: Figtree, sans-serif; font-size: 15px; font-weight: 500; color: #ffffff; line-height: 24px; text-align: justify; margin-bottom:20px\">Ap\u00f3s sua fala inicial, o autor do best-seller \u2018Como as democracias morrem\u2019 (2018) ser\u00e1 entrevistado pela jornalista <strong>Leila Sterenberg<\/strong> e pelo cientista pol\u00edtico <strong>Sergio Fausto<\/strong>, que far\u00e3o um paralelo com os problemas e os desafios da democracia brasileira.<\/p>\n","protected":false},"excerpt":{"rendered":"<p>\u00c0s v\u00e9speras da Conven\u00e7\u00e3o Nacional Democrata (19 a 22.ago) e a menos de tr\u00eas meses das elei\u00e7\u00f5es norte-americanas (5.nov), o cientista pol\u00edtico Steven Levitsky (Harvard University) vem \u00e0 Funda\u00e7\u00e3o FHC para falar sobre seu \u00faltimo livro &#8216;Tyranny of the Minority: Why American Democracy Reached the Breaking Point&#8217;, publicado no Brasil com o t\u00edtulo &#8216;Como salvar [&hellip;]<\/p>\n","protected":false},"author":3,"featured_media":1442,"parent":211,"menu_order":0,"comment_status":"closed","ping_status":"closed","template":"template-landing-banner.php","meta":{"inline_featured_image":false,"footnotes":""},"class_list":["post-1450","page","type-page","status-publish","has-post-thumbnail","hentry"],"acf":[],"wps_subtitle":"YOUTUBE","_links":{"self":[{"href":"https:\/\/fundacaofhc.org.br\/interage\/wp-json\/wp\/v2\/pages\/1450","targetHints":{"allow":["GET"]}}],"collection":[{"href":"https:\/\/fundacaofhc.org.br\/interage\/wp-json\/wp\/v2\/pages"}],"about":[{"href":"https:\/\/fundacaofhc.org.br\/interage\/wp-json\/wp\/v2\/types\/page"}],"author":[{"embeddable":true,"href":"https:\/\/fundacaofhc.org.br\/interage\/wp-json\/wp\/v2\/users\/3"}],"replies":[{"embeddable":true,"href":"https:\/\/fundacaofhc.org.br\/interage\/wp-json\/wp\/v2\/comments?post=1450"}],"version-history":[{"count":2,"href":"https:\/\/fundacaofhc.org.br\/interage\/wp-json\/wp\/v2\/pages\/1450\/revisions"}],"predecessor-version":[{"id":1452,"href":"https:\/\/fundacaofhc.org.br\/interage\/wp-json\/wp\/v2\/pages\/1450\/revisions\/1452"}],"up":[{"embeddable":true,"href":"https:\/\/fundacaofhc.org.br\/interage\/wp-json\/wp\/v2\/pages\/211"}],"wp:featuredmedia":[{"embeddable":true,"href":"https:\/\/fundacaofhc.org.br\/interage\/wp-json\/wp\/v2\/media\/1442"}],"wp:attachment":[{"href":"https:\/\/fundacaofhc.org.br\/interage\/wp-json\/wp\/v2\/media?parent=1450"}],"curies":[{"name":"wp","href":"https:\/\/api.w.org\/{rel}","templated":true}]}}