{"id":1399,"date":"2024-07-02T15:34:42","date_gmt":"2024-07-02T18:34:42","guid":{"rendered":"https:\/\/fundacaofhc.org.br\/interage\/?page_id=1399"},"modified":"2024-07-02T16:37:36","modified_gmt":"2024-07-02T19:37:36","slug":"ciclo-de-debates-o-brasil-na-visao-das-liderancas-publicas-com-ministro-alexandre-padilha","status":"publish","type":"page","link":"https:\/\/fundacaofhc.org.br\/interage\/lps\/ciclo-de-debates-o-brasil-na-visao-das-liderancas-publicas-com-ministro-alexandre-padilha\/","title":{"rendered":"Ciclo de debates <br> &#8220;O Brasil na vis\u00e3o das lideran\u00e7as p\u00fablicas&#8221;, <br> com ministro Alexandre Padilha"},"content":{"rendered":"<p class=\"blocoAzul\" style=\"font-family: Figtree, sans-serif; font-size: 15px; font-weight: 500; color: #ffffff; line-height: 24px; text-align: justify; margin-bottom:20px\">Pol\u00edtico experiente, ex-ministro da Sa\u00fade e deputado federal reeleito, <strong>Alexandre Padilha<\/strong> recebeu do presidente Lula a dif\u00edcil incumb\u00eancia de negociar com o Congresso Nacional o apoio \u00e0s iniciativas do governo federal. \u00c0 frente da Secretaria de Rela\u00e7\u00f5es Institucionais da Presid\u00eancia da Rep\u00fablica, cargo que ocupa pela segunda vez, Padilha lida no dia a dia com um Legislativo investido de poderes maiores do que\u00a0durante outras administra\u00e7\u00f5es do atual per\u00edodo democr\u00e1tico.<\/p>\n<p class=\"blocoAzul\" style=\"font-family: Figtree, sans-serif; font-size: 15px; font-weight: 500; color: #ffffff; line-height: 24px; text-align: justify; margin-bottom:20px\">Como parte deste ciclo de palestras que marca os 20 anos da Funda\u00e7\u00e3o FHC, o ministro vir\u00e1 \u00e0 sede da Funda\u00e7\u00e3o FHC em S\u00e3o Paulo para apresentar sua vis\u00e3o a respeito do estado atual das rela\u00e7\u00f5es entre Executivo e Legislativo e sobre a agenda do governo Lula com o Congresso na segunda metade do mandato presidencial.<\/p>\n<p class=\"blocoAzul\" style=\"font-family: Figtree, sans-serif; font-size: 15px; font-weight: 500; color: #ffffff; line-height: 24px; text-align: justify; margin-bottom:20px\">Para comentar a exposi\u00e7\u00e3o do ministro, convidamos a cientista pol\u00edtica <strong>Lara Mesquita<\/strong>, professora da FGV EESP, que pesquisa as rela\u00e7\u00f5es entre o Executivo e o Legislativo no Brasil.<\/p>\n","protected":false},"excerpt":{"rendered":"<p>Pol\u00edtico experiente, ex-ministro da Sa\u00fade e deputado federal reeleito, Alexandre Padilha recebeu do presidente Lula a dif\u00edcil incumb\u00eancia de negociar com o Congresso Nacional o apoio \u00e0s iniciativas do governo federal. \u00c0 frente da Secretaria de Rela\u00e7\u00f5es Institucionais da Presid\u00eancia da Rep\u00fablica, cargo que ocupa pela segunda vez, Padilha lida no dia a dia com [&hellip;]<\/p>\n","protected":false},"author":3,"featured_media":1338,"parent":211,"menu_order":0,"comment_status":"closed","ping_status":"closed","template":"template-landing-2024.php","meta":{"inline_featured_image":false,"footnotes":""},"class_list":["post-1399","page","type-page","status-publish","has-post-thumbnail","hentry"],"acf":[],"wps_subtitle":"ZOOM","_links":{"self":[{"href":"https:\/\/fundacaofhc.org.br\/interage\/wp-json\/wp\/v2\/pages\/1399","targetHints":{"allow":["GET"]}}],"collection":[{"href":"https:\/\/fundacaofhc.org.br\/interage\/wp-json\/wp\/v2\/pages"}],"about":[{"href":"https:\/\/fundacaofhc.org.br\/interage\/wp-json\/wp\/v2\/types\/page"}],"author":[{"embeddable":true,"href":"https:\/\/fundacaofhc.org.br\/interage\/wp-json\/wp\/v2\/users\/3"}],"replies":[{"embeddable":true,"href":"https:\/\/fundacaofhc.org.br\/interage\/wp-json\/wp\/v2\/comments?post=1399"}],"version-history":[{"count":5,"href":"https:\/\/fundacaofhc.org.br\/interage\/wp-json\/wp\/v2\/pages\/1399\/revisions"}],"predecessor-version":[{"id":1407,"href":"https:\/\/fundacaofhc.org.br\/interage\/wp-json\/wp\/v2\/pages\/1399\/revisions\/1407"}],"up":[{"embeddable":true,"href":"https:\/\/fundacaofhc.org.br\/interage\/wp-json\/wp\/v2\/pages\/211"}],"wp:featuredmedia":[{"embeddable":true,"href":"https:\/\/fundacaofhc.org.br\/interage\/wp-json\/wp\/v2\/media\/1338"}],"wp:attachment":[{"href":"https:\/\/fundacaofhc.org.br\/interage\/wp-json\/wp\/v2\/media?parent=1399"}],"curies":[{"name":"wp","href":"https:\/\/api.w.org\/{rel}","templated":true}]}}