{"id":1393,"date":"2024-06-26T15:46:07","date_gmt":"2024-06-26T18:46:07","guid":{"rendered":"https:\/\/fundacaofhc.org.br\/interage\/?page_id=1393"},"modified":"2024-06-26T15:46:07","modified_gmt":"2024-06-26T18:46:07","slug":"o-desafio-da-regulacao-das-midias-sociais-na-democracia-3","status":"publish","type":"page","link":"https:\/\/fundacaofhc.org.br\/interage\/lps\/o-desafio-da-regulacao-das-midias-sociais-na-democracia-3\/","title":{"rendered":"O desafio da regula\u00e7\u00e3o das <br>m\u00eddias sociais na democracia"},"content":{"rendered":"<p class=\"blocoAzul\" style=\"font-family: Figtree, sans-serif; font-size: 15px; font-weight: 500; color: #ffffff; line-height: 24px; text-align: justify; margin-bottom:20px\">A produ\u00e7\u00e3o e dissemina\u00e7\u00e3o de informa\u00e7\u00f5es falsas n\u00e3o s\u00e3o um fen\u00f4meno novo. As m\u00eddias sociais, por\u00e9m, o elevaram a uma escala e velocidade jamais vista, colocando em xeque a democracia, entre outras conquistas civilizat\u00f3rias, como a ci\u00eancia, que sup\u00f5em crit\u00e9rios compartilhados sobre a verdade factual.<\/p>\n<p class=\"blocoAzul\" style=\"font-family: Figtree, sans-serif; font-size: 15px; font-weight: 500; color: #ffffff; line-height: 24px; text-align: justify; margin-bottom:20px\">Por isso, a regula\u00e7\u00e3o das m\u00eddias sociais \u00e9 um tema-chave, presente em todas as democracias do mundo (nos pa\u00edses autorit\u00e1rios n\u00e3o h\u00e1 regula\u00e7\u00e3o, mas sim controle, vigil\u00e2ncia e censura).<\/p>\n<p class=\"blocoAzul\" style=\"font-family: Figtree, sans-serif; font-size: 15px; font-weight: 500; color: #ffffff; line-height: 24px; text-align: justify; margin-bottom:20px\">Para conhecer a vis\u00e3o do governo Lula sobre esse tema, convidamos <strong>Jo\u00e3o Brant<\/strong>, Secret\u00e1rio de Pol\u00edticas Digitais da Secretaria de Comunica\u00e7\u00e3o Social da Presid\u00eancia da Rep\u00fablica, a falar na Funda\u00e7\u00e3o FHC neste evento em parceria com o <strong>Pacto Pela Democracia<\/strong>. Ele \u00e9 um estudioso dos desafios da regula\u00e7\u00e3o das m\u00eddias sociais em democracias, objeto da sua tese de mestrado na <em>London School of Economics<\/em>.<\/p>\n<p class=\"blocoAzul\" style=\"font-family: Figtree, sans-serif; font-size: 15px; font-weight: 500; color: #ffffff; line-height: 24px; text-align: justify; margin-bottom:20px\">Para comentar a exposi\u00e7\u00e3o do Secret\u00e1rio, convidamos <strong>Patr\u00edcia Campos Mello<\/strong>, jornalista da Folha de S.Paulo e autora do livro \u2018A m\u00e1quina do \u00f3dio: Notas de uma rep\u00f3rter sobre fake news e viol\u00eancia digital\u2019 (Companhia das Letras, 2020), e <strong>Francisco Brito Cruz<\/strong>, fundador e diretor do <em>think tank<\/em> InternetLab.<\/p>\n","protected":false},"excerpt":{"rendered":"<p>A produ\u00e7\u00e3o e dissemina\u00e7\u00e3o de informa\u00e7\u00f5es falsas n\u00e3o s\u00e3o um fen\u00f4meno novo. As m\u00eddias sociais, por\u00e9m, o elevaram a uma escala e velocidade jamais vista, colocando em xeque a democracia, entre outras conquistas civilizat\u00f3rias, como a ci\u00eancia, que sup\u00f5em crit\u00e9rios compartilhados sobre a verdade factual. Por isso, a regula\u00e7\u00e3o das m\u00eddias sociais \u00e9 um tema-chave, [&hellip;]<\/p>\n","protected":false},"author":3,"featured_media":1375,"parent":211,"menu_order":0,"comment_status":"closed","ping_status":"closed","template":"template-landing-2024.php","meta":{"inline_featured_image":false,"footnotes":""},"class_list":["post-1393","page","type-page","status-publish","has-post-thumbnail","hentry"],"acf":[],"wps_subtitle":"YOUTUBE","_links":{"self":[{"href":"https:\/\/fundacaofhc.org.br\/interage\/wp-json\/wp\/v2\/pages\/1393","targetHints":{"allow":["GET"]}}],"collection":[{"href":"https:\/\/fundacaofhc.org.br\/interage\/wp-json\/wp\/v2\/pages"}],"about":[{"href":"https:\/\/fundacaofhc.org.br\/interage\/wp-json\/wp\/v2\/types\/page"}],"author":[{"embeddable":true,"href":"https:\/\/fundacaofhc.org.br\/interage\/wp-json\/wp\/v2\/users\/3"}],"replies":[{"embeddable":true,"href":"https:\/\/fundacaofhc.org.br\/interage\/wp-json\/wp\/v2\/comments?post=1393"}],"version-history":[{"count":1,"href":"https:\/\/fundacaofhc.org.br\/interage\/wp-json\/wp\/v2\/pages\/1393\/revisions"}],"predecessor-version":[{"id":1394,"href":"https:\/\/fundacaofhc.org.br\/interage\/wp-json\/wp\/v2\/pages\/1393\/revisions\/1394"}],"up":[{"embeddable":true,"href":"https:\/\/fundacaofhc.org.br\/interage\/wp-json\/wp\/v2\/pages\/211"}],"wp:featuredmedia":[{"embeddable":true,"href":"https:\/\/fundacaofhc.org.br\/interage\/wp-json\/wp\/v2\/media\/1375"}],"wp:attachment":[{"href":"https:\/\/fundacaofhc.org.br\/interage\/wp-json\/wp\/v2\/media?parent=1393"}],"curies":[{"name":"wp","href":"https:\/\/api.w.org\/{rel}","templated":true}]}}