{"id":1302,"date":"2024-06-10T17:15:58","date_gmt":"2024-06-10T20:15:58","guid":{"rendered":"https:\/\/fundacaofhc.org.br\/interage\/?page_id=1302"},"modified":"2024-06-12T11:49:46","modified_gmt":"2024-06-12T14:49:46","slug":"nacionalismo-e-democraciana-europa-e-no-brasil","status":"publish","type":"page","link":"https:\/\/fundacaofhc.org.br\/interage\/lps\/nacionalismo-e-democraciana-europa-e-no-brasil\/","title":{"rendered":"Nacionalismo e Democracia<br>na Europa e no Brasil"},"content":{"rendered":"<p class=\"blocoAzul\" style=\"font-family: Figtree, sans-serif; font-size: 15px; font-weight: 500; color: #ffffff; line-height: 24px; text-align: justify; margin-bottom:20px\"><img loading=\"lazy\" decoding=\"async\" class=\"alignnone wp-image-1243 \" style=\"float: left; padding-right: 20px; width: 190px;\" src=\"https:\/\/fundacaofhc.org.br\/interage\/wp-content\/uploads\/2024\/06\/capa-nacionalismo-443x600.png\" alt=\"\" width=\"242\" height=\"235\" \/><br \/>\nComo entender o ressurgimento do nacionalismo autorit\u00e1rio? Que desafios ele coloca para a democracia? Que respostas as for\u00e7as democr\u00e1ticas de esquerda e direita podem dar \u00e0s quest\u00f5es que o nacionalismo autorit\u00e1rio mobiliza? Essas perguntas t\u00eam se colocado com for\u00e7a crescente nos Estados Unidos, na Europa e na Am\u00e9rica Latina nos \u00faltimos dez anos.<\/p>\n<p class=\"blocoAzul\" style=\"font-family: Figtree, sans-serif; font-size: 15px; font-weight: 500; color: #ffffff; line-height: 24px; text-align: justify; margin-bottom:20px\">Para discuti-las, convidamos uma renomada historiadora e soci\u00f3loga e dois autores do livro &#8220;Nacionalismo e Democracia na Europa e no Brasil&#8221;, a mais nova publica\u00e7\u00e3o da Plataforma Democr\u00e1tica (Funda\u00e7\u00e3o Fernando Henrique Cardoso e Centro Edelstein de Pesquisas Sociais), a ser lan\u00e7ada neste evento.&#8221;<\/p>\n","protected":false},"excerpt":{"rendered":"<p>Como entender o ressurgimento do nacionalismo autorit\u00e1rio? Que desafios ele coloca para a democracia? Que respostas as for\u00e7as democr\u00e1ticas de esquerda e direita podem dar \u00e0s quest\u00f5es que o nacionalismo autorit\u00e1rio mobiliza? Essas perguntas t\u00eam se colocado com for\u00e7a crescente nos Estados Unidos, na Europa e na Am\u00e9rica Latina nos \u00faltimos dez anos. Para discuti-las, [&hellip;]<\/p>\n","protected":false},"author":3,"featured_media":1274,"parent":211,"menu_order":0,"comment_status":"closed","ping_status":"closed","template":"template-landing-2024.php","meta":{"inline_featured_image":false,"footnotes":""},"class_list":["post-1302","page","type-page","status-publish","has-post-thumbnail","hentry"],"acf":[],"wps_subtitle":"YOUTUBE","_links":{"self":[{"href":"https:\/\/fundacaofhc.org.br\/interage\/wp-json\/wp\/v2\/pages\/1302","targetHints":{"allow":["GET"]}}],"collection":[{"href":"https:\/\/fundacaofhc.org.br\/interage\/wp-json\/wp\/v2\/pages"}],"about":[{"href":"https:\/\/fundacaofhc.org.br\/interage\/wp-json\/wp\/v2\/types\/page"}],"author":[{"embeddable":true,"href":"https:\/\/fundacaofhc.org.br\/interage\/wp-json\/wp\/v2\/users\/3"}],"replies":[{"embeddable":true,"href":"https:\/\/fundacaofhc.org.br\/interage\/wp-json\/wp\/v2\/comments?post=1302"}],"version-history":[{"count":4,"href":"https:\/\/fundacaofhc.org.br\/interage\/wp-json\/wp\/v2\/pages\/1302\/revisions"}],"predecessor-version":[{"id":1368,"href":"https:\/\/fundacaofhc.org.br\/interage\/wp-json\/wp\/v2\/pages\/1302\/revisions\/1368"}],"up":[{"embeddable":true,"href":"https:\/\/fundacaofhc.org.br\/interage\/wp-json\/wp\/v2\/pages\/211"}],"wp:featuredmedia":[{"embeddable":true,"href":"https:\/\/fundacaofhc.org.br\/interage\/wp-json\/wp\/v2\/media\/1274"}],"wp:attachment":[{"href":"https:\/\/fundacaofhc.org.br\/interage\/wp-json\/wp\/v2\/media?parent=1302"}],"curies":[{"name":"wp","href":"https:\/\/api.w.org\/{rel}","templated":true}]}}