{"id":1209,"date":"2024-05-27T10:38:24","date_gmt":"2024-05-27T13:38:24","guid":{"rendered":"https:\/\/fundacaofhc.org.br\/interage\/?page_id=1209"},"modified":"2024-06-12T09:07:04","modified_gmt":"2024-06-12T12:07:04","slug":"educacao-midiatica-e-cidadania-na-escola","status":"publish","type":"page","link":"https:\/\/fundacaofhc.org.br\/interage\/lps\/educacao-midiatica-e-cidadania-na-escola\/","title":{"rendered":"Educa\u00e7\u00e3o midi\u00e1tica e cidadania na escola"},"content":{"rendered":"<p class=\"blocoAzul\" style=\"font-family: Figtree, sans-serif; font-size: 15px; font-weight: 500; color: #ffffff; line-height: 24px; text-align: justify; margin-bottom:20px\">A dissemina\u00e7\u00e3o de <em>fake news<\/em>, a desinforma\u00e7\u00e3o e polariza\u00e7\u00e3o tornaram-se uma preocupa\u00e7\u00e3o crescente na sociedade, sendo um desafio que se faz presente no ambiente escolar. Educadores est\u00e3o sendo convocados a lidar com as implica\u00e7\u00f5es desses fen\u00f4menos no dia a dia da sala de aula e a apoiar crian\u00e7as e jovens na constru\u00e7\u00e3o de habilidades para lidar com essa nova realidade de forma aut\u00f4noma e construtiva.<\/p>\n<p class=\"blocoAzul\" style=\"font-family: Figtree, sans-serif; font-size: 15px; font-weight: 500; color: #ffffff; line-height: 24px; text-align: justify; margin-bottom:20px\">Qual a import\u00e2ncia da educa\u00e7\u00e3o midi\u00e1tica para a cidadania? Como tratar dessa quest\u00e3o no ambiente escolar? Como a escola pode formar cidad\u00e3os que saibam reconhecer e resistir \u00e0s <em>fake news<\/em> e combater a desinforma\u00e7\u00e3o?<\/p>\n","protected":false},"excerpt":{"rendered":"<p>A dissemina\u00e7\u00e3o de fake news, a desinforma\u00e7\u00e3o e polariza\u00e7\u00e3o tornaram-se uma preocupa\u00e7\u00e3o crescente na sociedade, sendo um desafio que se faz presente no ambiente escolar. Educadores est\u00e3o sendo convocados a lidar com as implica\u00e7\u00f5es desses fen\u00f4menos no dia a dia da sala de aula e a apoiar crian\u00e7as e jovens na constru\u00e7\u00e3o de habilidades para [&hellip;]<\/p>\n","protected":false},"author":3,"featured_media":1215,"parent":211,"menu_order":0,"comment_status":"closed","ping_status":"closed","template":"template-landing-sem-logo.php","meta":{"inline_featured_image":false,"footnotes":""},"class_list":["post-1209","page","type-page","status-publish","has-post-thumbnail","hentry"],"acf":[],"wps_subtitle":"Convite","_links":{"self":[{"href":"https:\/\/fundacaofhc.org.br\/interage\/wp-json\/wp\/v2\/pages\/1209","targetHints":{"allow":["GET"]}}],"collection":[{"href":"https:\/\/fundacaofhc.org.br\/interage\/wp-json\/wp\/v2\/pages"}],"about":[{"href":"https:\/\/fundacaofhc.org.br\/interage\/wp-json\/wp\/v2\/types\/page"}],"author":[{"embeddable":true,"href":"https:\/\/fundacaofhc.org.br\/interage\/wp-json\/wp\/v2\/users\/3"}],"replies":[{"embeddable":true,"href":"https:\/\/fundacaofhc.org.br\/interage\/wp-json\/wp\/v2\/comments?post=1209"}],"version-history":[{"count":13,"href":"https:\/\/fundacaofhc.org.br\/interage\/wp-json\/wp\/v2\/pages\/1209\/revisions"}],"predecessor-version":[{"id":1307,"href":"https:\/\/fundacaofhc.org.br\/interage\/wp-json\/wp\/v2\/pages\/1209\/revisions\/1307"}],"up":[{"embeddable":true,"href":"https:\/\/fundacaofhc.org.br\/interage\/wp-json\/wp\/v2\/pages\/211"}],"wp:featuredmedia":[{"embeddable":true,"href":"https:\/\/fundacaofhc.org.br\/interage\/wp-json\/wp\/v2\/media\/1215"}],"wp:attachment":[{"href":"https:\/\/fundacaofhc.org.br\/interage\/wp-json\/wp\/v2\/media?parent=1209"}],"curies":[{"name":"wp","href":"https:\/\/api.w.org\/{rel}","templated":true}]}}