{"id":1152,"date":"2024-05-06T16:17:46","date_gmt":"2024-05-06T19:17:46","guid":{"rendered":"https:\/\/fundacaofhc.org.br\/interage\/?page_id=1152"},"modified":"2024-05-08T11:44:07","modified_gmt":"2024-05-08T14:44:07","slug":"ciclo-de-debates-o-brasil-na-visao-das-liderancas-publicas-com-acm-neto-2","status":"publish","type":"page","link":"https:\/\/fundacaofhc.org.br\/interage\/lps\/ciclo-de-debates-o-brasil-na-visao-das-liderancas-publicas-com-acm-neto-2\/","title":{"rendered":"Ciclo de Debates \u201cO Brasil na Vis\u00e3o das Lideran\u00e7as P\u00fablicas\u201d, com ACM Neto"},"content":{"rendered":"<p class=\"blocoAzul\" style=\"font-family: Figtree, sans-serif; font-size: 15px; font-weight: 500; color: #ffffff; line-height: 24px; text-align: justify; margin-bottom:20px\">Prefeito de Salvador por duas vezes, entre 2012 e 2020, bem avaliado em ambos os mandatos, e deputado federal por tr\u00eas legislaturas, a primeira iniciada com apenas 23 anos, Ant\u00f4nio Carlos Magalh\u00e3es Neto tem uma longa trajet\u00f3ria pol\u00edtica, apesar de ainda jovem. Fundador do Uni\u00e3o Brasil, partido com a terceira maior bancada da C\u00e2mara dos Deputados, ele \u00e9 uma das principais lideran\u00e7as pol\u00edticas de sua gera\u00e7\u00e3o.<\/p>\n<p class=\"blocoAzul\" style=\"font-family: Figtree, sans-serif; font-size: 15px; font-weight: 500; color: #ffffff; line-height: 24px; text-align: justify; margin-bottom:20px\">Para expor sua vis\u00e3o sobre os desafios do pa\u00eds, <strong>ACM Neto<\/strong> \u00e9 o pr\u00f3ximo convidado do <strong>Ciclo de Debates &#8220;O Brasil na Vis\u00e3o das Lideran\u00e7as P\u00fablicas&#8221;<\/strong>, promovido pela <strong>Funda\u00e7\u00e3o FHC<\/strong> como parte de sua programa\u00e7\u00e3o especial em comemora\u00e7\u00e3o aos seus 20 anos de atua\u00e7\u00e3o.<\/p>\n","protected":false},"excerpt":{"rendered":"<p>Prefeito de Salvador por duas vezes, entre 2012 e 2020, bem avaliado em ambos os mandatos, e deputado federal por tr\u00eas legislaturas, a primeira iniciada com apenas 23 anos, Ant\u00f4nio Carlos Magalh\u00e3es Neto tem uma longa trajet\u00f3ria pol\u00edtica, apesar de ainda jovem. Fundador do Uni\u00e3o Brasil, partido com a terceira maior bancada da C\u00e2mara dos [&hellip;]<\/p>\n","protected":false},"author":3,"featured_media":1125,"parent":211,"menu_order":0,"comment_status":"closed","ping_status":"closed","template":"template-landing-2024.php","meta":{"inline_featured_image":false,"footnotes":""},"class_list":["post-1152","page","type-page","status-publish","has-post-thumbnail","hentry"],"acf":[],"wps_subtitle":"ZOOM","_links":{"self":[{"href":"https:\/\/fundacaofhc.org.br\/interage\/wp-json\/wp\/v2\/pages\/1152","targetHints":{"allow":["GET"]}}],"collection":[{"href":"https:\/\/fundacaofhc.org.br\/interage\/wp-json\/wp\/v2\/pages"}],"about":[{"href":"https:\/\/fundacaofhc.org.br\/interage\/wp-json\/wp\/v2\/types\/page"}],"author":[{"embeddable":true,"href":"https:\/\/fundacaofhc.org.br\/interage\/wp-json\/wp\/v2\/users\/3"}],"replies":[{"embeddable":true,"href":"https:\/\/fundacaofhc.org.br\/interage\/wp-json\/wp\/v2\/comments?post=1152"}],"version-history":[{"count":4,"href":"https:\/\/fundacaofhc.org.br\/interage\/wp-json\/wp\/v2\/pages\/1152\/revisions"}],"predecessor-version":[{"id":1312,"href":"https:\/\/fundacaofhc.org.br\/interage\/wp-json\/wp\/v2\/pages\/1152\/revisions\/1312"}],"up":[{"embeddable":true,"href":"https:\/\/fundacaofhc.org.br\/interage\/wp-json\/wp\/v2\/pages\/211"}],"wp:featuredmedia":[{"embeddable":true,"href":"https:\/\/fundacaofhc.org.br\/interage\/wp-json\/wp\/v2\/media\/1125"}],"wp:attachment":[{"href":"https:\/\/fundacaofhc.org.br\/interage\/wp-json\/wp\/v2\/media?parent=1152"}],"curies":[{"name":"wp","href":"https:\/\/api.w.org\/{rel}","templated":true}]}}