{"id":1103,"date":"2024-04-15T10:10:53","date_gmt":"2024-04-15T13:10:53","guid":{"rendered":"https:\/\/fundacaofhc.org.br\/interage\/?page_id=1103"},"modified":"2024-04-15T10:10:53","modified_gmt":"2024-04-15T13:10:53","slug":"ciclo-de-debates-o-brasil-na-visao-das-liderancas-publicas-o-papel-do-stf-na-defesa-da-democracia-com-luis-roberto-barroso-3","status":"publish","type":"page","link":"https:\/\/fundacaofhc.org.br\/interage\/lps\/ciclo-de-debates-o-brasil-na-visao-das-liderancas-publicas-o-papel-do-stf-na-defesa-da-democracia-com-luis-roberto-barroso-3\/","title":{"rendered":"Ciclo de debates <br> \u201cO Brasil na vis\u00e3o das lideran\u00e7as p\u00fablicas\u201d: <br>O papel do STF na defesa da democracia, <br>com Lu\u00eds Roberto Barroso"},"content":{"rendered":"<p class=\"blocoAzul\" style=\"font-family: Figtree, sans-serif; font-size: 15px; font-weight: 500; color: #ffffff; line-height: 24px; text-align: justify; margin-bottom:20px\"><span style=\"font-weight: 400;\">Quais as li\u00e7\u00f5es aprendidas com o teste de estresse pelo qual passou a democracia brasileira nos \u00faltimos anos? Depois de um per\u00edodo de necess\u00e1rio e intenso protagonismo, como deve agir o Supremo Tribunal Federal nos pr\u00f3ximos anos, levando em considera\u00e7\u00e3o que os crimes cometidos contra o Estado Democr\u00e1tico de Direito ainda s\u00e3o uma quest\u00e3o pendente e o pa\u00eds segue polarizado. Como parte do novo ciclo de debates \u201cO Brasil na vis\u00e3o das lideran\u00e7as p\u00fablicas\u201d, que marca os <strong>20 anos da Funda\u00e7\u00e3o FHC<\/strong>, receberemos o presidente do STF, ministro<strong> Lu\u00eds Roberto Barroso<\/strong>.<\/span><\/p>\n","protected":false},"excerpt":{"rendered":"<p>Quais as li\u00e7\u00f5es aprendidas com o teste de estresse pelo qual passou a democracia brasileira nos \u00faltimos anos? Depois de um per\u00edodo de necess\u00e1rio e intenso protagonismo, como deve agir o Supremo Tribunal Federal nos pr\u00f3ximos anos, levando em considera\u00e7\u00e3o que os crimes cometidos contra o Estado Democr\u00e1tico de Direito ainda s\u00e3o uma quest\u00e3o pendente [&hellip;]<\/p>\n","protected":false},"author":3,"featured_media":1008,"parent":211,"menu_order":0,"comment_status":"closed","ping_status":"closed","template":"template-landing-2024.php","meta":{"inline_featured_image":false,"footnotes":""},"class_list":["post-1103","page","type-page","status-publish","has-post-thumbnail","hentry"],"acf":[],"wps_subtitle":"YOUTUBE","_links":{"self":[{"href":"https:\/\/fundacaofhc.org.br\/interage\/wp-json\/wp\/v2\/pages\/1103","targetHints":{"allow":["GET"]}}],"collection":[{"href":"https:\/\/fundacaofhc.org.br\/interage\/wp-json\/wp\/v2\/pages"}],"about":[{"href":"https:\/\/fundacaofhc.org.br\/interage\/wp-json\/wp\/v2\/types\/page"}],"author":[{"embeddable":true,"href":"https:\/\/fundacaofhc.org.br\/interage\/wp-json\/wp\/v2\/users\/3"}],"replies":[{"embeddable":true,"href":"https:\/\/fundacaofhc.org.br\/interage\/wp-json\/wp\/v2\/comments?post=1103"}],"version-history":[{"count":2,"href":"https:\/\/fundacaofhc.org.br\/interage\/wp-json\/wp\/v2\/pages\/1103\/revisions"}],"predecessor-version":[{"id":1113,"href":"https:\/\/fundacaofhc.org.br\/interage\/wp-json\/wp\/v2\/pages\/1103\/revisions\/1113"}],"up":[{"embeddable":true,"href":"https:\/\/fundacaofhc.org.br\/interage\/wp-json\/wp\/v2\/pages\/211"}],"wp:featuredmedia":[{"embeddable":true,"href":"https:\/\/fundacaofhc.org.br\/interage\/wp-json\/wp\/v2\/media\/1008"}],"wp:attachment":[{"href":"https:\/\/fundacaofhc.org.br\/interage\/wp-json\/wp\/v2\/media?parent=1103"}],"curies":[{"name":"wp","href":"https:\/\/api.w.org\/{rel}","templated":true}]}}