{"id":1087,"date":"2024-04-10T12:16:51","date_gmt":"2024-04-10T15:16:51","guid":{"rendered":"https:\/\/fundacaofhc.org.br\/interage\/?page_id=1087"},"modified":"2024-05-10T14:28:54","modified_gmt":"2024-05-10T17:28:54","slug":"desafios-do-sistema-politico-brasileiro-redes-sociais-e-sociedade-civil","status":"publish","type":"page","link":"https:\/\/fundacaofhc.org.br\/interage\/lps\/desafios-do-sistema-politico-brasileiro-redes-sociais-e-sociedade-civil\/","title":{"rendered":"Redes Sociais e Sociedade Civil: <br> desafios do sistema pol\u00edtico brasileiro"},"content":{"rendered":"<p class=\"blocoAzul\" style=\"font-family: Figtree, sans-serif; font-size: 15px; font-weight: 500; color: #ffffff; line-height: 24px; text-align: justify; margin-bottom:20px\">O sistema pol\u00edtico, que apresenta m\u00faltiplos sinais de crise, n\u00e3o opera no vazio. \u00c9 parte da sociedade mais ampla. Neste evento, ser\u00e3o abordadas duas transforma\u00e7\u00f5es que afetam a qualidade da democracia: a regula\u00e7\u00e3o das redes sociais e as novas formas de organiza\u00e7\u00e3o e participa\u00e7\u00e3o da sociedade civil.<\/p>\n<p class=\"blocoAzul\" style=\"font-family: Figtree, sans-serif; font-size: 15px; font-weight: 500; color: #ffffff; line-height: 24px; text-align: justify; margin-bottom:20px\">Como o funcionamento das redes sociais impacta a comunica\u00e7\u00e3o pol\u00edtica e as campanhas eleitorais? Como regul\u00e1-las para mitigar os riscos de manipula\u00e7\u00e3o sem infringir os direitos de acesso \u00e0 informa\u00e7\u00e3o e liberdade de express\u00e3o? O que mudou nas rela\u00e7\u00f5es entre a sociedade civil e o sistema pol\u00edtico e quais os desafios que essas mudan\u00e7as colocam para a democracia?<\/p>\n<p class=\"blocoAzul\" style=\"font-family: Figtree, sans-serif; font-size: 15px; font-weight: 500; color: #ffffff; line-height: 24px; text-align: justify; margin-bottom:20px\"><img loading=\"lazy\" decoding=\"async\" class=\"alignleft wp-image-888\" style=\"float: left; padding-right: 20px;\" src=\"https:\/\/fundacaofhc.org.br\/interage\/wp-content\/uploads\/2024\/03\/capa-3d-DESAFIOS-1-354x600.png\" alt=\"\" width=\"119\" height=\"201\" srcset=\"https:\/\/fundacaofhc.org.br\/interage\/wp-content\/uploads\/2024\/03\/capa-3d-DESAFIOS-1-354x600.png 354w, https:\/\/fundacaofhc.org.br\/interage\/wp-content\/uploads\/2024\/03\/capa-3d-DESAFIOS-1-340x575.png 340w, https:\/\/fundacaofhc.org.br\/interage\/wp-content\/uploads\/2024\/03\/capa-3d-DESAFIOS-1-768x1300.png 768w, https:\/\/fundacaofhc.org.br\/interage\/wp-content\/uploads\/2024\/03\/capa-3d-DESAFIOS-1-907x1536.png 907w, https:\/\/fundacaofhc.org.br\/interage\/wp-content\/uploads\/2024\/03\/capa-3d-DESAFIOS-1-1210x2048.png 1210w, https:\/\/fundacaofhc.org.br\/interage\/wp-content\/uploads\/2024\/03\/capa-3d-DESAFIOS-1.png 1211w\" sizes=\"auto, (max-width: 119px) 100vw, 119px\" \/><br \/>\nConvidamos especialistas e pol\u00edticos para debater o diagn\u00f3stico e as propostas reunidas no livro \u201c<strong>Desafios do sistema pol\u00edtico brasileiro<\/strong>\u201d, publicado pela <strong>Plataforma Democr\u00e1tica<\/strong> (Funda\u00e7\u00e3o FHC e Centro Edelstein de Pesquisas Sociais) com apoio do <strong><em>National Democratic Institute<\/em>.<\/strong><\/p>\n","protected":false},"excerpt":{"rendered":"<p>O sistema pol\u00edtico, que apresenta m\u00faltiplos sinais de crise, n\u00e3o opera no vazio. \u00c9 parte da sociedade mais ampla. Neste evento, ser\u00e3o abordadas duas transforma\u00e7\u00f5es que afetam a qualidade da democracia: a regula\u00e7\u00e3o das redes sociais e as novas formas de organiza\u00e7\u00e3o e participa\u00e7\u00e3o da sociedade civil. Como o funcionamento das redes sociais impacta a [&hellip;]<\/p>\n","protected":false},"author":3,"featured_media":0,"parent":211,"menu_order":0,"comment_status":"closed","ping_status":"closed","template":"template-landing-sem-logo.php","meta":{"inline_featured_image":false,"footnotes":""},"class_list":["post-1087","page","type-page","status-publish","hentry"],"acf":[],"wps_subtitle":"Workshop","_links":{"self":[{"href":"https:\/\/fundacaofhc.org.br\/interage\/wp-json\/wp\/v2\/pages\/1087","targetHints":{"allow":["GET"]}}],"collection":[{"href":"https:\/\/fundacaofhc.org.br\/interage\/wp-json\/wp\/v2\/pages"}],"about":[{"href":"https:\/\/fundacaofhc.org.br\/interage\/wp-json\/wp\/v2\/types\/page"}],"author":[{"embeddable":true,"href":"https:\/\/fundacaofhc.org.br\/interage\/wp-json\/wp\/v2\/users\/3"}],"replies":[{"embeddable":true,"href":"https:\/\/fundacaofhc.org.br\/interage\/wp-json\/wp\/v2\/comments?post=1087"}],"version-history":[{"count":10,"href":"https:\/\/fundacaofhc.org.br\/interage\/wp-json\/wp\/v2\/pages\/1087\/revisions"}],"predecessor-version":[{"id":1194,"href":"https:\/\/fundacaofhc.org.br\/interage\/wp-json\/wp\/v2\/pages\/1087\/revisions\/1194"}],"up":[{"embeddable":true,"href":"https:\/\/fundacaofhc.org.br\/interage\/wp-json\/wp\/v2\/pages\/211"}],"wp:attachment":[{"href":"https:\/\/fundacaofhc.org.br\/interage\/wp-json\/wp\/v2\/media?parent=1087"}],"curies":[{"name":"wp","href":"https:\/\/api.w.org\/{rel}","templated":true}]}}