{"id":95,"date":"2020-07-23T11:46:33","date_gmt":"2020-07-23T14:46:33","guid":{"rendered":"http:\/\/ffhc-ev.local\/?page_id=95"},"modified":"2020-08-18T17:50:54","modified_gmt":"2020-08-18T20:50:54","slug":"sobre","status":"publish","type":"page","link":"https:\/\/fundacaofhc.org.br\/exposicoesvirtuais\/sobre\/","title":{"rendered":"Sobre"},"content":{"rendered":"<p><strong>Sobre as exposi\u00e7\u00f5es<\/strong><\/p>\n<p>A plataforma de exposi\u00e7\u00f5es virtuais foi criada para mostrar o acervo conservado pela Funda\u00e7\u00e3o, descrito e acess\u00edvel pela internet. A ideia \u00e9 chamar a aten\u00e7\u00e3o sobre esses documentos, muitos deles in\u00e9ditos por pertencerem a arquivos pessoais, complementares \u00e0s fontes oficiais e detentores de um brilho pr\u00f3prio. As exposi\u00e7\u00f5es abordam quest\u00f5es em pauta no mundo contempor\u00e2neo, para falar da sociedade, da pol\u00edtica, da cultura, da hist\u00f3ria do presente e do passado.<\/p>\n<p><strong>Sobre o acervo\u00a0<\/strong><\/p>\n<p>A Funda\u00e7\u00e3o FHC \u00e9 respons\u00e1vel pela guarda do Acervo Presidente Fernando Henrique Cardoso, ao qual se soma os de outras figuras p\u00fablicas: a antrop\u00f3loga Ruth Cardoso, o general Joaquim Ignacio Baptista Cardoso, o militar e pol\u00edtico Le\u00f4nidas Cardoso, os dois \u00faltimos, respectivamente, av\u00f4 e pai de FHC. Ela custodia tamb\u00e9m os acervos de Paulo Renato Souza e Sergio Motta, ministros de Educa\u00e7\u00e3o e das Comunica\u00e7\u00f5es durante a gest\u00e3o presidencial de FHC. \u00c9 um conjunto de valor hist\u00f3rico por reunir testemunhos da vida e da atua\u00e7\u00e3o dessas pessoas, figuras de relevo na luta em prol da democracia.<\/p>\n","protected":false},"excerpt":{"rendered":"<p>Sobre as exposi\u00e7\u00f5es A plataforma de exposi\u00e7\u00f5es virtuais foi criada para mostrar o acervo conservado pela Funda\u00e7\u00e3o, descrito e acess\u00edvel pela internet. A ideia \u00e9 chamar a aten\u00e7\u00e3o sobre esses documentos, muitos deles in\u00e9ditos por pertencerem a arquivos pessoais, complementares \u00e0s fontes oficiais e detentores de um brilho pr\u00f3prio. As exposi\u00e7\u00f5es abordam quest\u00f5es em pauta<\/p>\n","protected":false},"author":1,"featured_media":0,"parent":0,"menu_order":0,"comment_status":"closed","ping_status":"closed","template":"template-sobre.php","meta":{"_acf_changed":false,"footnotes":""},"class_list":["post-95","page","type-page","status-publish","hentry"],"acf":[],"yoast_head":"<!-- This site is optimized with the Yoast SEO plugin v25.7 - https:\/\/yoast.com\/wordpress\/plugins\/seo\/ -->\n<title>Sobre | Exposi\u00e7\u00f5es Virtuais - Funda\u00e7\u00e3o FHC<\/title>\n<meta name=\"robots\" content=\"index, follow, max-snippet:-1, max-image-preview:large, max-video-preview:-1\" \/>\n<link rel=\"canonical\" href=\"https:\/\/fundacaofhc.org.br\/exposicoesvirtuais\/sobre\/\" \/>\n<meta property=\"og:locale\" content=\"pt_BR\" \/>\n<meta property=\"og:type\" content=\"article\" \/>\n<meta property=\"og:title\" content=\"Sobre | Exposi\u00e7\u00f5es Virtuais - Funda\u00e7\u00e3o FHC\" \/>\n<meta property=\"og:description\" content=\"Sobre as exposi\u00e7\u00f5es A plataforma de exposi\u00e7\u00f5es virtuais foi criada para mostrar o acervo conservado pela Funda\u00e7\u00e3o, descrito e acess\u00edvel pela internet. A ideia \u00e9 chamar a aten\u00e7\u00e3o sobre esses documentos, muitos deles in\u00e9ditos por pertencerem a arquivos pessoais, complementares \u00e0s fontes oficiais e detentores de um brilho pr\u00f3prio. As exposi\u00e7\u00f5es abordam quest\u00f5es em pauta\" \/>\n<meta property=\"og:url\" content=\"https:\/\/fundacaofhc.org.br\/exposicoesvirtuais\/sobre\/\" \/>\n<meta property=\"og:site_name\" content=\"Exposi\u00e7\u00f5es Virtuais - Funda\u00e7\u00e3o FHC\" \/>\n<meta property=\"article:modified_time\" content=\"2020-08-18T20:50:54+00:00\" \/>\n<meta property=\"og:image\" content=\"https:\/\/fundacaofhc.org.br\/exposicoesvirtuais\/wp-content\/uploads\/2020\/08\/Imagem-compartilhamento-ffhc-expo.jpg\" \/>\n\t<meta property=\"og:image:width\" content=\"1280\" \/>\n\t<meta property=\"og:image:height\" content=\"630\" \/>\n\t<meta property=\"og:image:type\" content=\"image\/jpeg\" \/>\n<meta name=\"twitter:card\" content=\"summary_large_image\" \/>\n<meta name=\"twitter:label1\" content=\"Est. tempo de leitura\" \/>\n\t<meta name=\"twitter:data1\" content=\"1 minuto\" \/>\n<script type=\"application\/ld+json\" class=\"yoast-schema-graph\">{\"@context\":\"https:\/\/schema.org\",\"@graph\":[{\"@type\":\"WebPage\",\"@id\":\"https:\/\/fundacaofhc.org.br\/exposicoesvirtuais\/sobre\/\",\"url\":\"https:\/\/fundacaofhc.org.br\/exposicoesvirtuais\/sobre\/\",\"name\":\"Sobre | Exposi\u00e7\u00f5es Virtuais - Funda\u00e7\u00e3o FHC\",\"isPartOf\":{\"@id\":\"https:\/\/fundacaofhc.org.br\/exposicoesvirtuais\/#website\"},\"datePublished\":\"2020-07-23T14:46:33+00:00\",\"dateModified\":\"2020-08-18T20:50:54+00:00\",\"inLanguage\":\"pt-BR\",\"potentialAction\":[{\"@type\":\"ReadAction\",\"target\":[\"https:\/\/fundacaofhc.org.br\/exposicoesvirtuais\/sobre\/\"]}]},{\"@type\":\"WebSite\",\"@id\":\"https:\/\/fundacaofhc.org.br\/exposicoesvirtuais\/#website\",\"url\":\"https:\/\/fundacaofhc.org.br\/exposicoesvirtuais\/\",\"name\":\"Exposi\u00e7\u00f5es Virtuais - Funda\u00e7\u00e3o FHC\",\"description\":\"Acervo FFHC\",\"potentialAction\":[{\"@type\":\"SearchAction\",\"target\":{\"@type\":\"EntryPoint\",\"urlTemplate\":\"https:\/\/fundacaofhc.org.br\/exposicoesvirtuais\/?s={search_term_string}\"},\"query-input\":{\"@type\":\"PropertyValueSpecification\",\"valueRequired\":true,\"valueName\":\"search_term_string\"}}],\"inLanguage\":\"pt-BR\"}]}<\/script>\n<!-- \/ Yoast SEO plugin. -->","yoast_head_json":{"title":"Sobre | Exposi\u00e7\u00f5es Virtuais - Funda\u00e7\u00e3o FHC","robots":{"index":"index","follow":"follow","max-snippet":"max-snippet:-1","max-image-preview":"max-image-preview:large","max-video-preview":"max-video-preview:-1"},"canonical":"https:\/\/fundacaofhc.org.br\/exposicoesvirtuais\/sobre\/","og_locale":"pt_BR","og_type":"article","og_title":"Sobre | Exposi\u00e7\u00f5es Virtuais - Funda\u00e7\u00e3o FHC","og_description":"Sobre as exposi\u00e7\u00f5es A plataforma de exposi\u00e7\u00f5es virtuais foi criada para mostrar o acervo conservado pela Funda\u00e7\u00e3o, descrito e acess\u00edvel pela internet. A ideia \u00e9 chamar a aten\u00e7\u00e3o sobre esses documentos, muitos deles in\u00e9ditos por pertencerem a arquivos pessoais, complementares \u00e0s fontes oficiais e detentores de um brilho pr\u00f3prio. As exposi\u00e7\u00f5es abordam quest\u00f5es em pauta","og_url":"https:\/\/fundacaofhc.org.br\/exposicoesvirtuais\/sobre\/","og_site_name":"Exposi\u00e7\u00f5es Virtuais - Funda\u00e7\u00e3o FHC","article_modified_time":"2020-08-18T20:50:54+00:00","og_image":[{"width":1280,"height":630,"url":"https:\/\/fundacaofhc.org.br\/exposicoesvirtuais\/wp-content\/uploads\/2020\/08\/Imagem-compartilhamento-ffhc-expo.jpg","type":"image\/jpeg"}],"twitter_card":"summary_large_image","twitter_misc":{"Est. tempo de leitura":"1 minuto"},"schema":{"@context":"https:\/\/schema.org","@graph":[{"@type":"WebPage","@id":"https:\/\/fundacaofhc.org.br\/exposicoesvirtuais\/sobre\/","url":"https:\/\/fundacaofhc.org.br\/exposicoesvirtuais\/sobre\/","name":"Sobre | Exposi\u00e7\u00f5es Virtuais - Funda\u00e7\u00e3o FHC","isPartOf":{"@id":"https:\/\/fundacaofhc.org.br\/exposicoesvirtuais\/#website"},"datePublished":"2020-07-23T14:46:33+00:00","dateModified":"2020-08-18T20:50:54+00:00","inLanguage":"pt-BR","potentialAction":[{"@type":"ReadAction","target":["https:\/\/fundacaofhc.org.br\/exposicoesvirtuais\/sobre\/"]}]},{"@type":"WebSite","@id":"https:\/\/fundacaofhc.org.br\/exposicoesvirtuais\/#website","url":"https:\/\/fundacaofhc.org.br\/exposicoesvirtuais\/","name":"Exposi\u00e7\u00f5es Virtuais - Funda\u00e7\u00e3o FHC","description":"Acervo FFHC","potentialAction":[{"@type":"SearchAction","target":{"@type":"EntryPoint","urlTemplate":"https:\/\/fundacaofhc.org.br\/exposicoesvirtuais\/?s={search_term_string}"},"query-input":{"@type":"PropertyValueSpecification","valueRequired":true,"valueName":"search_term_string"}}],"inLanguage":"pt-BR"}]}},"_links":{"self":[{"href":"https:\/\/fundacaofhc.org.br\/exposicoesvirtuais\/wp-json\/wp\/v2\/pages\/95","targetHints":{"allow":["GET"]}}],"collection":[{"href":"https:\/\/fundacaofhc.org.br\/exposicoesvirtuais\/wp-json\/wp\/v2\/pages"}],"about":[{"href":"https:\/\/fundacaofhc.org.br\/exposicoesvirtuais\/wp-json\/wp\/v2\/types\/page"}],"author":[{"embeddable":true,"href":"https:\/\/fundacaofhc.org.br\/exposicoesvirtuais\/wp-json\/wp\/v2\/users\/1"}],"replies":[{"embeddable":true,"href":"https:\/\/fundacaofhc.org.br\/exposicoesvirtuais\/wp-json\/wp\/v2\/comments?post=95"}],"version-history":[{"count":0,"href":"https:\/\/fundacaofhc.org.br\/exposicoesvirtuais\/wp-json\/wp\/v2\/pages\/95\/revisions"}],"wp:attachment":[{"href":"https:\/\/fundacaofhc.org.br\/exposicoesvirtuais\/wp-json\/wp\/v2\/media?parent=95"}],"curies":[{"name":"wp","href":"https:\/\/api.w.org\/{rel}","templated":true}]}}