{"id":16834,"date":"2024-05-07T22:38:18","date_gmt":"2024-05-08T01:38:18","guid":{"rendered":"https:\/\/fundacaofhc.org.br\/a-fundacao\/"},"modified":"2026-03-05T13:20:30","modified_gmt":"2026-03-05T16:20:30","slug":"la-fundacao","status":"publish","type":"page","link":"https:\/\/fundacaofhc.org.br\/es\/la-fundacao\/","title":{"rendered":"Un espacio de di\u00e1logo cualificado y plural"},"content":{"rendered":"\n<h2 class=\"wp-block-heading\"><strong>Despu\u00e9s de 20 a\u00f1os, la Funda\u00e7\u00e3o FHC inicia un nuevo ciclo de contribuciones al pa\u00eds.<\/strong><\/h2>\n\n\n\n<p>Al final de su mandato, Fernando Henrique Cardoso decidi\u00f3 crear esta fundaci\u00f3n  inspirado en organizaciones similares vinculadas a antiguos gobiernos europeos y estadounidenses: \u00abQuer\u00eda que fuera no solo un centro de memoria hist\u00f3rica, sino tambi\u00e9n un lugar de debates sobre la democracia y el desarrollo. Dos causas con las que estuve involucrado desde muy temprano.\u201d El sue\u00f1o se concret\u00f3 en 2004 y, dos d\u00e9cadas despu\u00e9s, somos una instituci\u00f3n singular en Brasil y en Am\u00e9rica Latina, consolidada como un espacio de di\u00e1logo y producci\u00f3n de conocimiento cualificado y plural.<\/p>\n\n\n\n<p>Las actividades de la Funda\u00e7\u00e3o FHC incluyen la realizaci\u00f3n de debates, exposiciones y actividades educativas, adem\u00e1s de la producci\u00f3n de libros, art\u00edculos, materiales did\u00e1cticos y v\u00eddeos que valoran la formaci\u00f3n de ciudadanos y el conocimiento fundamentado.<\/p>\n\n\n\n<p>Los pr\u00f3ximos veinte a\u00f1os ser\u00e1n fundamentales para que Brasil alcance un nivel superior de desarrollo. \u00bfSeremos o no capaces de avanzar con mayor velocidad y consistencia, con mejor gobernanza democr\u00e1tica, m\u00e1s pol\u00edticas de Estado y menos polarizaci\u00f3n destructiva, mayor y mejor integraci\u00f3n al mundo, eliminaci\u00f3n m\u00e1s r\u00e1pida de la pobreza y reducci\u00f3n de las desigualdades, sobre una base social y ambientalmente sostenible? Un esfuerzo colectivo en el que la Funda\u00e7\u00e3o FHC tomar\u00e1 parte, con a\u00fan mayor empe\u00f1o.<\/p>\n","protected":false},"excerpt":{"rendered":"<p>Despu\u00e9s de 20 a\u00f1os, la Funda\u00e7\u00e3o FHC inicia un nuevo ciclo de contribuciones al pa\u00eds. Al final de su mandato, Fernando Henrique Cardoso decidi\u00f3 crear esta fundaci\u00f3n inspirado en organizaciones similares vinculadas a antiguos gobiernos europeos y estadounidenses: \u00abQuer\u00eda que fuera no solo un centro de memoria hist\u00f3rica, sino tambi\u00e9n un lugar de debates sobre&#8230;<\/p>\n","protected":false},"author":1,"featured_media":0,"parent":0,"menu_order":0,"comment_status":"closed","ping_status":"closed","template":"page-sobre.php","meta":{"_acf_changed":false,"inline_featured_image":false,"footnotes":""},"class_list":["post-16834","page","type-page","status-publish","hentry"],"acf":[],"yoast_head":"<!-- This site is optimized with the Yoast SEO plugin v27.2 - https:\/\/yoast.com\/product\/yoast-seo-wordpress\/ -->\n<title>Un espacio de di\u00e1logo cualificado y plural | Funda\u00e7\u00e3o FHC<\/title>\n<meta name=\"robots\" content=\"index, follow, max-snippet:-1, max-image-preview:large, max-video-preview:-1\" \/>\n<link rel=\"canonical\" href=\"https:\/\/fundacaofhc.org.br\/es\/la-fundacao\/\" \/>\n<meta property=\"og:locale\" content=\"es_ES\" \/>\n<meta property=\"og:type\" content=\"article\" \/>\n<meta property=\"og:title\" content=\"Un espacio de di\u00e1logo cualificado y plural | Funda\u00e7\u00e3o FHC\" \/>\n<meta property=\"og:description\" content=\"Despu\u00e9s de 20 a\u00f1os, la Funda\u00e7\u00e3o FHC inicia un nuevo ciclo de contribuciones al pa\u00eds. Al final de su mandato, Fernando Henrique Cardoso decidi\u00f3 crear esta fundaci\u00f3n inspirado en organizaciones similares vinculadas a antiguos gobiernos europeos y estadounidenses: \u00abQuer\u00eda que fuera no solo un centro de memoria hist\u00f3rica, sino tambi\u00e9n un lugar de debates sobre...\" \/>\n<meta property=\"og:url\" content=\"https:\/\/fundacaofhc.org.br\/es\/la-fundacao\/\" \/>\n<meta property=\"og:site_name\" content=\"Funda\u00e7\u00e3o FHC\" \/>\n<meta property=\"article:publisher\" content=\"https:\/\/www.facebook.com\/fundacaoFHC\/\" \/>\n<meta property=\"article:modified_time\" content=\"2026-03-05T16:20:30+00:00\" \/>\n<meta property=\"og:image\" content=\"https:\/\/fundacaofhc.org.br\/wp-content\/uploads\/2024\/08\/share-image.png\" \/>\n\t<meta property=\"og:image:width\" content=\"1200\" \/>\n\t<meta property=\"og:image:height\" content=\"630\" \/>\n\t<meta property=\"og:image:type\" content=\"image\/png\" \/>\n<meta name=\"twitter:card\" content=\"summary_large_image\" \/>\n<meta name=\"twitter:label1\" content=\"Tiempo de lectura\" \/>\n\t<meta name=\"twitter:data1\" content=\"2 minutos\" \/>\n<script type=\"application\/ld+json\" class=\"yoast-schema-graph\">{\"@context\":\"https:\/\/schema.org\",\"@graph\":[{\"@type\":\"WebPage\",\"@id\":\"https:\/\/fundacaofhc.org.br\/es\/la-fundacao\/\",\"url\":\"https:\/\/fundacaofhc.org.br\/es\/la-fundacao\/\",\"name\":\"Un espacio de di\u00e1logo cualificado y plural | Funda\u00e7\u00e3o FHC\",\"isPartOf\":{\"@id\":\"https:\/\/fundacaofhc.org.br\/es\/#website\"},\"datePublished\":\"2024-05-08T01:38:18+00:00\",\"dateModified\":\"2026-03-05T16:20:30+00:00\",\"breadcrumb\":{\"@id\":\"https:\/\/fundacaofhc.org.br\/es\/la-fundacao\/#breadcrumb\"},\"inLanguage\":\"es\",\"potentialAction\":[{\"@type\":\"ReadAction\",\"target\":[\"https:\/\/fundacaofhc.org.br\/es\/la-fundacao\/\"]}]},{\"@type\":\"BreadcrumbList\",\"@id\":\"https:\/\/fundacaofhc.org.br\/es\/la-fundacao\/#breadcrumb\",\"itemListElement\":[{\"@type\":\"ListItem\",\"position\":1,\"name\":\"Home\",\"item\":\"https:\/\/fundacaofhc.org.br\/es\/\"},{\"@type\":\"ListItem\",\"position\":2,\"name\":\"Un espacio de di\u00e1logo cualificado y plural\"}]},{\"@type\":\"WebSite\",\"@id\":\"https:\/\/fundacaofhc.org.br\/es\/#website\",\"url\":\"https:\/\/fundacaofhc.org.br\/es\/\",\"name\":\"Funda\u00e7\u00e3o FHC\",\"description\":\"Um lugar de debates sobre democracia e desenvolvimento\",\"publisher\":{\"@id\":\"https:\/\/fundacaofhc.org.br\/es\/#organization\"},\"potentialAction\":[{\"@type\":\"SearchAction\",\"target\":{\"@type\":\"EntryPoint\",\"urlTemplate\":\"https:\/\/fundacaofhc.org.br\/es\/?s={search_term_string}\"},\"query-input\":{\"@type\":\"PropertyValueSpecification\",\"valueRequired\":true,\"valueName\":\"search_term_string\"}}],\"inLanguage\":\"es\"},{\"@type\":\"Organization\",\"@id\":\"https:\/\/fundacaofhc.org.br\/es\/#organization\",\"name\":\"Funda\u00e7\u00e3o Fernando Henrique Cardoso\",\"alternateName\":\"Funda\u00e7\u00e3o FHC\",\"url\":\"https:\/\/fundacaofhc.org.br\/es\/\",\"logo\":{\"@type\":\"ImageObject\",\"inLanguage\":\"es\",\"@id\":\"https:\/\/fundacaofhc.org.br\/es\/#\/schema\/logo\/image\/\",\"url\":\"https:\/\/fundacaofhc.org.br\/wp-content\/uploads\/2024\/05\/favicon.png\",\"contentUrl\":\"https:\/\/fundacaofhc.org.br\/wp-content\/uploads\/2024\/05\/favicon.png\",\"width\":512,\"height\":512,\"caption\":\"Funda\u00e7\u00e3o Fernando Henrique Cardoso\"},\"image\":{\"@id\":\"https:\/\/fundacaofhc.org.br\/es\/#\/schema\/logo\/image\/\"},\"sameAs\":[\"https:\/\/www.facebook.com\/fundacaoFHC\/\",\"https:\/\/www.linkedin.com\/company\/fundao-instituto-fernando-henrique-cardoso\",\"https:\/\/www.instagram.com\/fundacaofhc\/\",\"https:\/\/twitter.com\/fundacaofhc\",\"https:\/\/www.youtube.com\/FundacaoInstitutoFHC\"]}]}<\/script>\n<!-- \/ Yoast SEO plugin. -->","yoast_head_json":{"title":"Un espacio de di\u00e1logo cualificado y plural | Funda\u00e7\u00e3o FHC","robots":{"index":"index","follow":"follow","max-snippet":"max-snippet:-1","max-image-preview":"max-image-preview:large","max-video-preview":"max-video-preview:-1"},"canonical":"https:\/\/fundacaofhc.org.br\/es\/la-fundacao\/","og_locale":"es_ES","og_type":"article","og_title":"Un espacio de di\u00e1logo cualificado y plural | Funda\u00e7\u00e3o FHC","og_description":"Despu\u00e9s de 20 a\u00f1os, la Funda\u00e7\u00e3o FHC inicia un nuevo ciclo de contribuciones al pa\u00eds. Al final de su mandato, Fernando Henrique Cardoso decidi\u00f3 crear esta fundaci\u00f3n inspirado en organizaciones similares vinculadas a antiguos gobiernos europeos y estadounidenses: \u00abQuer\u00eda que fuera no solo un centro de memoria hist\u00f3rica, sino tambi\u00e9n un lugar de debates sobre...","og_url":"https:\/\/fundacaofhc.org.br\/es\/la-fundacao\/","og_site_name":"Funda\u00e7\u00e3o FHC","article_publisher":"https:\/\/www.facebook.com\/fundacaoFHC\/","article_modified_time":"2026-03-05T16:20:30+00:00","og_image":[{"width":1200,"height":630,"url":"https:\/\/fundacaofhc.org.br\/wp-content\/uploads\/2024\/08\/share-image.png","type":"image\/png"}],"twitter_card":"summary_large_image","twitter_misc":{"Tiempo de lectura":"2 minutos"},"schema":{"@context":"https:\/\/schema.org","@graph":[{"@type":"WebPage","@id":"https:\/\/fundacaofhc.org.br\/es\/la-fundacao\/","url":"https:\/\/fundacaofhc.org.br\/es\/la-fundacao\/","name":"Un espacio de di\u00e1logo cualificado y plural | Funda\u00e7\u00e3o FHC","isPartOf":{"@id":"https:\/\/fundacaofhc.org.br\/es\/#website"},"datePublished":"2024-05-08T01:38:18+00:00","dateModified":"2026-03-05T16:20:30+00:00","breadcrumb":{"@id":"https:\/\/fundacaofhc.org.br\/es\/la-fundacao\/#breadcrumb"},"inLanguage":"es","potentialAction":[{"@type":"ReadAction","target":["https:\/\/fundacaofhc.org.br\/es\/la-fundacao\/"]}]},{"@type":"BreadcrumbList","@id":"https:\/\/fundacaofhc.org.br\/es\/la-fundacao\/#breadcrumb","itemListElement":[{"@type":"ListItem","position":1,"name":"Home","item":"https:\/\/fundacaofhc.org.br\/es\/"},{"@type":"ListItem","position":2,"name":"Un espacio de di\u00e1logo cualificado y plural"}]},{"@type":"WebSite","@id":"https:\/\/fundacaofhc.org.br\/es\/#website","url":"https:\/\/fundacaofhc.org.br\/es\/","name":"Funda\u00e7\u00e3o FHC","description":"Um lugar de debates sobre democracia e desenvolvimento","publisher":{"@id":"https:\/\/fundacaofhc.org.br\/es\/#organization"},"potentialAction":[{"@type":"SearchAction","target":{"@type":"EntryPoint","urlTemplate":"https:\/\/fundacaofhc.org.br\/es\/?s={search_term_string}"},"query-input":{"@type":"PropertyValueSpecification","valueRequired":true,"valueName":"search_term_string"}}],"inLanguage":"es"},{"@type":"Organization","@id":"https:\/\/fundacaofhc.org.br\/es\/#organization","name":"Funda\u00e7\u00e3o Fernando Henrique Cardoso","alternateName":"Funda\u00e7\u00e3o FHC","url":"https:\/\/fundacaofhc.org.br\/es\/","logo":{"@type":"ImageObject","inLanguage":"es","@id":"https:\/\/fundacaofhc.org.br\/es\/#\/schema\/logo\/image\/","url":"https:\/\/fundacaofhc.org.br\/wp-content\/uploads\/2024\/05\/favicon.png","contentUrl":"https:\/\/fundacaofhc.org.br\/wp-content\/uploads\/2024\/05\/favicon.png","width":512,"height":512,"caption":"Funda\u00e7\u00e3o Fernando Henrique Cardoso"},"image":{"@id":"https:\/\/fundacaofhc.org.br\/es\/#\/schema\/logo\/image\/"},"sameAs":["https:\/\/www.facebook.com\/fundacaoFHC\/","https:\/\/www.linkedin.com\/company\/fundao-instituto-fernando-henrique-cardoso","https:\/\/www.instagram.com\/fundacaofhc\/","https:\/\/twitter.com\/fundacaofhc","https:\/\/www.youtube.com\/FundacaoInstitutoFHC"]}]}},"_links":{"self":[{"href":"https:\/\/fundacaofhc.org.br\/es\/wp-json\/wp\/v2\/pages\/16834","targetHints":{"allow":["GET"]}}],"collection":[{"href":"https:\/\/fundacaofhc.org.br\/es\/wp-json\/wp\/v2\/pages"}],"about":[{"href":"https:\/\/fundacaofhc.org.br\/es\/wp-json\/wp\/v2\/types\/page"}],"author":[{"embeddable":true,"href":"https:\/\/fundacaofhc.org.br\/es\/wp-json\/wp\/v2\/users\/1"}],"replies":[{"embeddable":true,"href":"https:\/\/fundacaofhc.org.br\/es\/wp-json\/wp\/v2\/comments?post=16834"}],"version-history":[{"count":0,"href":"https:\/\/fundacaofhc.org.br\/es\/wp-json\/wp\/v2\/pages\/16834\/revisions"}],"wp:attachment":[{"href":"https:\/\/fundacaofhc.org.br\/es\/wp-json\/wp\/v2\/media?parent=16834"}],"curies":[{"name":"wp","href":"https:\/\/api.w.org\/{rel}","templated":true}]}}