{"id":16821,"date":"2024-02-29T16:06:11","date_gmt":"2024-02-29T19:06:11","guid":{"rendered":"https:\/\/fundacaofhc.org.br\/home\/"},"modified":"2026-04-16T13:19:43","modified_gmt":"2026-04-16T16:19:43","slug":"home","status":"publish","type":"page","link":"https:\/\/fundacaofhc.org.br\/es\/","title":{"rendered":"Home"},"content":{"rendered":"","protected":false},"excerpt":{"rendered":"","protected":false},"author":1,"featured_media":0,"parent":0,"menu_order":0,"comment_status":"closed","ping_status":"closed","template":"index.php","meta":{"_acf_changed":false,"inline_featured_image":false,"footnotes":""},"class_list":["post-16821","page","type-page","status-publish","hentry"],"acf":[],"yoast_head":"<!-- This site is optimized with the Yoast SEO plugin v27.2 - https:\/\/yoast.com\/product\/yoast-seo-wordpress\/ -->\n<title>Funda\u00e7\u00e3o FHC<\/title>\n<meta name=\"robots\" content=\"index, follow, max-snippet:-1, max-image-preview:large, max-video-preview:-1\" \/>\n<link rel=\"canonical\" href=\"https:\/\/fundacaofhc.org.br\/es\/\" \/>\n<meta property=\"og:locale\" content=\"es_ES\" \/>\n<meta property=\"og:type\" content=\"article\" \/>\n<meta property=\"og:title\" content=\"Funda\u00e7\u00e3o FHC\" \/>\n<meta property=\"og:url\" content=\"https:\/\/fundacaofhc.org.br\/es\/\" \/>\n<meta property=\"og:site_name\" content=\"Funda\u00e7\u00e3o FHC\" \/>\n<meta property=\"article:publisher\" content=\"https:\/\/www.facebook.com\/fundacaoFHC\/\" \/>\n<meta property=\"article:modified_time\" content=\"2026-04-16T16:19:43+00:00\" \/>\n<meta property=\"og:image\" content=\"https:\/\/fundacaofhc.org.br\/wp-content\/uploads\/2024\/08\/share-image.png\" \/>\n\t<meta property=\"og:image:width\" content=\"1200\" \/>\n\t<meta property=\"og:image:height\" content=\"630\" \/>\n\t<meta property=\"og:image:type\" content=\"image\/png\" \/>\n<meta name=\"twitter:card\" content=\"summary_large_image\" \/>\n<script type=\"application\/ld+json\" class=\"yoast-schema-graph\">{\"@context\":\"https:\/\/schema.org\",\"@graph\":[{\"@type\":\"WebPage\",\"@id\":\"https:\/\/fundacaofhc.org.br\/es\/\",\"url\":\"https:\/\/fundacaofhc.org.br\/es\/\",\"name\":\"Funda\u00e7\u00e3o FHC\",\"isPartOf\":{\"@id\":\"https:\/\/fundacaofhc.org.br\/es\/#website\"},\"datePublished\":\"2024-02-29T19:06:11+00:00\",\"dateModified\":\"2026-04-16T16:19:43+00:00\",\"breadcrumb\":{\"@id\":\"https:\/\/fundacaofhc.org.br\/es\/#breadcrumb\"},\"inLanguage\":\"es\",\"potentialAction\":[{\"@type\":\"ReadAction\",\"target\":[\"https:\/\/fundacaofhc.org.br\/es\/\"]}]},{\"@type\":\"BreadcrumbList\",\"@id\":\"https:\/\/fundacaofhc.org.br\/es\/#breadcrumb\",\"itemListElement\":[{\"@type\":\"ListItem\",\"position\":1,\"name\":\"Home\",\"item\":\"https:\/\/fundacaofhc.org.br\/es\/\"},{\"@type\":\"ListItem\",\"position\":2,\"name\":\"Home\"}]},{\"@type\":\"WebSite\",\"@id\":\"https:\/\/fundacaofhc.org.br\/es\/#website\",\"url\":\"https:\/\/fundacaofhc.org.br\/es\/\",\"name\":\"Funda\u00e7\u00e3o FHC\",\"description\":\"Um lugar de debates sobre democracia e desenvolvimento\",\"publisher\":{\"@id\":\"https:\/\/fundacaofhc.org.br\/es\/#organization\"},\"potentialAction\":[{\"@type\":\"SearchAction\",\"target\":{\"@type\":\"EntryPoint\",\"urlTemplate\":\"https:\/\/fundacaofhc.org.br\/es\/?s={search_term_string}\"},\"query-input\":{\"@type\":\"PropertyValueSpecification\",\"valueRequired\":true,\"valueName\":\"search_term_string\"}}],\"inLanguage\":\"es\"},{\"@type\":\"Organization\",\"@id\":\"https:\/\/fundacaofhc.org.br\/es\/#organization\",\"name\":\"Funda\u00e7\u00e3o Fernando Henrique Cardoso\",\"alternateName\":\"Funda\u00e7\u00e3o FHC\",\"url\":\"https:\/\/fundacaofhc.org.br\/es\/\",\"logo\":{\"@type\":\"ImageObject\",\"inLanguage\":\"es\",\"@id\":\"https:\/\/fundacaofhc.org.br\/es\/#\/schema\/logo\/image\/\",\"url\":\"https:\/\/fundacaofhc.org.br\/wp-content\/uploads\/2024\/05\/favicon.png\",\"contentUrl\":\"https:\/\/fundacaofhc.org.br\/wp-content\/uploads\/2024\/05\/favicon.png\",\"width\":512,\"height\":512,\"caption\":\"Funda\u00e7\u00e3o Fernando Henrique Cardoso\"},\"image\":{\"@id\":\"https:\/\/fundacaofhc.org.br\/es\/#\/schema\/logo\/image\/\"},\"sameAs\":[\"https:\/\/www.facebook.com\/fundacaoFHC\/\",\"https:\/\/www.linkedin.com\/company\/fundao-instituto-fernando-henrique-cardoso\",\"https:\/\/www.instagram.com\/fundacaofhc\/\",\"https:\/\/twitter.com\/fundacaofhc\",\"https:\/\/www.youtube.com\/FundacaoInstitutoFHC\"]}]}<\/script>\n<!-- \/ Yoast SEO plugin. -->","yoast_head_json":{"title":"Funda\u00e7\u00e3o FHC","robots":{"index":"index","follow":"follow","max-snippet":"max-snippet:-1","max-image-preview":"max-image-preview:large","max-video-preview":"max-video-preview:-1"},"canonical":"https:\/\/fundacaofhc.org.br\/es\/","og_locale":"es_ES","og_type":"article","og_title":"Funda\u00e7\u00e3o FHC","og_url":"https:\/\/fundacaofhc.org.br\/es\/","og_site_name":"Funda\u00e7\u00e3o FHC","article_publisher":"https:\/\/www.facebook.com\/fundacaoFHC\/","article_modified_time":"2026-04-16T16:19:43+00:00","og_image":[{"width":1200,"height":630,"url":"https:\/\/fundacaofhc.org.br\/wp-content\/uploads\/2024\/08\/share-image.png","type":"image\/png"}],"twitter_card":"summary_large_image","schema":{"@context":"https:\/\/schema.org","@graph":[{"@type":"WebPage","@id":"https:\/\/fundacaofhc.org.br\/es\/","url":"https:\/\/fundacaofhc.org.br\/es\/","name":"Funda\u00e7\u00e3o FHC","isPartOf":{"@id":"https:\/\/fundacaofhc.org.br\/es\/#website"},"datePublished":"2024-02-29T19:06:11+00:00","dateModified":"2026-04-16T16:19:43+00:00","breadcrumb":{"@id":"https:\/\/fundacaofhc.org.br\/es\/#breadcrumb"},"inLanguage":"es","potentialAction":[{"@type":"ReadAction","target":["https:\/\/fundacaofhc.org.br\/es\/"]}]},{"@type":"BreadcrumbList","@id":"https:\/\/fundacaofhc.org.br\/es\/#breadcrumb","itemListElement":[{"@type":"ListItem","position":1,"name":"Home","item":"https:\/\/fundacaofhc.org.br\/es\/"},{"@type":"ListItem","position":2,"name":"Home"}]},{"@type":"WebSite","@id":"https:\/\/fundacaofhc.org.br\/es\/#website","url":"https:\/\/fundacaofhc.org.br\/es\/","name":"Funda\u00e7\u00e3o FHC","description":"Um lugar de debates sobre democracia e desenvolvimento","publisher":{"@id":"https:\/\/fundacaofhc.org.br\/es\/#organization"},"potentialAction":[{"@type":"SearchAction","target":{"@type":"EntryPoint","urlTemplate":"https:\/\/fundacaofhc.org.br\/es\/?s={search_term_string}"},"query-input":{"@type":"PropertyValueSpecification","valueRequired":true,"valueName":"search_term_string"}}],"inLanguage":"es"},{"@type":"Organization","@id":"https:\/\/fundacaofhc.org.br\/es\/#organization","name":"Funda\u00e7\u00e3o Fernando Henrique Cardoso","alternateName":"Funda\u00e7\u00e3o FHC","url":"https:\/\/fundacaofhc.org.br\/es\/","logo":{"@type":"ImageObject","inLanguage":"es","@id":"https:\/\/fundacaofhc.org.br\/es\/#\/schema\/logo\/image\/","url":"https:\/\/fundacaofhc.org.br\/wp-content\/uploads\/2024\/05\/favicon.png","contentUrl":"https:\/\/fundacaofhc.org.br\/wp-content\/uploads\/2024\/05\/favicon.png","width":512,"height":512,"caption":"Funda\u00e7\u00e3o Fernando Henrique Cardoso"},"image":{"@id":"https:\/\/fundacaofhc.org.br\/es\/#\/schema\/logo\/image\/"},"sameAs":["https:\/\/www.facebook.com\/fundacaoFHC\/","https:\/\/www.linkedin.com\/company\/fundao-instituto-fernando-henrique-cardoso","https:\/\/www.instagram.com\/fundacaofhc\/","https:\/\/twitter.com\/fundacaofhc","https:\/\/www.youtube.com\/FundacaoInstitutoFHC"]}]}},"_links":{"self":[{"href":"https:\/\/fundacaofhc.org.br\/es\/wp-json\/wp\/v2\/pages\/16821","targetHints":{"allow":["GET"]}}],"collection":[{"href":"https:\/\/fundacaofhc.org.br\/es\/wp-json\/wp\/v2\/pages"}],"about":[{"href":"https:\/\/fundacaofhc.org.br\/es\/wp-json\/wp\/v2\/types\/page"}],"author":[{"embeddable":true,"href":"https:\/\/fundacaofhc.org.br\/es\/wp-json\/wp\/v2\/users\/1"}],"replies":[{"embeddable":true,"href":"https:\/\/fundacaofhc.org.br\/es\/wp-json\/wp\/v2\/comments?post=16821"}],"version-history":[{"count":1,"href":"https:\/\/fundacaofhc.org.br\/es\/wp-json\/wp\/v2\/pages\/16821\/revisions"}],"predecessor-version":[{"id":26853,"href":"https:\/\/fundacaofhc.org.br\/es\/wp-json\/wp\/v2\/pages\/16821\/revisions\/26853"}],"wp:attachment":[{"href":"https:\/\/fundacaofhc.org.br\/es\/wp-json\/wp\/v2\/media?parent=16821"}],"curies":[{"name":"wp","href":"https:\/\/api.w.org\/{rel}","templated":true}]}}