{"id":16898,"date":"2024-03-28T15:34:28","date_gmt":"2024-03-28T18:34:28","guid":{"rendered":"https:\/\/fundacaofhc.org.br\/plataforma-democratica\/"},"modified":"2025-11-03T11:52:58","modified_gmt":"2025-11-03T14:52:58","slug":"plataforma-democratica","status":"publish","type":"page","link":"https:\/\/fundacaofhc.org.br\/en\/plataforma-democratica\/","title":{"rendered":"Plataforma Democr\u00e1tica\u00a0(Democratic Platform)"},"content":{"rendered":"\n<p>Created in 2007 by the Funda\u00e7\u00e3o Fernando Henrique Cardoso and the Edelstein Center for Social Research, <em>Plataforma Democr\u00e1tica<\/em> is dedicated to strengthening democratic culture and institutions in Brazil and Latin America.&nbsp;<\/p>\n\n\n\n<p>We conduct research, publish studies, and host seminars on societal and political transformations in the region and the broader international landscape, focusing on the challenges to democratic governance and coexistence. Our mission is to foster dialogue between knowledge producers and diverse social and political actors, in a non-partisan way. We encourage democratic citizenship and civic culture that values reasoned debate and various perspectives.<\/p>\n","protected":false},"excerpt":{"rendered":"<p>Created in 2007 by the Funda\u00e7\u00e3o Fernando Henrique Cardoso and the Edelstein Center for Social Research, Plataforma Democr\u00e1tica is dedicated to strengthening democratic culture and institutions in Brazil and Latin America.&nbsp; We conduct research, publish studies, and host seminars on societal and political transformations in the region and the broader international landscape, focusing on the&#8230;<\/p>\n","protected":false},"author":1,"featured_media":0,"parent":0,"menu_order":0,"comment_status":"closed","ping_status":"closed","template":"page-plataforma-democratica.php","meta":{"_acf_changed":false,"inline_featured_image":false,"footnotes":""},"class_list":["post-16898","page","type-page","status-publish","hentry"],"acf":[],"yoast_head":"<!-- This site is optimized with the Yoast SEO plugin v27.2 - https:\/\/yoast.com\/product\/yoast-seo-wordpress\/ -->\n<title>Plataforma Democr\u00e1tica\u00a0(Democratic Platform) | Funda\u00e7\u00e3o FHC<\/title>\n<meta name=\"robots\" content=\"index, follow, max-snippet:-1, max-image-preview:large, max-video-preview:-1\" \/>\n<link rel=\"canonical\" href=\"https:\/\/fundacaofhc.org.br\/en\/plataforma-democratica\/\" \/>\n<meta property=\"og:locale\" content=\"en_US\" \/>\n<meta property=\"og:type\" content=\"article\" \/>\n<meta property=\"og:title\" content=\"Plataforma Democr\u00e1tica\u00a0(Democratic Platform) | Funda\u00e7\u00e3o FHC\" \/>\n<meta property=\"og:description\" content=\"Created in 2007 by the Funda\u00e7\u00e3o Fernando Henrique Cardoso and the Edelstein Center for Social Research, Plataforma Democr\u00e1tica is dedicated to strengthening democratic culture and institutions in Brazil and Latin America.&nbsp; We conduct research, publish studies, and host seminars on societal and political transformations in the region and the broader international landscape, focusing on the...\" \/>\n<meta property=\"og:url\" content=\"https:\/\/fundacaofhc.org.br\/en\/plataforma-democratica\/\" \/>\n<meta property=\"og:site_name\" content=\"Funda\u00e7\u00e3o FHC\" \/>\n<meta property=\"article:publisher\" content=\"https:\/\/www.facebook.com\/fundacaoFHC\/\" \/>\n<meta property=\"article:modified_time\" content=\"2025-11-03T14:52:58+00:00\" \/>\n<meta property=\"og:image\" content=\"https:\/\/fundacaofhc.org.br\/wp-content\/uploads\/2024\/08\/share-image.png\" \/>\n\t<meta property=\"og:image:width\" content=\"1200\" \/>\n\t<meta property=\"og:image:height\" content=\"630\" \/>\n\t<meta property=\"og:image:type\" content=\"image\/png\" \/>\n<meta name=\"twitter:card\" content=\"summary_large_image\" \/>\n<meta name=\"twitter:label1\" content=\"Est. reading time\" \/>\n\t<meta name=\"twitter:data1\" content=\"1 minute\" \/>\n<script type=\"application\/ld+json\" class=\"yoast-schema-graph\">{\"@context\":\"https:\/\/schema.org\",\"@graph\":[{\"@type\":\"WebPage\",\"@id\":\"https:\/\/fundacaofhc.org.br\/en\/plataforma-democratica\/\",\"url\":\"https:\/\/fundacaofhc.org.br\/en\/plataforma-democratica\/\",\"name\":\"Plataforma Democr\u00e1tica\u00a0(Democratic Platform) | Funda\u00e7\u00e3o FHC\",\"isPartOf\":{\"@id\":\"https:\/\/fundacaofhc.org.br\/en\/#website\"},\"datePublished\":\"2024-03-28T18:34:28+00:00\",\"dateModified\":\"2025-11-03T14:52:58+00:00\",\"breadcrumb\":{\"@id\":\"https:\/\/fundacaofhc.org.br\/en\/plataforma-democratica\/#breadcrumb\"},\"inLanguage\":\"en-US\",\"potentialAction\":[{\"@type\":\"ReadAction\",\"target\":[\"https:\/\/fundacaofhc.org.br\/en\/plataforma-democratica\/\"]}]},{\"@type\":\"BreadcrumbList\",\"@id\":\"https:\/\/fundacaofhc.org.br\/en\/plataforma-democratica\/#breadcrumb\",\"itemListElement\":[{\"@type\":\"ListItem\",\"position\":1,\"name\":\"Home\",\"item\":\"https:\/\/fundacaofhc.org.br\/en\/\"},{\"@type\":\"ListItem\",\"position\":2,\"name\":\"Plataforma Democr\u00e1tica\u00a0(Democratic Platform)\"}]},{\"@type\":\"WebSite\",\"@id\":\"https:\/\/fundacaofhc.org.br\/en\/#website\",\"url\":\"https:\/\/fundacaofhc.org.br\/en\/\",\"name\":\"Funda\u00e7\u00e3o FHC\",\"description\":\"Um lugar de debates sobre democracia e desenvolvimento\",\"publisher\":{\"@id\":\"https:\/\/fundacaofhc.org.br\/en\/#organization\"},\"potentialAction\":[{\"@type\":\"SearchAction\",\"target\":{\"@type\":\"EntryPoint\",\"urlTemplate\":\"https:\/\/fundacaofhc.org.br\/en\/?s={search_term_string}\"},\"query-input\":{\"@type\":\"PropertyValueSpecification\",\"valueRequired\":true,\"valueName\":\"search_term_string\"}}],\"inLanguage\":\"en-US\"},{\"@type\":\"Organization\",\"@id\":\"https:\/\/fundacaofhc.org.br\/en\/#organization\",\"name\":\"Funda\u00e7\u00e3o Fernando Henrique Cardoso\",\"alternateName\":\"Funda\u00e7\u00e3o FHC\",\"url\":\"https:\/\/fundacaofhc.org.br\/en\/\",\"logo\":{\"@type\":\"ImageObject\",\"inLanguage\":\"en-US\",\"@id\":\"https:\/\/fundacaofhc.org.br\/en\/#\/schema\/logo\/image\/\",\"url\":\"https:\/\/fundacaofhc.org.br\/wp-content\/uploads\/2024\/05\/favicon.png\",\"contentUrl\":\"https:\/\/fundacaofhc.org.br\/wp-content\/uploads\/2024\/05\/favicon.png\",\"width\":512,\"height\":512,\"caption\":\"Funda\u00e7\u00e3o Fernando Henrique Cardoso\"},\"image\":{\"@id\":\"https:\/\/fundacaofhc.org.br\/en\/#\/schema\/logo\/image\/\"},\"sameAs\":[\"https:\/\/www.facebook.com\/fundacaoFHC\/\",\"https:\/\/www.linkedin.com\/company\/fundao-instituto-fernando-henrique-cardoso\",\"https:\/\/www.instagram.com\/fundacaofhc\/\",\"https:\/\/twitter.com\/fundacaofhc\",\"https:\/\/www.youtube.com\/FundacaoInstitutoFHC\"]}]}<\/script>\n<!-- \/ Yoast SEO plugin. -->","yoast_head_json":{"title":"Plataforma Democr\u00e1tica\u00a0(Democratic Platform) | Funda\u00e7\u00e3o FHC","robots":{"index":"index","follow":"follow","max-snippet":"max-snippet:-1","max-image-preview":"max-image-preview:large","max-video-preview":"max-video-preview:-1"},"canonical":"https:\/\/fundacaofhc.org.br\/en\/plataforma-democratica\/","og_locale":"en_US","og_type":"article","og_title":"Plataforma Democr\u00e1tica\u00a0(Democratic Platform) | Funda\u00e7\u00e3o FHC","og_description":"Created in 2007 by the Funda\u00e7\u00e3o Fernando Henrique Cardoso and the Edelstein Center for Social Research, Plataforma Democr\u00e1tica is dedicated to strengthening democratic culture and institutions in Brazil and Latin America.&nbsp; We conduct research, publish studies, and host seminars on societal and political transformations in the region and the broader international landscape, focusing on the...","og_url":"https:\/\/fundacaofhc.org.br\/en\/plataforma-democratica\/","og_site_name":"Funda\u00e7\u00e3o FHC","article_publisher":"https:\/\/www.facebook.com\/fundacaoFHC\/","article_modified_time":"2025-11-03T14:52:58+00:00","og_image":[{"width":1200,"height":630,"url":"https:\/\/fundacaofhc.org.br\/wp-content\/uploads\/2024\/08\/share-image.png","type":"image\/png"}],"twitter_card":"summary_large_image","twitter_misc":{"Est. reading time":"1 minute"},"schema":{"@context":"https:\/\/schema.org","@graph":[{"@type":"WebPage","@id":"https:\/\/fundacaofhc.org.br\/en\/plataforma-democratica\/","url":"https:\/\/fundacaofhc.org.br\/en\/plataforma-democratica\/","name":"Plataforma Democr\u00e1tica\u00a0(Democratic Platform) | Funda\u00e7\u00e3o FHC","isPartOf":{"@id":"https:\/\/fundacaofhc.org.br\/en\/#website"},"datePublished":"2024-03-28T18:34:28+00:00","dateModified":"2025-11-03T14:52:58+00:00","breadcrumb":{"@id":"https:\/\/fundacaofhc.org.br\/en\/plataforma-democratica\/#breadcrumb"},"inLanguage":"en-US","potentialAction":[{"@type":"ReadAction","target":["https:\/\/fundacaofhc.org.br\/en\/plataforma-democratica\/"]}]},{"@type":"BreadcrumbList","@id":"https:\/\/fundacaofhc.org.br\/en\/plataforma-democratica\/#breadcrumb","itemListElement":[{"@type":"ListItem","position":1,"name":"Home","item":"https:\/\/fundacaofhc.org.br\/en\/"},{"@type":"ListItem","position":2,"name":"Plataforma Democr\u00e1tica\u00a0(Democratic Platform)"}]},{"@type":"WebSite","@id":"https:\/\/fundacaofhc.org.br\/en\/#website","url":"https:\/\/fundacaofhc.org.br\/en\/","name":"Funda\u00e7\u00e3o FHC","description":"Um lugar de debates sobre democracia e desenvolvimento","publisher":{"@id":"https:\/\/fundacaofhc.org.br\/en\/#organization"},"potentialAction":[{"@type":"SearchAction","target":{"@type":"EntryPoint","urlTemplate":"https:\/\/fundacaofhc.org.br\/en\/?s={search_term_string}"},"query-input":{"@type":"PropertyValueSpecification","valueRequired":true,"valueName":"search_term_string"}}],"inLanguage":"en-US"},{"@type":"Organization","@id":"https:\/\/fundacaofhc.org.br\/en\/#organization","name":"Funda\u00e7\u00e3o Fernando Henrique Cardoso","alternateName":"Funda\u00e7\u00e3o FHC","url":"https:\/\/fundacaofhc.org.br\/en\/","logo":{"@type":"ImageObject","inLanguage":"en-US","@id":"https:\/\/fundacaofhc.org.br\/en\/#\/schema\/logo\/image\/","url":"https:\/\/fundacaofhc.org.br\/wp-content\/uploads\/2024\/05\/favicon.png","contentUrl":"https:\/\/fundacaofhc.org.br\/wp-content\/uploads\/2024\/05\/favicon.png","width":512,"height":512,"caption":"Funda\u00e7\u00e3o Fernando Henrique Cardoso"},"image":{"@id":"https:\/\/fundacaofhc.org.br\/en\/#\/schema\/logo\/image\/"},"sameAs":["https:\/\/www.facebook.com\/fundacaoFHC\/","https:\/\/www.linkedin.com\/company\/fundao-instituto-fernando-henrique-cardoso","https:\/\/www.instagram.com\/fundacaofhc\/","https:\/\/twitter.com\/fundacaofhc","https:\/\/www.youtube.com\/FundacaoInstitutoFHC"]}]}},"_links":{"self":[{"href":"https:\/\/fundacaofhc.org.br\/en\/wp-json\/wp\/v2\/pages\/16898","targetHints":{"allow":["GET"]}}],"collection":[{"href":"https:\/\/fundacaofhc.org.br\/en\/wp-json\/wp\/v2\/pages"}],"about":[{"href":"https:\/\/fundacaofhc.org.br\/en\/wp-json\/wp\/v2\/types\/page"}],"author":[{"embeddable":true,"href":"https:\/\/fundacaofhc.org.br\/en\/wp-json\/wp\/v2\/users\/1"}],"replies":[{"embeddable":true,"href":"https:\/\/fundacaofhc.org.br\/en\/wp-json\/wp\/v2\/comments?post=16898"}],"version-history":[{"count":0,"href":"https:\/\/fundacaofhc.org.br\/en\/wp-json\/wp\/v2\/pages\/16898\/revisions"}],"wp:attachment":[{"href":"https:\/\/fundacaofhc.org.br\/en\/wp-json\/wp\/v2\/media?parent=16898"}],"curies":[{"name":"wp","href":"https:\/\/api.w.org\/{rel}","templated":true}]}}