{"id":16894,"date":"2024-04-02T11:15:10","date_gmt":"2024-04-02T14:15:10","guid":{"rendered":"https:\/\/fundacaofhc.org.br\/debates\/"},"modified":"2026-01-09T11:46:13","modified_gmt":"2026-01-09T14:46:13","slug":"debates","status":"publish","type":"page","link":"https:\/\/fundacaofhc.org.br\/en\/debates\/","title":{"rendered":"Debates"},"content":{"rendered":"\n<p>Explore the debates hosted by Funda\u00e7\u00e3o FHC, held both at our S\u00e3o Paulo headquarters and entirely online, covering key issues on the democracy and development agenda at home and internationally.<\/p>\n\n\n\n<p>To view the full content in Portuguese, <a href=\"https:\/\/fundacaofhc.org.br\/en\/debates\/\">click here<\/a>.\u00a0<\/p>\n","protected":false},"excerpt":{"rendered":"<p>Explore the debates hosted by Funda\u00e7\u00e3o FHC, held both at our S\u00e3o Paulo headquarters and entirely online, covering key issues on the democracy and development agenda at home and internationally. To view the full content in Portuguese, click here.\u00a0<\/p>\n","protected":false},"author":1,"featured_media":14421,"parent":0,"menu_order":0,"comment_status":"closed","ping_status":"closed","template":"page-debates.php","meta":{"_acf_changed":false,"inline_featured_image":false,"footnotes":""},"class_list":["post-16894","page","type-page","status-publish","has-post-thumbnail","hentry"],"acf":[],"yoast_head":"<!-- This site is optimized with the Yoast SEO plugin v27.2 - https:\/\/yoast.com\/product\/yoast-seo-wordpress\/ -->\n<title>Debates | Funda\u00e7\u00e3o FHC<\/title>\n<meta name=\"robots\" content=\"index, follow, max-snippet:-1, max-image-preview:large, max-video-preview:-1\" \/>\n<link rel=\"canonical\" href=\"https:\/\/fundacaofhc.org.br\/en\/debates\/\" \/>\n<meta property=\"og:locale\" content=\"en_US\" \/>\n<meta property=\"og:type\" content=\"article\" \/>\n<meta property=\"og:title\" content=\"Debates | Funda\u00e7\u00e3o FHC\" \/>\n<meta property=\"og:description\" content=\"Explore the debates hosted by Funda\u00e7\u00e3o FHC, held both at our S\u00e3o Paulo headquarters and entirely online, covering key issues on the democracy and development agenda at home and internationally. To view the full content in Portuguese, click here.\u00a0\" \/>\n<meta property=\"og:url\" content=\"https:\/\/fundacaofhc.org.br\/en\/debates\/\" \/>\n<meta property=\"og:site_name\" content=\"Funda\u00e7\u00e3o FHC\" \/>\n<meta property=\"article:publisher\" content=\"https:\/\/www.facebook.com\/fundacaoFHC\/\" \/>\n<meta property=\"article:modified_time\" content=\"2026-01-09T14:46:13+00:00\" \/>\n<meta property=\"og:image\" content=\"https:\/\/fundacaofhc.org.br\/wp-content\/uploads\/2024\/05\/hero-debates-imagem.png\" \/>\n\t<meta property=\"og:image:width\" content=\"1222\" \/>\n\t<meta property=\"og:image:height\" content=\"732\" \/>\n\t<meta property=\"og:image:type\" content=\"image\/png\" \/>\n<meta name=\"twitter:card\" content=\"summary_large_image\" \/>\n<meta name=\"twitter:label1\" content=\"Est. reading time\" \/>\n\t<meta name=\"twitter:data1\" content=\"1 minute\" \/>\n<script type=\"application\/ld+json\" class=\"yoast-schema-graph\">{\"@context\":\"https:\/\/schema.org\",\"@graph\":[{\"@type\":\"WebPage\",\"@id\":\"https:\/\/fundacaofhc.org.br\/en\/debates\/\",\"url\":\"https:\/\/fundacaofhc.org.br\/en\/debates\/\",\"name\":\"Debates | Funda\u00e7\u00e3o FHC\",\"isPartOf\":{\"@id\":\"https:\/\/fundacaofhc.org.br\/en\/#website\"},\"primaryImageOfPage\":{\"@id\":\"https:\/\/fundacaofhc.org.br\/en\/debates\/#primaryimage\"},\"image\":{\"@id\":\"https:\/\/fundacaofhc.org.br\/en\/debates\/#primaryimage\"},\"thumbnailUrl\":\"https:\/\/fundacaofhc.org.br\/wp-content\/uploads\/2024\/05\/hero-debates-imagem.png\",\"datePublished\":\"2024-04-02T14:15:10+00:00\",\"dateModified\":\"2026-01-09T14:46:13+00:00\",\"breadcrumb\":{\"@id\":\"https:\/\/fundacaofhc.org.br\/en\/debates\/#breadcrumb\"},\"inLanguage\":\"en-US\",\"potentialAction\":[{\"@type\":\"ReadAction\",\"target\":[\"https:\/\/fundacaofhc.org.br\/en\/debates\/\"]}]},{\"@type\":\"ImageObject\",\"inLanguage\":\"en-US\",\"@id\":\"https:\/\/fundacaofhc.org.br\/en\/debates\/#primaryimage\",\"url\":\"https:\/\/fundacaofhc.org.br\/wp-content\/uploads\/2024\/05\/hero-debates-imagem.png\",\"contentUrl\":\"https:\/\/fundacaofhc.org.br\/wp-content\/uploads\/2024\/05\/hero-debates-imagem.png\",\"width\":1222,\"height\":732,\"caption\":\"Debates\"},{\"@type\":\"BreadcrumbList\",\"@id\":\"https:\/\/fundacaofhc.org.br\/en\/debates\/#breadcrumb\",\"itemListElement\":[{\"@type\":\"ListItem\",\"position\":1,\"name\":\"Home\",\"item\":\"https:\/\/fundacaofhc.org.br\/en\/\"},{\"@type\":\"ListItem\",\"position\":2,\"name\":\"Debates\"}]},{\"@type\":\"WebSite\",\"@id\":\"https:\/\/fundacaofhc.org.br\/en\/#website\",\"url\":\"https:\/\/fundacaofhc.org.br\/en\/\",\"name\":\"Funda\u00e7\u00e3o FHC\",\"description\":\"Um lugar de debates sobre democracia e desenvolvimento\",\"publisher\":{\"@id\":\"https:\/\/fundacaofhc.org.br\/en\/#organization\"},\"potentialAction\":[{\"@type\":\"SearchAction\",\"target\":{\"@type\":\"EntryPoint\",\"urlTemplate\":\"https:\/\/fundacaofhc.org.br\/en\/?s={search_term_string}\"},\"query-input\":{\"@type\":\"PropertyValueSpecification\",\"valueRequired\":true,\"valueName\":\"search_term_string\"}}],\"inLanguage\":\"en-US\"},{\"@type\":\"Organization\",\"@id\":\"https:\/\/fundacaofhc.org.br\/en\/#organization\",\"name\":\"Funda\u00e7\u00e3o Fernando Henrique Cardoso\",\"alternateName\":\"Funda\u00e7\u00e3o FHC\",\"url\":\"https:\/\/fundacaofhc.org.br\/en\/\",\"logo\":{\"@type\":\"ImageObject\",\"inLanguage\":\"en-US\",\"@id\":\"https:\/\/fundacaofhc.org.br\/en\/#\/schema\/logo\/image\/\",\"url\":\"https:\/\/fundacaofhc.org.br\/wp-content\/uploads\/2024\/05\/favicon.png\",\"contentUrl\":\"https:\/\/fundacaofhc.org.br\/wp-content\/uploads\/2024\/05\/favicon.png\",\"width\":512,\"height\":512,\"caption\":\"Funda\u00e7\u00e3o Fernando Henrique Cardoso\"},\"image\":{\"@id\":\"https:\/\/fundacaofhc.org.br\/en\/#\/schema\/logo\/image\/\"},\"sameAs\":[\"https:\/\/www.facebook.com\/fundacaoFHC\/\",\"https:\/\/www.linkedin.com\/company\/fundao-instituto-fernando-henrique-cardoso\",\"https:\/\/www.instagram.com\/fundacaofhc\/\",\"https:\/\/twitter.com\/fundacaofhc\",\"https:\/\/www.youtube.com\/FundacaoInstitutoFHC\"]}]}<\/script>\n<!-- \/ Yoast SEO plugin. -->","yoast_head_json":{"title":"Debates | Funda\u00e7\u00e3o FHC","robots":{"index":"index","follow":"follow","max-snippet":"max-snippet:-1","max-image-preview":"max-image-preview:large","max-video-preview":"max-video-preview:-1"},"canonical":"https:\/\/fundacaofhc.org.br\/en\/debates\/","og_locale":"en_US","og_type":"article","og_title":"Debates | Funda\u00e7\u00e3o FHC","og_description":"Explore the debates hosted by Funda\u00e7\u00e3o FHC, held both at our S\u00e3o Paulo headquarters and entirely online, covering key issues on the democracy and development agenda at home and internationally. To view the full content in Portuguese, click here.\u00a0","og_url":"https:\/\/fundacaofhc.org.br\/en\/debates\/","og_site_name":"Funda\u00e7\u00e3o FHC","article_publisher":"https:\/\/www.facebook.com\/fundacaoFHC\/","article_modified_time":"2026-01-09T14:46:13+00:00","og_image":[{"width":1222,"height":732,"url":"https:\/\/fundacaofhc.org.br\/wp-content\/uploads\/2024\/05\/hero-debates-imagem.png","type":"image\/png"}],"twitter_card":"summary_large_image","twitter_misc":{"Est. reading time":"1 minute"},"schema":{"@context":"https:\/\/schema.org","@graph":[{"@type":"WebPage","@id":"https:\/\/fundacaofhc.org.br\/en\/debates\/","url":"https:\/\/fundacaofhc.org.br\/en\/debates\/","name":"Debates | Funda\u00e7\u00e3o FHC","isPartOf":{"@id":"https:\/\/fundacaofhc.org.br\/en\/#website"},"primaryImageOfPage":{"@id":"https:\/\/fundacaofhc.org.br\/en\/debates\/#primaryimage"},"image":{"@id":"https:\/\/fundacaofhc.org.br\/en\/debates\/#primaryimage"},"thumbnailUrl":"https:\/\/fundacaofhc.org.br\/wp-content\/uploads\/2024\/05\/hero-debates-imagem.png","datePublished":"2024-04-02T14:15:10+00:00","dateModified":"2026-01-09T14:46:13+00:00","breadcrumb":{"@id":"https:\/\/fundacaofhc.org.br\/en\/debates\/#breadcrumb"},"inLanguage":"en-US","potentialAction":[{"@type":"ReadAction","target":["https:\/\/fundacaofhc.org.br\/en\/debates\/"]}]},{"@type":"ImageObject","inLanguage":"en-US","@id":"https:\/\/fundacaofhc.org.br\/en\/debates\/#primaryimage","url":"https:\/\/fundacaofhc.org.br\/wp-content\/uploads\/2024\/05\/hero-debates-imagem.png","contentUrl":"https:\/\/fundacaofhc.org.br\/wp-content\/uploads\/2024\/05\/hero-debates-imagem.png","width":1222,"height":732,"caption":"Debates"},{"@type":"BreadcrumbList","@id":"https:\/\/fundacaofhc.org.br\/en\/debates\/#breadcrumb","itemListElement":[{"@type":"ListItem","position":1,"name":"Home","item":"https:\/\/fundacaofhc.org.br\/en\/"},{"@type":"ListItem","position":2,"name":"Debates"}]},{"@type":"WebSite","@id":"https:\/\/fundacaofhc.org.br\/en\/#website","url":"https:\/\/fundacaofhc.org.br\/en\/","name":"Funda\u00e7\u00e3o FHC","description":"Um lugar de debates sobre democracia e desenvolvimento","publisher":{"@id":"https:\/\/fundacaofhc.org.br\/en\/#organization"},"potentialAction":[{"@type":"SearchAction","target":{"@type":"EntryPoint","urlTemplate":"https:\/\/fundacaofhc.org.br\/en\/?s={search_term_string}"},"query-input":{"@type":"PropertyValueSpecification","valueRequired":true,"valueName":"search_term_string"}}],"inLanguage":"en-US"},{"@type":"Organization","@id":"https:\/\/fundacaofhc.org.br\/en\/#organization","name":"Funda\u00e7\u00e3o Fernando Henrique Cardoso","alternateName":"Funda\u00e7\u00e3o FHC","url":"https:\/\/fundacaofhc.org.br\/en\/","logo":{"@type":"ImageObject","inLanguage":"en-US","@id":"https:\/\/fundacaofhc.org.br\/en\/#\/schema\/logo\/image\/","url":"https:\/\/fundacaofhc.org.br\/wp-content\/uploads\/2024\/05\/favicon.png","contentUrl":"https:\/\/fundacaofhc.org.br\/wp-content\/uploads\/2024\/05\/favicon.png","width":512,"height":512,"caption":"Funda\u00e7\u00e3o Fernando Henrique Cardoso"},"image":{"@id":"https:\/\/fundacaofhc.org.br\/en\/#\/schema\/logo\/image\/"},"sameAs":["https:\/\/www.facebook.com\/fundacaoFHC\/","https:\/\/www.linkedin.com\/company\/fundao-instituto-fernando-henrique-cardoso","https:\/\/www.instagram.com\/fundacaofhc\/","https:\/\/twitter.com\/fundacaofhc","https:\/\/www.youtube.com\/FundacaoInstitutoFHC"]}]}},"_links":{"self":[{"href":"https:\/\/fundacaofhc.org.br\/en\/wp-json\/wp\/v2\/pages\/16894","targetHints":{"allow":["GET"]}}],"collection":[{"href":"https:\/\/fundacaofhc.org.br\/en\/wp-json\/wp\/v2\/pages"}],"about":[{"href":"https:\/\/fundacaofhc.org.br\/en\/wp-json\/wp\/v2\/types\/page"}],"author":[{"embeddable":true,"href":"https:\/\/fundacaofhc.org.br\/en\/wp-json\/wp\/v2\/users\/1"}],"replies":[{"embeddable":true,"href":"https:\/\/fundacaofhc.org.br\/en\/wp-json\/wp\/v2\/comments?post=16894"}],"version-history":[{"count":0,"href":"https:\/\/fundacaofhc.org.br\/en\/wp-json\/wp\/v2\/pages\/16894\/revisions"}],"wp:featuredmedia":[{"embeddable":true,"href":"https:\/\/fundacaofhc.org.br\/en\/wp-json\/wp\/v2\/media\/14421"}],"wp:attachment":[{"href":"https:\/\/fundacaofhc.org.br\/en\/wp-json\/wp\/v2\/media?parent=16894"}],"curies":[{"name":"wp","href":"https:\/\/api.w.org\/{rel}","templated":true}]}}