{"id":16828,"date":"2024-05-07T22:38:18","date_gmt":"2024-05-08T01:38:18","guid":{"rendered":"https:\/\/fundacaofhc.org.br\/a-fundacao\/"},"modified":"2026-03-23T13:08:30","modified_gmt":"2026-03-23T16:08:30","slug":"the-fundacao","status":"publish","type":"page","link":"https:\/\/fundacaofhc.org.br\/en\/the-fundacao\/","title":{"rendered":"A forum for inclusive and informed dialogue"},"content":{"rendered":"\n<h2 class=\"wp-block-heading\"><br>After 20 years, the Funda\u00e7\u00e3o FHC has begun a new cycle of contributions to the country.\u00a0<\/h2>\n\n\n\n<p>At the close of his presidency, Fernando Henrique Cardoso (fondly remembered as FHC) founded this institution, inspired by similar organizations tied to former leaders in Europe and the United States: \u201cI wanted it to be not just a center of historical memory but a place for debates on democracy and development\u2014two causes that have engaged me since early on.\u201d This vision took shape in 2004, and two decades later, we stand as a distinctive institution in Brazil and Latin America, established as a hub for dialogue and the production of informed and inclusive knowledge.<\/p>\n\n\n\n<p>The Funda\u00e7\u00e3o FHC\u2019s activities encompass debates, exhibitions, educational events, and the production of books, articles, teaching materials, and videos that promote informed citizenship and intellectual rigor.<\/p>\n\n\n\n<p>The next twenty years are critical for Brazil to reach higher development standards. Will we advance more steadily and cohesively with robust democratic governance, consistent state policy continuity, less divisive polarization, deeper integration into the global arena, faster poverty eradication, and reduced socio-environmental inequalities? Funda\u00e7\u00e3o FHC is committed to playing a vital role in this collective effort with an even more profound dedication.<\/p>\n","protected":false},"excerpt":{"rendered":"<p>After 20 years, the Funda\u00e7\u00e3o FHC has begun a new cycle of contributions to the country.\u00a0 At the close of his presidency, Fernando Henrique Cardoso (fondly remembered as FHC) founded this institution, inspired by similar organizations tied to former leaders in Europe and the United States: \u201cI wanted it to be not just a center&#8230;<\/p>\n","protected":false},"author":1,"featured_media":0,"parent":0,"menu_order":0,"comment_status":"closed","ping_status":"closed","template":"page-sobre.php","meta":{"_acf_changed":false,"inline_featured_image":false,"footnotes":""},"class_list":["post-16828","page","type-page","status-publish","hentry"],"acf":[],"yoast_head":"<!-- This site is optimized with the Yoast SEO plugin v27.2 - https:\/\/yoast.com\/product\/yoast-seo-wordpress\/ -->\n<title>A forum for inclusive and informed dialogue | Funda\u00e7\u00e3o FHC<\/title>\n<meta name=\"robots\" content=\"index, follow, max-snippet:-1, max-image-preview:large, max-video-preview:-1\" \/>\n<link rel=\"canonical\" href=\"https:\/\/fundacaofhc.org.br\/en\/the-fundacao\/\" \/>\n<meta property=\"og:locale\" content=\"en_US\" \/>\n<meta property=\"og:type\" content=\"article\" \/>\n<meta property=\"og:title\" content=\"A forum for inclusive and informed dialogue | Funda\u00e7\u00e3o FHC\" \/>\n<meta property=\"og:description\" content=\"After 20 years, the Funda\u00e7\u00e3o FHC has begun a new cycle of contributions to the country.\u00a0 At the close of his presidency, Fernando Henrique Cardoso (fondly remembered as FHC) founded this institution, inspired by similar organizations tied to former leaders in Europe and the United States: \u201cI wanted it to be not just a center...\" \/>\n<meta property=\"og:url\" content=\"https:\/\/fundacaofhc.org.br\/en\/the-fundacao\/\" \/>\n<meta property=\"og:site_name\" content=\"Funda\u00e7\u00e3o FHC\" \/>\n<meta property=\"article:publisher\" content=\"https:\/\/www.facebook.com\/fundacaoFHC\/\" \/>\n<meta property=\"article:modified_time\" content=\"2026-03-23T16:08:30+00:00\" \/>\n<meta property=\"og:image\" content=\"https:\/\/fundacaofhc.org.br\/wp-content\/uploads\/2024\/08\/share-image.png\" \/>\n\t<meta property=\"og:image:width\" content=\"1200\" \/>\n\t<meta property=\"og:image:height\" content=\"630\" \/>\n\t<meta property=\"og:image:type\" content=\"image\/png\" \/>\n<meta name=\"twitter:card\" content=\"summary_large_image\" \/>\n<meta name=\"twitter:label1\" content=\"Est. reading time\" \/>\n\t<meta name=\"twitter:data1\" content=\"2 minutes\" \/>\n<script type=\"application\/ld+json\" class=\"yoast-schema-graph\">{\"@context\":\"https:\/\/schema.org\",\"@graph\":[{\"@type\":\"WebPage\",\"@id\":\"https:\/\/fundacaofhc.org.br\/en\/the-fundacao\/\",\"url\":\"https:\/\/fundacaofhc.org.br\/en\/the-fundacao\/\",\"name\":\"A forum for inclusive and informed dialogue | Funda\u00e7\u00e3o FHC\",\"isPartOf\":{\"@id\":\"https:\/\/fundacaofhc.org.br\/en\/#website\"},\"datePublished\":\"2024-05-08T01:38:18+00:00\",\"dateModified\":\"2026-03-23T16:08:30+00:00\",\"breadcrumb\":{\"@id\":\"https:\/\/fundacaofhc.org.br\/en\/the-fundacao\/#breadcrumb\"},\"inLanguage\":\"en-US\",\"potentialAction\":[{\"@type\":\"ReadAction\",\"target\":[\"https:\/\/fundacaofhc.org.br\/en\/the-fundacao\/\"]}]},{\"@type\":\"BreadcrumbList\",\"@id\":\"https:\/\/fundacaofhc.org.br\/en\/the-fundacao\/#breadcrumb\",\"itemListElement\":[{\"@type\":\"ListItem\",\"position\":1,\"name\":\"Home\",\"item\":\"https:\/\/fundacaofhc.org.br\/en\/\"},{\"@type\":\"ListItem\",\"position\":2,\"name\":\"A space for qualified and plural dialogue\"}]},{\"@type\":\"WebSite\",\"@id\":\"https:\/\/fundacaofhc.org.br\/en\/#website\",\"url\":\"https:\/\/fundacaofhc.org.br\/en\/\",\"name\":\"Funda\u00e7\u00e3o FHC\",\"description\":\"Um lugar de debates sobre democracia e desenvolvimento\",\"publisher\":{\"@id\":\"https:\/\/fundacaofhc.org.br\/en\/#organization\"},\"potentialAction\":[{\"@type\":\"SearchAction\",\"target\":{\"@type\":\"EntryPoint\",\"urlTemplate\":\"https:\/\/fundacaofhc.org.br\/en\/?s={search_term_string}\"},\"query-input\":{\"@type\":\"PropertyValueSpecification\",\"valueRequired\":true,\"valueName\":\"search_term_string\"}}],\"inLanguage\":\"en-US\"},{\"@type\":\"Organization\",\"@id\":\"https:\/\/fundacaofhc.org.br\/en\/#organization\",\"name\":\"Funda\u00e7\u00e3o Fernando Henrique Cardoso\",\"alternateName\":\"Funda\u00e7\u00e3o FHC\",\"url\":\"https:\/\/fundacaofhc.org.br\/en\/\",\"logo\":{\"@type\":\"ImageObject\",\"inLanguage\":\"en-US\",\"@id\":\"https:\/\/fundacaofhc.org.br\/en\/#\/schema\/logo\/image\/\",\"url\":\"https:\/\/fundacaofhc.org.br\/wp-content\/uploads\/2024\/05\/favicon.png\",\"contentUrl\":\"https:\/\/fundacaofhc.org.br\/wp-content\/uploads\/2024\/05\/favicon.png\",\"width\":512,\"height\":512,\"caption\":\"Funda\u00e7\u00e3o Fernando Henrique Cardoso\"},\"image\":{\"@id\":\"https:\/\/fundacaofhc.org.br\/en\/#\/schema\/logo\/image\/\"},\"sameAs\":[\"https:\/\/www.facebook.com\/fundacaoFHC\/\",\"https:\/\/www.linkedin.com\/company\/fundao-instituto-fernando-henrique-cardoso\",\"https:\/\/www.instagram.com\/fundacaofhc\/\",\"https:\/\/twitter.com\/fundacaofhc\",\"https:\/\/www.youtube.com\/FundacaoInstitutoFHC\"]}]}<\/script>\n<!-- \/ Yoast SEO plugin. -->","yoast_head_json":{"title":"A forum for inclusive and informed dialogue | Funda\u00e7\u00e3o FHC","robots":{"index":"index","follow":"follow","max-snippet":"max-snippet:-1","max-image-preview":"max-image-preview:large","max-video-preview":"max-video-preview:-1"},"canonical":"https:\/\/fundacaofhc.org.br\/en\/the-fundacao\/","og_locale":"en_US","og_type":"article","og_title":"A forum for inclusive and informed dialogue | Funda\u00e7\u00e3o FHC","og_description":"After 20 years, the Funda\u00e7\u00e3o FHC has begun a new cycle of contributions to the country.\u00a0 At the close of his presidency, Fernando Henrique Cardoso (fondly remembered as FHC) founded this institution, inspired by similar organizations tied to former leaders in Europe and the United States: \u201cI wanted it to be not just a center...","og_url":"https:\/\/fundacaofhc.org.br\/en\/the-fundacao\/","og_site_name":"Funda\u00e7\u00e3o FHC","article_publisher":"https:\/\/www.facebook.com\/fundacaoFHC\/","article_modified_time":"2026-03-23T16:08:30+00:00","og_image":[{"width":1200,"height":630,"url":"https:\/\/fundacaofhc.org.br\/wp-content\/uploads\/2024\/08\/share-image.png","type":"image\/png"}],"twitter_card":"summary_large_image","twitter_misc":{"Est. reading time":"2 minutes"},"schema":{"@context":"https:\/\/schema.org","@graph":[{"@type":"WebPage","@id":"https:\/\/fundacaofhc.org.br\/en\/the-fundacao\/","url":"https:\/\/fundacaofhc.org.br\/en\/the-fundacao\/","name":"A forum for inclusive and informed dialogue | Funda\u00e7\u00e3o FHC","isPartOf":{"@id":"https:\/\/fundacaofhc.org.br\/en\/#website"},"datePublished":"2024-05-08T01:38:18+00:00","dateModified":"2026-03-23T16:08:30+00:00","breadcrumb":{"@id":"https:\/\/fundacaofhc.org.br\/en\/the-fundacao\/#breadcrumb"},"inLanguage":"en-US","potentialAction":[{"@type":"ReadAction","target":["https:\/\/fundacaofhc.org.br\/en\/the-fundacao\/"]}]},{"@type":"BreadcrumbList","@id":"https:\/\/fundacaofhc.org.br\/en\/the-fundacao\/#breadcrumb","itemListElement":[{"@type":"ListItem","position":1,"name":"Home","item":"https:\/\/fundacaofhc.org.br\/en\/"},{"@type":"ListItem","position":2,"name":"A space for qualified and plural dialogue"}]},{"@type":"WebSite","@id":"https:\/\/fundacaofhc.org.br\/en\/#website","url":"https:\/\/fundacaofhc.org.br\/en\/","name":"Funda\u00e7\u00e3o FHC","description":"Um lugar de debates sobre democracia e desenvolvimento","publisher":{"@id":"https:\/\/fundacaofhc.org.br\/en\/#organization"},"potentialAction":[{"@type":"SearchAction","target":{"@type":"EntryPoint","urlTemplate":"https:\/\/fundacaofhc.org.br\/en\/?s={search_term_string}"},"query-input":{"@type":"PropertyValueSpecification","valueRequired":true,"valueName":"search_term_string"}}],"inLanguage":"en-US"},{"@type":"Organization","@id":"https:\/\/fundacaofhc.org.br\/en\/#organization","name":"Funda\u00e7\u00e3o Fernando Henrique Cardoso","alternateName":"Funda\u00e7\u00e3o FHC","url":"https:\/\/fundacaofhc.org.br\/en\/","logo":{"@type":"ImageObject","inLanguage":"en-US","@id":"https:\/\/fundacaofhc.org.br\/en\/#\/schema\/logo\/image\/","url":"https:\/\/fundacaofhc.org.br\/wp-content\/uploads\/2024\/05\/favicon.png","contentUrl":"https:\/\/fundacaofhc.org.br\/wp-content\/uploads\/2024\/05\/favicon.png","width":512,"height":512,"caption":"Funda\u00e7\u00e3o Fernando Henrique Cardoso"},"image":{"@id":"https:\/\/fundacaofhc.org.br\/en\/#\/schema\/logo\/image\/"},"sameAs":["https:\/\/www.facebook.com\/fundacaoFHC\/","https:\/\/www.linkedin.com\/company\/fundao-instituto-fernando-henrique-cardoso","https:\/\/www.instagram.com\/fundacaofhc\/","https:\/\/twitter.com\/fundacaofhc","https:\/\/www.youtube.com\/FundacaoInstitutoFHC"]}]}},"_links":{"self":[{"href":"https:\/\/fundacaofhc.org.br\/en\/wp-json\/wp\/v2\/pages\/16828","targetHints":{"allow":["GET"]}}],"collection":[{"href":"https:\/\/fundacaofhc.org.br\/en\/wp-json\/wp\/v2\/pages"}],"about":[{"href":"https:\/\/fundacaofhc.org.br\/en\/wp-json\/wp\/v2\/types\/page"}],"author":[{"embeddable":true,"href":"https:\/\/fundacaofhc.org.br\/en\/wp-json\/wp\/v2\/users\/1"}],"replies":[{"embeddable":true,"href":"https:\/\/fundacaofhc.org.br\/en\/wp-json\/wp\/v2\/comments?post=16828"}],"version-history":[{"count":1,"href":"https:\/\/fundacaofhc.org.br\/en\/wp-json\/wp\/v2\/pages\/16828\/revisions"}],"predecessor-version":[{"id":26528,"href":"https:\/\/fundacaofhc.org.br\/en\/wp-json\/wp\/v2\/pages\/16828\/revisions\/26528"}],"wp:attachment":[{"href":"https:\/\/fundacaofhc.org.br\/en\/wp-json\/wp\/v2\/media?parent=16828"}],"curies":[{"name":"wp","href":"https:\/\/api.w.org\/{rel}","templated":true}]}}